{"id":1786,"date":"2023-02-17T18:38:14","date_gmt":"2023-02-17T18:38:14","guid":{"rendered":"https:\/\/www.rayuelakids.com\/es\/?page_id=1786"},"modified":"2023-03-01T00:02:27","modified_gmt":"2023-03-01T00:02:27","slug":"preguntas-frequentes-faqs","status":"publish","type":"page","link":"https:\/\/rayuelakids.com\/es\/preguntas-frequentes-faqs\/","title":{"rendered":"Preguntas Frequentes (FAQs)"},"content":{"rendered":"\n<p class=\"has-large-font-size\"><strong>\u00bfEn que material estan realizados los productos?<\/strong><\/p>\n\n\n\n<p class=\"has-medium-font-size\">&#8211; En dralon y algod\u00f3n, 100% hipoalerg\u00e9nicos <\/p>\n\n\n\n<p class=\"has-large-font-size\"><strong>\u00bf Tiempo de entrega del pedido?<\/strong><\/p>\n\n\n\n<p class=\"has-medium-font-size\">-6 d\u00edas laborables.-<\/p>\n\n\n\n<p><\/p>\n\n\n\n<p class=\"has-large-font-size\"><strong>\u00bfHay devoluciones?<\/strong><\/p>\n\n\n\n<p><a href=\"https:\/\/rayuelakids.com\/es\/politica-de-cambio\/\">&#8211; Leer nuestra pol\u00edtica de cambio<\/a>&#8211;<\/p>\n\n\n\n<p><\/p>\n\n\n\n<p class=\"has-large-font-size\"><strong>\u00bf Se puede hacer un bordado personalizado a la manta?<\/strong><\/p>\n\n\n\n<p class=\"has-medium-font-size\">&#8211; Si. Con un precio adjuntivo de $7.- debe agregar el carrito el producto: \u00abpersonalizaci\u00f3n \u00ab<\/p>\n\n\n\n<p class=\"has-medium-font-size\">&#8211; Tiempo de entrega 10 dias laborables, <\/p>\n\n\n\n<p><\/p>\n\n\n\n<p class=\"has-large-font-size\"><strong>\u00bf No logro hacer la orden en la p\u00e1gina online, que hago?<\/strong><\/p>\n\n\n\n<p class=\"has-medium-font-size\">&#8211; Ning\u00fan problema. Puede comunicarse con nosotros y le enviaremos el link de pago- en nuestra pagina web tiene acceso directo a nuestro servicio al cliente v\u00eda WhatsApp <\/p>\n\n\n\n<p><\/p>\n\n\n\n<p class=\"has-large-font-size\"><strong>\u00bf \u00bfLa caja de regalo de mi beb\u00e9 se env\u00eda como se muestra?<\/strong><\/p>\n\n\n\n<p class=\"has-medium-font-size\">&#8211; Absolutamente s\u00ed. Te entreg\u00e1remos lo que has visto y elegido sin ninguna alteraci\u00f3n.-<\/p>\n\n\n\n<p><\/p>\n\n\n\n<p class=\"has-large-font-size\"><strong>\u00bf Hacen entrega directamente a cl\u00ednicas o hospitales?<\/strong><\/p>\n\n\n\n<p class=\"has-medium-font-size\">&#8211; Desde Luego. Basta comunicar la direcci\u00f3n del hospital\/cl\u00ednico- ( solo aplica para Rep\u00fablica Dominicana)<\/p>\n\n\n\n<p class=\"has-large-font-size\"><strong>El n\u00famero de rastreo me dice que el paquete ha sido entregado, pero nunca lo he recibido. \u00bfQue hago?<\/strong><\/p>\n\n\n\n<p class=\"has-medium-font-size\">&#8211; Contactanos : info@rayuelakids.com o +1  829 840 6927-<\/p>\n\n\n\n<p>&#8211; <\/p>\n","protected":false},"excerpt":{"rendered":"<p>\u00bfEn que material estan realizados los productos? &#8211; En dralon y algod\u00f3n, 100% hipoalerg\u00e9nicos \u00bf Tiempo de entrega del pedido? -6 d\u00edas laborables.- \u00bfHay devoluciones? &#8211; Leer nuestra pol\u00edtica de cambio&#8211; \u00bf Se puede hacer un bordado personalizado a la manta? &#8211; Si. Con un precio adjuntivo de $7.- debe agregar el carrito el producto: \u00abpersonalizaci\u00f3n \u00ab &#8211; Tiempo de entrega 10 dias laborables, \u00bf No logro hacer la orden en la p\u00e1gina online, que hago? &#8211; Ning\u00fan problema. Puede comunicarse con nosotros y le enviaremos el link de pago- en nuestra pagina web tiene acceso directo a nuestro servicio al cliente v\u00eda WhatsApp \u00bf \u00bfLa caja de regalo de mi beb\u00e9 se env\u00eda como se muestra? &#8211; Absolutamente s\u00ed. Te entreg\u00e1remos lo que has visto y elegido sin ninguna alteraci\u00f3n.- \u00bf Hacen entrega directamente a cl\u00ednicas o hospitales? &#8211; Desde Luego. Basta comunicar la direcci\u00f3n del hospital\/cl\u00ednico- ( solo aplica para Rep\u00fablica Dominicana) El n\u00famero de rastreo me dice que el paquete ha sido entregado, pero nunca lo he recibido. \u00bfQue hago? &#8211; Contactanos : info@rayuelakids.com o +1 829 840 6927- &#8211;<\/p>\n","protected":false},"author":1,"featured_media":0,"parent":0,"menu_order":0,"comment_status":"closed","ping_status":"closed","template":"","meta":{"inline_featured_image":false,"_joinchat":[],"footnotes":""},"class_list":["post-1786","page","type-page","status-publish","hentry"],"yoast_head":"<!-- This site is optimized with the Yoast SEO plugin v27.4 - https:\/\/yoast.com\/product\/yoast-seo-wordpress\/ -->\n<title>Preguntas Frequentes (FAQs)<\/title>\n<meta name=\"robots\" content=\"index, follow, max-snippet:-1, max-image-preview:large, max-video-preview:-1\" \/>\n<link rel=\"canonical\" href=\"https:\/\/rayuelakids.com\/es\/preguntas-frequentes-faqs\/\" \/>\n<meta property=\"og:locale\" content=\"es_ES\" \/>\n<meta property=\"og:type\" content=\"article\" \/>\n<meta property=\"og:title\" content=\"Preguntas Frequentes (FAQs)\" \/>\n<meta property=\"og:description\" content=\"\u00bfEn que material estan realizados los productos? &#8211; En dralon y algod\u00f3n, 100% hipoalerg\u00e9nicos \u00bf Tiempo de entrega del pedido? -6 d\u00edas laborables.- \u00bfHay devoluciones? &#8211; Leer nuestra pol\u00edtica de cambio&#8211; \u00bf Se puede hacer un bordado personalizado a la manta? &#8211; Si. Con un precio adjuntivo de $7.- debe agregar el carrito el producto: \u00abpersonalizaci\u00f3n \u00ab &#8211; Tiempo de entrega 10 dias laborables, \u00bf No logro hacer la orden en la p\u00e1gina online, que hago? &#8211; Ning\u00fan problema. Puede comunicarse con nosotros y le enviaremos el link de pago- en nuestra pagina web tiene acceso directo a nuestro servicio al cliente v\u00eda WhatsApp \u00bf \u00bfLa caja de regalo de mi beb\u00e9 se env\u00eda como se muestra? &#8211; Absolutamente s\u00ed. Te entreg\u00e1remos lo que has visto y elegido sin ninguna alteraci\u00f3n.- \u00bf Hacen entrega directamente a cl\u00ednicas o hospitales? &#8211; Desde Luego. Basta comunicar la direcci\u00f3n del hospital\/cl\u00ednico- ( solo aplica para Rep\u00fablica Dominicana) El n\u00famero de rastreo me dice que el paquete ha sido entregado, pero nunca lo he recibido. \u00bfQue hago? &#8211; Contactanos : info@rayuelakids.com o +1 829 840 6927- &#8211;\" \/>\n<meta property=\"og:url\" content=\"https:\/\/rayuelakids.com\/es\/preguntas-frequentes-faqs\/\" \/>\n<meta property=\"article:publisher\" content=\"https:\/\/web.facebook.com\/rayuela\" \/>\n<meta property=\"article:modified_time\" content=\"2023-03-01T00:02:27+00:00\" \/>\n<meta name=\"twitter:card\" content=\"summary_large_image\" \/>\n<meta name=\"twitter:label1\" content=\"Tiempo de lectura\" \/>\n\t<meta name=\"twitter:data1\" content=\"1 minuto\" \/>\n<script type=\"application\/ld+json\" class=\"yoast-schema-graph\">{\"@context\":\"https:\\\/\\\/schema.org\",\"@graph\":[{\"@type\":\"WebPage\",\"@id\":\"https:\\\/\\\/rayuelakids.com\\\/es\\\/preguntas-frequentes-faqs\\\/\",\"url\":\"https:\\\/\\\/rayuelakids.com\\\/es\\\/preguntas-frequentes-faqs\\\/\",\"name\":\"Preguntas Frequentes (FAQs)\",\"isPartOf\":{\"@id\":\"https:\\\/\\\/rayuelakids.com\\\/es\\\/#website\"},\"datePublished\":\"2023-02-17T18:38:14+00:00\",\"dateModified\":\"2023-03-01T00:02:27+00:00\",\"breadcrumb\":{\"@id\":\"https:\\\/\\\/rayuelakids.com\\\/es\\\/preguntas-frequentes-faqs\\\/#breadcrumb\"},\"inLanguage\":\"es\",\"potentialAction\":[{\"@type\":\"ReadAction\",\"target\":[\"https:\\\/\\\/rayuelakids.com\\\/es\\\/preguntas-frequentes-faqs\\\/\"]}]},{\"@type\":\"BreadcrumbList\",\"@id\":\"https:\\\/\\\/rayuelakids.com\\\/es\\\/preguntas-frequentes-faqs\\\/#breadcrumb\",\"itemListElement\":[{\"@type\":\"ListItem\",\"position\":1,\"name\":\"Portada\",\"item\":\"https:\\\/\\\/rayuelakids.com\\\/es\\\/\"},{\"@type\":\"ListItem\",\"position\":2,\"name\":\"Preguntas Frequentes (FAQs)\"}]},{\"@type\":\"WebSite\",\"@id\":\"https:\\\/\\\/rayuelakids.com\\\/es\\\/#website\",\"url\":\"https:\\\/\\\/rayuelakids.com\\\/es\\\/\",\"name\":\"Rayuela Kids\",\"description\":\"Moda Infantil\",\"publisher\":{\"@id\":\"https:\\\/\\\/rayuelakids.com\\\/es\\\/#organization\"},\"alternateName\":\"RayuelaKids\",\"potentialAction\":[{\"@type\":\"SearchAction\",\"target\":{\"@type\":\"EntryPoint\",\"urlTemplate\":\"https:\\\/\\\/rayuelakids.com\\\/es\\\/?s={search_term_string}\"},\"query-input\":{\"@type\":\"PropertyValueSpecification\",\"valueRequired\":true,\"valueName\":\"search_term_string\"}}],\"inLanguage\":\"es\"},{\"@type\":\"Organization\",\"@id\":\"https:\\\/\\\/rayuelakids.com\\\/es\\\/#organization\",\"name\":\"Rayuela Kids\",\"url\":\"https:\\\/\\\/rayuelakids.com\\\/es\\\/\",\"logo\":{\"@type\":\"ImageObject\",\"inLanguage\":\"es\",\"@id\":\"https:\\\/\\\/rayuelakids.com\\\/es\\\/#\\\/schema\\\/logo\\\/image\\\/\",\"url\":\"https:\\\/\\\/rayuelakids.com\\\/es\\\/wp-content\\\/uploads\\\/2022\\\/03\\\/cropped-Rayulea-logo-version-horizontal-scaled-1-e1647744456320.jpg\",\"contentUrl\":\"https:\\\/\\\/rayuelakids.com\\\/es\\\/wp-content\\\/uploads\\\/2022\\\/03\\\/cropped-Rayulea-logo-version-horizontal-scaled-1-e1647744456320.jpg\",\"width\":800,\"height\":300,\"caption\":\"Rayuela Kids\"},\"image\":{\"@id\":\"https:\\\/\\\/rayuelakids.com\\\/es\\\/#\\\/schema\\\/logo\\\/image\\\/\"},\"sameAs\":[\"https:\\\/\\\/web.facebook.com\\\/rayuela\",\"https:\\\/\\\/www.instagram.com\\\/rayuelakids\\\/?hl=en\"]}]}<\/script>\n<!-- \/ Yoast SEO plugin. -->","yoast_head_json":{"title":"Preguntas Frequentes (FAQs)","robots":{"index":"index","follow":"follow","max-snippet":"max-snippet:-1","max-image-preview":"max-image-preview:large","max-video-preview":"max-video-preview:-1"},"canonical":"https:\/\/rayuelakids.com\/es\/preguntas-frequentes-faqs\/","og_locale":"es_ES","og_type":"article","og_title":"Preguntas Frequentes (FAQs)","og_description":"\u00bfEn que material estan realizados los productos? &#8211; En dralon y algod\u00f3n, 100% hipoalerg\u00e9nicos \u00bf Tiempo de entrega del pedido? -6 d\u00edas laborables.- \u00bfHay devoluciones? &#8211; Leer nuestra pol\u00edtica de cambio&#8211; \u00bf Se puede hacer un bordado personalizado a la manta? &#8211; Si. Con un precio adjuntivo de $7.- debe agregar el carrito el producto: \u00abpersonalizaci\u00f3n \u00ab &#8211; Tiempo de entrega 10 dias laborables, \u00bf No logro hacer la orden en la p\u00e1gina online, que hago? &#8211; Ning\u00fan problema. Puede comunicarse con nosotros y le enviaremos el link de pago- en nuestra pagina web tiene acceso directo a nuestro servicio al cliente v\u00eda WhatsApp \u00bf \u00bfLa caja de regalo de mi beb\u00e9 se env\u00eda como se muestra? &#8211; Absolutamente s\u00ed. Te entreg\u00e1remos lo que has visto y elegido sin ninguna alteraci\u00f3n.- \u00bf Hacen entrega directamente a cl\u00ednicas o hospitales? &#8211; Desde Luego. Basta comunicar la direcci\u00f3n del hospital\/cl\u00ednico- ( solo aplica para Rep\u00fablica Dominicana) El n\u00famero de rastreo me dice que el paquete ha sido entregado, pero nunca lo he recibido. \u00bfQue hago? &#8211; Contactanos : info@rayuelakids.com o +1 829 840 6927- &#8211;","og_url":"https:\/\/rayuelakids.com\/es\/preguntas-frequentes-faqs\/","article_publisher":"https:\/\/web.facebook.com\/rayuela","article_modified_time":"2023-03-01T00:02:27+00:00","twitter_card":"summary_large_image","twitter_misc":{"Tiempo de lectura":"1 minuto"},"schema":{"@context":"https:\/\/schema.org","@graph":[{"@type":"WebPage","@id":"https:\/\/rayuelakids.com\/es\/preguntas-frequentes-faqs\/","url":"https:\/\/rayuelakids.com\/es\/preguntas-frequentes-faqs\/","name":"Preguntas Frequentes (FAQs)","isPartOf":{"@id":"https:\/\/rayuelakids.com\/es\/#website"},"datePublished":"2023-02-17T18:38:14+00:00","dateModified":"2023-03-01T00:02:27+00:00","breadcrumb":{"@id":"https:\/\/rayuelakids.com\/es\/preguntas-frequentes-faqs\/#breadcrumb"},"inLanguage":"es","potentialAction":[{"@type":"ReadAction","target":["https:\/\/rayuelakids.com\/es\/preguntas-frequentes-faqs\/"]}]},{"@type":"BreadcrumbList","@id":"https:\/\/rayuelakids.com\/es\/preguntas-frequentes-faqs\/#breadcrumb","itemListElement":[{"@type":"ListItem","position":1,"name":"Portada","item":"https:\/\/rayuelakids.com\/es\/"},{"@type":"ListItem","position":2,"name":"Preguntas Frequentes (FAQs)"}]},{"@type":"WebSite","@id":"https:\/\/rayuelakids.com\/es\/#website","url":"https:\/\/rayuelakids.com\/es\/","name":"Rayuela Kids","description":"Moda Infantil","publisher":{"@id":"https:\/\/rayuelakids.com\/es\/#organization"},"alternateName":"RayuelaKids","potentialAction":[{"@type":"SearchAction","target":{"@type":"EntryPoint","urlTemplate":"https:\/\/rayuelakids.com\/es\/?s={search_term_string}"},"query-input":{"@type":"PropertyValueSpecification","valueRequired":true,"valueName":"search_term_string"}}],"inLanguage":"es"},{"@type":"Organization","@id":"https:\/\/rayuelakids.com\/es\/#organization","name":"Rayuela Kids","url":"https:\/\/rayuelakids.com\/es\/","logo":{"@type":"ImageObject","inLanguage":"es","@id":"https:\/\/rayuelakids.com\/es\/#\/schema\/logo\/image\/","url":"https:\/\/rayuelakids.com\/es\/wp-content\/uploads\/2022\/03\/cropped-Rayulea-logo-version-horizontal-scaled-1-e1647744456320.jpg","contentUrl":"https:\/\/rayuelakids.com\/es\/wp-content\/uploads\/2022\/03\/cropped-Rayulea-logo-version-horizontal-scaled-1-e1647744456320.jpg","width":800,"height":300,"caption":"Rayuela Kids"},"image":{"@id":"https:\/\/rayuelakids.com\/es\/#\/schema\/logo\/image\/"},"sameAs":["https:\/\/web.facebook.com\/rayuela","https:\/\/www.instagram.com\/rayuelakids\/?hl=en"]}]}},"_links":{"self":[{"href":"https:\/\/rayuelakids.com\/es\/wp-json\/wp\/v2\/pages\/1786","targetHints":{"allow":["GET"]}}],"collection":[{"href":"https:\/\/rayuelakids.com\/es\/wp-json\/wp\/v2\/pages"}],"about":[{"href":"https:\/\/rayuelakids.com\/es\/wp-json\/wp\/v2\/types\/page"}],"author":[{"embeddable":true,"href":"https:\/\/rayuelakids.com\/es\/wp-json\/wp\/v2\/users\/1"}],"replies":[{"embeddable":true,"href":"https:\/\/rayuelakids.com\/es\/wp-json\/wp\/v2\/comments?post=1786"}],"version-history":[{"count":0,"href":"https:\/\/rayuelakids.com\/es\/wp-json\/wp\/v2\/pages\/1786\/revisions"}],"wp:attachment":[{"href":"https:\/\/rayuelakids.com\/es\/wp-json\/wp\/v2\/media?parent=1786"}],"curies":[{"name":"wp","href":"https:\/\/api.w.org\/{rel}","templated":true}]}}