{"id":3336,"date":"2023-08-15T05:58:09","date_gmt":"2023-08-15T05:58:09","guid":{"rendered":"https:\/\/www.rayuelakids.com\/es\/?page_id=3336"},"modified":"2026-01-28T20:52:09","modified_gmt":"2026-01-28T20:52:09","slug":"conocenos","status":"publish","type":"page","link":"https:\/\/rayuelakids.com\/es\/conocenos\/","title":{"rendered":"Con\u00f3cenos"},"content":{"rendered":"\t\t<div data-elementor-type=\"wp-page\" data-elementor-id=\"3336\" class=\"elementor elementor-3336\" data-elementor-post-type=\"page\">\n\t\t\t\t\t\t<section class=\"elementor-section elementor-top-section elementor-element elementor-element-2208c498 elementor-section-content-middle elementor-section-boxed elementor-section-height-default elementor-section-height-default wpr-particle-no wpr-jarallax-no wpr-parallax-no wpr-sticky-section-no wpr-equal-height-no\" data-id=\"2208c498\" data-element_type=\"section\" data-e-type=\"section\" data-settings=\"{&quot;background_background&quot;:&quot;classic&quot;}\">\n\t\t\t\t\t\t\t<div class=\"elementor-background-overlay\"><\/div>\n\t\t\t\t\t\t\t<div class=\"elementor-container elementor-column-gap-no\">\n\t\t\t\t\t<div class=\"elementor-column elementor-col-100 elementor-top-column elementor-element elementor-element-44769bb1\" data-id=\"44769bb1\" data-element_type=\"column\" data-e-type=\"column\">\n\t\t\t<div class=\"elementor-widget-wrap elementor-element-populated\">\n\t\t\t\t\t\t<div class=\"elementor-element elementor-element-479ccff5 elementor-widget elementor-widget-heading\" data-id=\"479ccff5\" data-element_type=\"widget\" data-e-type=\"widget\" data-widget_type=\"heading.default\">\n\t\t\t\t<div class=\"elementor-widget-container\">\n\t\t\t\t\t<h1 class=\"elementor-heading-title elementor-size-default\">Qui\u00e9nes Somos<\/h1>\t\t\t\t<\/div>\n\t\t\t\t<\/div>\n\t\t\t\t\t<\/div>\n\t\t<\/div>\n\t\t\t\t\t<\/div>\n\t\t<\/section>\n\t\t\t\t<section class=\"elementor-section elementor-top-section elementor-element elementor-element-40f18bd3 elementor-section-boxed elementor-section-height-default elementor-section-height-default wpr-particle-no wpr-jarallax-no wpr-parallax-no wpr-sticky-section-no wpr-equal-height-no\" data-id=\"40f18bd3\" data-element_type=\"section\" data-e-type=\"section\">\n\t\t\t\t\t\t<div class=\"elementor-container elementor-column-gap-default\">\n\t\t\t\t\t<div class=\"elementor-column elementor-col-50 elementor-top-column elementor-element elementor-element-56f74fab\" data-id=\"56f74fab\" data-element_type=\"column\" data-e-type=\"column\" data-settings=\"{&quot;animation&quot;:&quot;none&quot;}\">\n\t\t\t<div class=\"elementor-widget-wrap elementor-element-populated\">\n\t\t\t\t\t\t<div class=\"elementor-element elementor-element-32cfdbe2 elementor-widget elementor-widget-image\" data-id=\"32cfdbe2\" data-element_type=\"widget\" data-e-type=\"widget\" data-widget_type=\"image.default\">\n\t\t\t\t<div class=\"elementor-widget-container\">\n\t\t\t\t\t\t\t\t\t\t\t\t\t\t\t<img fetchpriority=\"high\" decoding=\"async\" width=\"490\" height=\"667\" src=\"https:\/\/rayuelakids.com\/es\/wp-content\/uploads\/2025\/12\/Arquitecta-Julissa-Peralta.jpg\" class=\"attachment-large size-large wp-image-10940\" alt=\"\" \/>\t\t\t\t\t\t\t\t\t\t\t\t\t\t\t<\/div>\n\t\t\t\t<\/div>\n\t\t\t\t\t<\/div>\n\t\t<\/div>\n\t\t\t\t<div class=\"elementor-column elementor-col-50 elementor-top-column elementor-element elementor-element-6451b9e7\" data-id=\"6451b9e7\" data-element_type=\"column\" data-e-type=\"column\">\n\t\t\t<div class=\"elementor-widget-wrap elementor-element-populated\">\n\t\t\t\t\t\t<div class=\"elementor-element elementor-element-195a8d0 elementor-widget elementor-widget-heading\" data-id=\"195a8d0\" data-element_type=\"widget\" data-e-type=\"widget\" data-settings=\"{&quot;_animation&quot;:&quot;none&quot;}\" data-widget_type=\"heading.default\">\n\t\t\t\t<div class=\"elementor-widget-container\">\n\t\t\t\t\t<h2 class=\"elementor-heading-title elementor-size-default\">Nuestra historia<\/h2>\t\t\t\t<\/div>\n\t\t\t\t<\/div>\n\t\t\t\t<div class=\"elementor-element elementor-element-26948f43 elementor-widget elementor-widget-text-editor\" data-id=\"26948f43\" data-element_type=\"widget\" data-e-type=\"widget\" data-settings=\"{&quot;_animation&quot;:&quot;none&quot;}\" data-widget_type=\"text-editor.default\">\n\t\t\t\t<div class=\"elementor-widget-container\">\n\t\t\t\t\t\t\t\t\t<p>Rayuela Kids es una tienda f\u00edsica y online especializada en primeras puestas y ropas para ni\u00f1os hasta 6 a\u00f1os. Todos nuestros productos son fabricados en Espa\u00f1a y Portugal.<\/p>\n<p>Rayuela naci\u00f3 en 2011 de la mano de Julissa Peralta. Su pasi\u00f3n por los ni\u00f1os la acerc\u00f3 a una carrera en la moda infantil. Pronto se convirti\u00f3 en dise\u00f1adora de moda infantil y su \u00e9xito no se hizo esperar.<\/p>\n<p>Julissa es una arquitecta y estilista dominicana, cuyos dise\u00f1os se caracterizan por ser estilo cl\u00e1sico con toques acorde a la moda actual, cortes sencillos y l\u00edneas definidas. A los 16 a\u00f1os estudi\u00f3 dise\u00f1o de moda en el Centro Integral Adolfina Lluberes y Arquitectura en la Universidad Pedro Henr\u00edquez Ure\u00f1a.<\/p>\n<p>En 2011 vuelve al fascinante mundo de la moda de la mano de la firma de moda Rayuela Kids. Su inspiraci\u00f3n son los ni\u00f1os a los que considera su musa, ya que le permite ser muy creativa, juega con los colores, las texturas, para ella el mundo de los ni\u00f1os est\u00e1 lleno de fantas\u00edas y cada vez que dibuja la ni\u00f1a que lleva dentro ella sale a relucir.<\/p>\t\t\t\t\t\t\t\t<\/div>\n\t\t\t\t<\/div>\n\t\t\t\t\t<\/div>\n\t\t<\/div>\n\t\t\t\t\t<\/div>\n\t\t<\/section>\n\t\t\t\t<section class=\"elementor-section elementor-top-section elementor-element elementor-element-2c25f3fb elementor-section-boxed elementor-section-height-default elementor-section-height-default wpr-particle-no wpr-jarallax-no wpr-parallax-no wpr-sticky-section-no wpr-equal-height-no\" data-id=\"2c25f3fb\" data-element_type=\"section\" data-e-type=\"section\" data-settings=\"{&quot;background_background&quot;:&quot;classic&quot;}\">\n\t\t\t\t\t\t<div class=\"elementor-container elementor-column-gap-no\">\n\t\t\t\t\t<div class=\"elementor-column elementor-col-100 elementor-top-column elementor-element elementor-element-220ffeda\" data-id=\"220ffeda\" data-element_type=\"column\" data-e-type=\"column\">\n\t\t\t<div class=\"elementor-widget-wrap elementor-element-populated\">\n\t\t\t\t\t\t<div class=\"elementor-element elementor-element-3bc67e8a elementor-view-default elementor-widget elementor-widget-icon\" data-id=\"3bc67e8a\" data-element_type=\"widget\" data-e-type=\"widget\" data-widget_type=\"icon.default\">\n\t\t\t\t<div class=\"elementor-widget-container\">\n\t\t\t\t\t\t\t<div class=\"elementor-icon-wrapper\">\n\t\t\t<div class=\"elementor-icon\">\n\t\t\t<i aria-hidden=\"true\" class=\"fas fa-quote-left\"><\/i>\t\t\t<\/div>\n\t\t<\/div>\n\t\t\t\t\t\t<\/div>\n\t\t\t\t<\/div>\n\t\t\t\t<div class=\"elementor-element elementor-element-2e71467f elementor-widget elementor-widget-testimonial\" data-id=\"2e71467f\" data-element_type=\"widget\" data-e-type=\"widget\" data-widget_type=\"testimonial.default\">\n\t\t\t\t<div class=\"elementor-widget-container\">\n\t\t\t\t\t\t\t<div class=\"elementor-testimonial-wrapper\">\n\t\t\t\t\t\t\t<div class=\"elementor-testimonial-content\">La visi\u00f3n de nuestra fundadora Julissa Peralta de vestir a los ni\u00f1os combinando los colores de su tierra, la maravillosa Rep\u00fablica Dominicana, con un estilo fuertemente europeo la catapult\u00f3 a muchos pa\u00edses, como Nueva York que hace desfiles de moda.<\/div>\n\t\t\t\n\t\t\t\t\t<\/div>\n\t\t\t\t\t\t<\/div>\n\t\t\t\t<\/div>\n\t\t\t\t\t<\/div>\n\t\t<\/div>\n\t\t\t\t\t<\/div>\n\t\t<\/section>\n\t\t\t\t<\/div>\n\t\t","protected":false},"excerpt":{"rendered":"<p>Qui\u00e9nes Somos Nuestra historia Rayuela Kids es una tienda f\u00edsica y online especializada en primeras puestas y ropas para ni\u00f1os hasta 6 a\u00f1os. Todos nuestros productos son fabricados en Espa\u00f1a y Portugal. Rayuela naci\u00f3 en 2011 de la mano de Julissa Peralta. Su pasi\u00f3n por los ni\u00f1os la acerc\u00f3 a una carrera en la moda infantil. Pronto se convirti\u00f3 en dise\u00f1adora de moda infantil y su \u00e9xito no se hizo esperar. Julissa es una arquitecta y estilista dominicana, cuyos dise\u00f1os se caracterizan por ser estilo cl\u00e1sico con toques acorde a la moda actual, cortes sencillos y l\u00edneas definidas. A los 16 a\u00f1os estudi\u00f3 dise\u00f1o de moda en el Centro Integral Adolfina Lluberes y Arquitectura en la Universidad Pedro Henr\u00edquez Ure\u00f1a. En 2011 vuelve al fascinante mundo de la moda de la mano de la firma de moda Rayuela Kids. Su inspiraci\u00f3n son los ni\u00f1os a los que considera su musa, ya que le permite ser muy creativa, juega con los colores, las texturas, para ella el mundo de los ni\u00f1os est\u00e1 lleno de fantas\u00edas y cada vez que dibuja la ni\u00f1a que lleva dentro ella sale a relucir. La visi\u00f3n de nuestra fundadora Julissa Peralta de vestir a los ni\u00f1os combinando los colores de su tierra, la maravillosa Rep\u00fablica Dominicana, con un estilo fuertemente europeo la catapult\u00f3 a muchos pa\u00edses, como Nueva York que hace desfiles de moda.<\/p>\n","protected":false},"author":1,"featured_media":0,"parent":0,"menu_order":0,"comment_status":"closed","ping_status":"closed","template":"","meta":{"inline_featured_image":false,"_joinchat":[],"footnotes":""},"class_list":["post-3336","page","type-page","status-publish","hentry"],"yoast_head":"<!-- This site is optimized with the Yoast SEO plugin v27.4 - https:\/\/yoast.com\/product\/yoast-seo-wordpress\/ -->\n<title>Con\u00f3cenos<\/title>\n<meta name=\"robots\" content=\"index, follow, max-snippet:-1, max-image-preview:large, max-video-preview:-1\" \/>\n<link rel=\"canonical\" href=\"https:\/\/rayuelakids.com\/es\/conocenos\/\" \/>\n<meta property=\"og:locale\" content=\"es_ES\" \/>\n<meta property=\"og:type\" content=\"article\" \/>\n<meta property=\"og:title\" content=\"Con\u00f3cenos\" \/>\n<meta property=\"og:description\" content=\"Qui\u00e9nes Somos Nuestra historia Rayuela Kids es una tienda f\u00edsica y online especializada en primeras puestas y ropas para ni\u00f1os hasta 6 a\u00f1os. Todos nuestros productos son fabricados en Espa\u00f1a y Portugal. Rayuela naci\u00f3 en 2011 de la mano de Julissa Peralta. Su pasi\u00f3n por los ni\u00f1os la acerc\u00f3 a una carrera en la moda infantil. Pronto se convirti\u00f3 en dise\u00f1adora de moda infantil y su \u00e9xito no se hizo esperar. Julissa es una arquitecta y estilista dominicana, cuyos dise\u00f1os se caracterizan por ser estilo cl\u00e1sico con toques acorde a la moda actual, cortes sencillos y l\u00edneas definidas. A los 16 a\u00f1os estudi\u00f3 dise\u00f1o de moda en el Centro Integral Adolfina Lluberes y Arquitectura en la Universidad Pedro Henr\u00edquez Ure\u00f1a. En 2011 vuelve al fascinante mundo de la moda de la mano de la firma de moda Rayuela Kids. Su inspiraci\u00f3n son los ni\u00f1os a los que considera su musa, ya que le permite ser muy creativa, juega con los colores, las texturas, para ella el mundo de los ni\u00f1os est\u00e1 lleno de fantas\u00edas y cada vez que dibuja la ni\u00f1a que lleva dentro ella sale a relucir. La visi\u00f3n de nuestra fundadora Julissa Peralta de vestir a los ni\u00f1os combinando los colores de su tierra, la maravillosa Rep\u00fablica Dominicana, con un estilo fuertemente europeo la catapult\u00f3 a muchos pa\u00edses, como Nueva York que hace desfiles de moda.\" \/>\n<meta property=\"og:url\" content=\"https:\/\/rayuelakids.com\/es\/conocenos\/\" \/>\n<meta property=\"article:publisher\" content=\"https:\/\/web.facebook.com\/rayuela\" \/>\n<meta property=\"article:modified_time\" content=\"2026-01-28T20:52:09+00:00\" \/>\n<meta property=\"og:image\" content=\"https:\/\/rayuelakids.com\/es\/wp-content\/uploads\/2025\/12\/Arquitecta-Julissa-Peralta.jpg\" \/>\n<meta name=\"twitter:card\" content=\"summary_large_image\" \/>\n<meta name=\"twitter:label1\" content=\"Tiempo de lectura\" \/>\n\t<meta name=\"twitter:data1\" content=\"2 minutos\" \/>\n<script type=\"application\/ld+json\" class=\"yoast-schema-graph\">{\"@context\":\"https:\\\/\\\/schema.org\",\"@graph\":[{\"@type\":\"WebPage\",\"@id\":\"https:\\\/\\\/rayuelakids.com\\\/es\\\/conocenos\\\/\",\"url\":\"https:\\\/\\\/rayuelakids.com\\\/es\\\/conocenos\\\/\",\"name\":\"Con\u00f3cenos\",\"isPartOf\":{\"@id\":\"https:\\\/\\\/rayuelakids.com\\\/es\\\/#website\"},\"primaryImageOfPage\":{\"@id\":\"https:\\\/\\\/rayuelakids.com\\\/es\\\/conocenos\\\/#primaryimage\"},\"image\":{\"@id\":\"https:\\\/\\\/rayuelakids.com\\\/es\\\/conocenos\\\/#primaryimage\"},\"thumbnailUrl\":\"https:\\\/\\\/rayuelakids.com\\\/es\\\/wp-content\\\/uploads\\\/2025\\\/12\\\/Arquitecta-Julissa-Peralta.jpg\",\"datePublished\":\"2023-08-15T05:58:09+00:00\",\"dateModified\":\"2026-01-28T20:52:09+00:00\",\"breadcrumb\":{\"@id\":\"https:\\\/\\\/rayuelakids.com\\\/es\\\/conocenos\\\/#breadcrumb\"},\"inLanguage\":\"es\",\"potentialAction\":[{\"@type\":\"ReadAction\",\"target\":[\"https:\\\/\\\/rayuelakids.com\\\/es\\\/conocenos\\\/\"]}]},{\"@type\":\"ImageObject\",\"inLanguage\":\"es\",\"@id\":\"https:\\\/\\\/rayuelakids.com\\\/es\\\/conocenos\\\/#primaryimage\",\"url\":\"https:\\\/\\\/rayuelakids.com\\\/es\\\/wp-content\\\/uploads\\\/2025\\\/12\\\/Arquitecta-Julissa-Peralta.jpg\",\"contentUrl\":\"https:\\\/\\\/rayuelakids.com\\\/es\\\/wp-content\\\/uploads\\\/2025\\\/12\\\/Arquitecta-Julissa-Peralta.jpg\",\"width\":490,\"height\":667},{\"@type\":\"BreadcrumbList\",\"@id\":\"https:\\\/\\\/rayuelakids.com\\\/es\\\/conocenos\\\/#breadcrumb\",\"itemListElement\":[{\"@type\":\"ListItem\",\"position\":1,\"name\":\"Portada\",\"item\":\"https:\\\/\\\/rayuelakids.com\\\/es\\\/\"},{\"@type\":\"ListItem\",\"position\":2,\"name\":\"Con\u00f3cenos\"}]},{\"@type\":\"WebSite\",\"@id\":\"https:\\\/\\\/rayuelakids.com\\\/es\\\/#website\",\"url\":\"https:\\\/\\\/rayuelakids.com\\\/es\\\/\",\"name\":\"Rayuela Kids\",\"description\":\"Moda Infantil\",\"publisher\":{\"@id\":\"https:\\\/\\\/rayuelakids.com\\\/es\\\/#organization\"},\"alternateName\":\"RayuelaKids\",\"potentialAction\":[{\"@type\":\"SearchAction\",\"target\":{\"@type\":\"EntryPoint\",\"urlTemplate\":\"https:\\\/\\\/rayuelakids.com\\\/es\\\/?s={search_term_string}\"},\"query-input\":{\"@type\":\"PropertyValueSpecification\",\"valueRequired\":true,\"valueName\":\"search_term_string\"}}],\"inLanguage\":\"es\"},{\"@type\":\"Organization\",\"@id\":\"https:\\\/\\\/rayuelakids.com\\\/es\\\/#organization\",\"name\":\"Rayuela Kids\",\"url\":\"https:\\\/\\\/rayuelakids.com\\\/es\\\/\",\"logo\":{\"@type\":\"ImageObject\",\"inLanguage\":\"es\",\"@id\":\"https:\\\/\\\/rayuelakids.com\\\/es\\\/#\\\/schema\\\/logo\\\/image\\\/\",\"url\":\"https:\\\/\\\/rayuelakids.com\\\/es\\\/wp-content\\\/uploads\\\/2022\\\/03\\\/cropped-Rayulea-logo-version-horizontal-scaled-1-e1647744456320.jpg\",\"contentUrl\":\"https:\\\/\\\/rayuelakids.com\\\/es\\\/wp-content\\\/uploads\\\/2022\\\/03\\\/cropped-Rayulea-logo-version-horizontal-scaled-1-e1647744456320.jpg\",\"width\":800,\"height\":300,\"caption\":\"Rayuela Kids\"},\"image\":{\"@id\":\"https:\\\/\\\/rayuelakids.com\\\/es\\\/#\\\/schema\\\/logo\\\/image\\\/\"},\"sameAs\":[\"https:\\\/\\\/web.facebook.com\\\/rayuela\",\"https:\\\/\\\/www.instagram.com\\\/rayuelakids\\\/?hl=en\"]}]}<\/script>\n<!-- \/ Yoast SEO plugin. -->","yoast_head_json":{"title":"Con\u00f3cenos","robots":{"index":"index","follow":"follow","max-snippet":"max-snippet:-1","max-image-preview":"max-image-preview:large","max-video-preview":"max-video-preview:-1"},"canonical":"https:\/\/rayuelakids.com\/es\/conocenos\/","og_locale":"es_ES","og_type":"article","og_title":"Con\u00f3cenos","og_description":"Qui\u00e9nes Somos Nuestra historia Rayuela Kids es una tienda f\u00edsica y online especializada en primeras puestas y ropas para ni\u00f1os hasta 6 a\u00f1os. Todos nuestros productos son fabricados en Espa\u00f1a y Portugal. Rayuela naci\u00f3 en 2011 de la mano de Julissa Peralta. Su pasi\u00f3n por los ni\u00f1os la acerc\u00f3 a una carrera en la moda infantil. Pronto se convirti\u00f3 en dise\u00f1adora de moda infantil y su \u00e9xito no se hizo esperar. Julissa es una arquitecta y estilista dominicana, cuyos dise\u00f1os se caracterizan por ser estilo cl\u00e1sico con toques acorde a la moda actual, cortes sencillos y l\u00edneas definidas. A los 16 a\u00f1os estudi\u00f3 dise\u00f1o de moda en el Centro Integral Adolfina Lluberes y Arquitectura en la Universidad Pedro Henr\u00edquez Ure\u00f1a. En 2011 vuelve al fascinante mundo de la moda de la mano de la firma de moda Rayuela Kids. Su inspiraci\u00f3n son los ni\u00f1os a los que considera su musa, ya que le permite ser muy creativa, juega con los colores, las texturas, para ella el mundo de los ni\u00f1os est\u00e1 lleno de fantas\u00edas y cada vez que dibuja la ni\u00f1a que lleva dentro ella sale a relucir. La visi\u00f3n de nuestra fundadora Julissa Peralta de vestir a los ni\u00f1os combinando los colores de su tierra, la maravillosa Rep\u00fablica Dominicana, con un estilo fuertemente europeo la catapult\u00f3 a muchos pa\u00edses, como Nueva York que hace desfiles de moda.","og_url":"https:\/\/rayuelakids.com\/es\/conocenos\/","article_publisher":"https:\/\/web.facebook.com\/rayuela","article_modified_time":"2026-01-28T20:52:09+00:00","og_image":[{"url":"https:\/\/rayuelakids.com\/es\/wp-content\/uploads\/2025\/12\/Arquitecta-Julissa-Peralta.jpg","type":"","width":"","height":""}],"twitter_card":"summary_large_image","twitter_misc":{"Tiempo de lectura":"2 minutos"},"schema":{"@context":"https:\/\/schema.org","@graph":[{"@type":"WebPage","@id":"https:\/\/rayuelakids.com\/es\/conocenos\/","url":"https:\/\/rayuelakids.com\/es\/conocenos\/","name":"Con\u00f3cenos","isPartOf":{"@id":"https:\/\/rayuelakids.com\/es\/#website"},"primaryImageOfPage":{"@id":"https:\/\/rayuelakids.com\/es\/conocenos\/#primaryimage"},"image":{"@id":"https:\/\/rayuelakids.com\/es\/conocenos\/#primaryimage"},"thumbnailUrl":"https:\/\/rayuelakids.com\/es\/wp-content\/uploads\/2025\/12\/Arquitecta-Julissa-Peralta.jpg","datePublished":"2023-08-15T05:58:09+00:00","dateModified":"2026-01-28T20:52:09+00:00","breadcrumb":{"@id":"https:\/\/rayuelakids.com\/es\/conocenos\/#breadcrumb"},"inLanguage":"es","potentialAction":[{"@type":"ReadAction","target":["https:\/\/rayuelakids.com\/es\/conocenos\/"]}]},{"@type":"ImageObject","inLanguage":"es","@id":"https:\/\/rayuelakids.com\/es\/conocenos\/#primaryimage","url":"https:\/\/rayuelakids.com\/es\/wp-content\/uploads\/2025\/12\/Arquitecta-Julissa-Peralta.jpg","contentUrl":"https:\/\/rayuelakids.com\/es\/wp-content\/uploads\/2025\/12\/Arquitecta-Julissa-Peralta.jpg","width":490,"height":667},{"@type":"BreadcrumbList","@id":"https:\/\/rayuelakids.com\/es\/conocenos\/#breadcrumb","itemListElement":[{"@type":"ListItem","position":1,"name":"Portada","item":"https:\/\/rayuelakids.com\/es\/"},{"@type":"ListItem","position":2,"name":"Con\u00f3cenos"}]},{"@type":"WebSite","@id":"https:\/\/rayuelakids.com\/es\/#website","url":"https:\/\/rayuelakids.com\/es\/","name":"Rayuela Kids","description":"Moda Infantil","publisher":{"@id":"https:\/\/rayuelakids.com\/es\/#organization"},"alternateName":"RayuelaKids","potentialAction":[{"@type":"SearchAction","target":{"@type":"EntryPoint","urlTemplate":"https:\/\/rayuelakids.com\/es\/?s={search_term_string}"},"query-input":{"@type":"PropertyValueSpecification","valueRequired":true,"valueName":"search_term_string"}}],"inLanguage":"es"},{"@type":"Organization","@id":"https:\/\/rayuelakids.com\/es\/#organization","name":"Rayuela Kids","url":"https:\/\/rayuelakids.com\/es\/","logo":{"@type":"ImageObject","inLanguage":"es","@id":"https:\/\/rayuelakids.com\/es\/#\/schema\/logo\/image\/","url":"https:\/\/rayuelakids.com\/es\/wp-content\/uploads\/2022\/03\/cropped-Rayulea-logo-version-horizontal-scaled-1-e1647744456320.jpg","contentUrl":"https:\/\/rayuelakids.com\/es\/wp-content\/uploads\/2022\/03\/cropped-Rayulea-logo-version-horizontal-scaled-1-e1647744456320.jpg","width":800,"height":300,"caption":"Rayuela Kids"},"image":{"@id":"https:\/\/rayuelakids.com\/es\/#\/schema\/logo\/image\/"},"sameAs":["https:\/\/web.facebook.com\/rayuela","https:\/\/www.instagram.com\/rayuelakids\/?hl=en"]}]}},"_links":{"self":[{"href":"https:\/\/rayuelakids.com\/es\/wp-json\/wp\/v2\/pages\/3336","targetHints":{"allow":["GET"]}}],"collection":[{"href":"https:\/\/rayuelakids.com\/es\/wp-json\/wp\/v2\/pages"}],"about":[{"href":"https:\/\/rayuelakids.com\/es\/wp-json\/wp\/v2\/types\/page"}],"author":[{"embeddable":true,"href":"https:\/\/rayuelakids.com\/es\/wp-json\/wp\/v2\/users\/1"}],"replies":[{"embeddable":true,"href":"https:\/\/rayuelakids.com\/es\/wp-json\/wp\/v2\/comments?post=3336"}],"version-history":[{"count":12,"href":"https:\/\/rayuelakids.com\/es\/wp-json\/wp\/v2\/pages\/3336\/revisions"}],"predecessor-version":[{"id":11456,"href":"https:\/\/rayuelakids.com\/es\/wp-json\/wp\/v2\/pages\/3336\/revisions\/11456"}],"wp:attachment":[{"href":"https:\/\/rayuelakids.com\/es\/wp-json\/wp\/v2\/media?parent=3336"}],"curies":[{"name":"wp","href":"https:\/\/api.w.org\/{rel}","templated":true}]}}