{"id":34,"date":"2022-10-05T14:21:52","date_gmt":"2022-10-05T14:21:52","guid":{"rendered":"https:\/\/www.rayuelakids.com\/es\/?page_id=34"},"modified":"2026-02-18T14:54:42","modified_gmt":"2026-02-18T14:54:42","slug":"politica-de-cambio","status":"publish","type":"page","link":"https:\/\/rayuelakids.com\/es\/politica-de-cambio\/","title":{"rendered":"Pol\u00edtica de Cambio"},"content":{"rendered":"\t\t<div data-elementor-type=\"wp-page\" data-elementor-id=\"34\" class=\"elementor elementor-34\" data-elementor-post-type=\"page\">\n\t\t\t\t<div class=\"elementor-element elementor-element-70b5e203 e-flex e-con-boxed wpr-particle-no wpr-jarallax-no wpr-parallax-no wpr-sticky-section-no wpr-equal-height-no e-con e-parent\" data-id=\"70b5e203\" data-element_type=\"container\" data-e-type=\"container\">\n\t\t\t\t\t<div class=\"e-con-inner\">\n\t\t\t\t<div class=\"elementor-element elementor-element-335eb6b8 elementor-widget elementor-widget-text-editor\" data-id=\"335eb6b8\" data-element_type=\"widget\" data-e-type=\"widget\" data-widget_type=\"text-editor.default\">\n\t\t\t\t<div class=\"elementor-widget-container\">\n\t\t\t\t\t\t\t\t\t\n<p>Nuestra pol\u00edtica de devoluciones tiene una duraci\u00f3n de 30 d\u00edas. Si han pasado 30 d\u00edas desde su compra, no podemos ofrecerle \u00a0un cambio.<\/p>\n\n<p>Para ser elegible para una devoluci\u00f3n, debe cumplir con los siguientes requisitos:<\/p>\n\n<p>\u00a0EL art\u00edculo debe estar sin usar y en las mismas condiciones en que lo recibi\u00f3. Tambi\u00e9n debe estar en el embalaje original.<\/p>\n\n<p>llego un articulo diferente al que ordeno<\/p>\n\n<p>El articulo tiene un defecto de fabricaci\u00f3n<\/p>\n\n<p>Para completar su devoluci\u00f3n, requerimos un recibo o comprobante de compra.<\/p>\n\n<p>\u00a0<\/p>\n\n<p>Por favor, no devuelva su compra al fabricante.<\/p>\n\n<p>Una vez que se reciba e inspeccione su devoluci\u00f3n, le enviaremos un correo electr\u00f3nico para notificarle que hemos recibido su art\u00edculo devuelto. Tambi\u00e9n le notificaremos la aprobaci\u00f3n o rechazo de su devoluci\u00f3n<\/p>\n\n<p>Si se aprueba, se procesar\u00e1 su devoluci\u00f3n y se presentaran opciones\u00a0 seg\u00fan los productos disponibles al momento de proceder , el cliente seleccionara seg\u00fan el monto valorado del articulo adquirido y se proceder\u00e1 con la devolucion dentro de los proximos 5 dias laborables luego de la seleccion<\/p>\n\n<p><strong>Art\u00edculos en oferta<\/strong>:<\/p>\n\n<p>Solo se pueden devolver art\u00edculos de precio normal. Los art\u00edculos en oferta no se pueden cambiar.<\/p>\n\n<p>\u00a0<\/p>\n\n<p><strong>Intercambios<\/strong>:<\/p>\n\n<p>Solo reemplazamos art\u00edculos si est\u00e1n defectuosos o da\u00f1ados. Si necesita cambiarlo por el mismo art\u00edculo, env\u00edenos un correo electr\u00f3nico a {direcci\u00f3n de correo electr\u00f3nico} y env\u00ede su art\u00edculo a: {direcci\u00f3n f\u00edsica<\/p>\n\n<p><strong>Devoluciones de env\u00edo<\/strong>:<\/p>\n\n<p>Para devolver su producto, debe enviarlo por correo a: <span style=\"text-decoration: underline;\">Rayuelakids &#8211; plaza Jardin Constanza &#8211; segundo nivel- Calle Max Henr\u00edquez Ure\u00f1a 21 &#8211; Santo Domingo(Rep\u00fablica Dominicana) 11019<\/span><\/p>\n\n<p>Usted ser\u00e1 responsable de pagar sus propios costos de env\u00edo para devolver su art\u00edculo. Los gastos de env\u00edo no son reembolsables. Si recibe un reembolso, el costo del env\u00edo de devoluci\u00f3n se deducir\u00e1 de su reembolso.<\/p>\n\n<p>Dependiendo de d\u00f3nde viva, el tiempo que puede tardar en llegarle el producto intercambiado puede variar.<\/p>\n<p><strong>Los paquetes devueltos por no retiro, falta de respuesta del cliente o gestiones aduanales incompletas no califican como devoluciones ni generan reembolso.<\/strong> Cualquier reenv\u00edo deber\u00e1 ser cubierto en su totalidad por el cliente.<\/p>\n\n<p><strong>\u00bfNecesita ayuda?<\/strong><\/p>\n\n<p>Puede escribirnos a : info@rayuelakids.com<\/p>\n\t\t\t\t\t\t\t\t<\/div>\n\t\t\t\t<\/div>\n\t\t\t\t\t<\/div>\n\t\t\t\t<\/div>\n\t\t\t\t<\/div>\n\t\t","protected":false},"excerpt":{"rendered":"<p>Nuestra pol\u00edtica de devoluciones tiene una duraci\u00f3n de 30 d\u00edas. Si han pasado 30 d\u00edas desde su compra, no podemos ofrecerle \u00a0un cambio. Para ser elegible para una devoluci\u00f3n, debe cumplir con los siguientes requisitos: \u00a0EL art\u00edculo debe estar sin usar y en las mismas condiciones en que lo recibi\u00f3. Tambi\u00e9n debe estar en el embalaje original. llego un articulo diferente al que ordeno El articulo tiene un defecto de fabricaci\u00f3n Para completar su devoluci\u00f3n, requerimos un recibo o comprobante de compra. \u00a0 Por favor, no devuelva su compra al fabricante. Una vez que se reciba e inspeccione su devoluci\u00f3n, le enviaremos un correo electr\u00f3nico para notificarle que hemos recibido su art\u00edculo devuelto. Tambi\u00e9n le notificaremos la aprobaci\u00f3n o rechazo de su devoluci\u00f3n Si se aprueba, se procesar\u00e1 su devoluci\u00f3n y se presentaran opciones\u00a0 seg\u00fan los productos disponibles al momento de proceder , el cliente seleccionara seg\u00fan el monto valorado del articulo adquirido y se proceder\u00e1 con la devolucion dentro de los proximos 5 dias laborables luego de la seleccion Art\u00edculos en oferta: Solo se pueden devolver art\u00edculos de precio normal. Los art\u00edculos en oferta no se pueden cambiar. \u00a0 Intercambios: Solo reemplazamos art\u00edculos si est\u00e1n defectuosos o da\u00f1ados. Si necesita cambiarlo por el mismo art\u00edculo, env\u00edenos un correo electr\u00f3nico a {direcci\u00f3n de correo electr\u00f3nico} y env\u00ede su art\u00edculo a: {direcci\u00f3n f\u00edsica Devoluciones de env\u00edo: Para devolver su producto, debe enviarlo por correo a: Rayuelakids &#8211; plaza Jardin Constanza &#8211; segundo nivel- Calle Max Henr\u00edquez Ure\u00f1a 21 &#8211; Santo Domingo(Rep\u00fablica Dominicana) 11019 Usted ser\u00e1 responsable de pagar sus propios costos de env\u00edo para devolver su art\u00edculo. Los gastos de env\u00edo no son reembolsables. Si recibe un reembolso, el costo del env\u00edo de devoluci\u00f3n se deducir\u00e1 de su reembolso. Dependiendo de d\u00f3nde viva, el tiempo que puede tardar en llegarle el producto intercambiado puede variar. Los paquetes devueltos por no retiro, falta de respuesta del cliente o gestiones aduanales incompletas no califican como devoluciones ni generan reembolso. Cualquier reenv\u00edo deber\u00e1 ser cubierto en su totalidad por el cliente. \u00bfNecesita ayuda? Puede escribirnos a : info@rayuelakids.com<\/p>\n","protected":false},"author":1,"featured_media":0,"parent":0,"menu_order":0,"comment_status":"closed","ping_status":"closed","template":"","meta":{"inline_featured_image":false,"_joinchat":[],"footnotes":""},"class_list":["post-34","page","type-page","status-publish","hentry"],"yoast_head":"<!-- This site is optimized with the Yoast SEO plugin v27.4 - https:\/\/yoast.com\/product\/yoast-seo-wordpress\/ -->\n<title>Pol\u00edtica de Cambio<\/title>\n<meta name=\"robots\" content=\"index, follow, max-snippet:-1, max-image-preview:large, max-video-preview:-1\" \/>\n<link rel=\"canonical\" href=\"https:\/\/rayuelakids.com\/es\/politica-de-cambio\/\" \/>\n<meta property=\"og:locale\" content=\"es_ES\" \/>\n<meta property=\"og:type\" content=\"article\" \/>\n<meta property=\"og:title\" content=\"Pol\u00edtica de Cambio\" \/>\n<meta property=\"og:description\" content=\"Nuestra pol\u00edtica de devoluciones tiene una duraci\u00f3n de 30 d\u00edas. Si han pasado 30 d\u00edas desde su compra, no podemos ofrecerle \u00a0un cambio. Para ser elegible para una devoluci\u00f3n, debe cumplir con los siguientes requisitos: \u00a0EL art\u00edculo debe estar sin usar y en las mismas condiciones en que lo recibi\u00f3. Tambi\u00e9n debe estar en el embalaje original. llego un articulo diferente al que ordeno El articulo tiene un defecto de fabricaci\u00f3n Para completar su devoluci\u00f3n, requerimos un recibo o comprobante de compra. \u00a0 Por favor, no devuelva su compra al fabricante. Una vez que se reciba e inspeccione su devoluci\u00f3n, le enviaremos un correo electr\u00f3nico para notificarle que hemos recibido su art\u00edculo devuelto. Tambi\u00e9n le notificaremos la aprobaci\u00f3n o rechazo de su devoluci\u00f3n Si se aprueba, se procesar\u00e1 su devoluci\u00f3n y se presentaran opciones\u00a0 seg\u00fan los productos disponibles al momento de proceder , el cliente seleccionara seg\u00fan el monto valorado del articulo adquirido y se proceder\u00e1 con la devolucion dentro de los proximos 5 dias laborables luego de la seleccion Art\u00edculos en oferta: Solo se pueden devolver art\u00edculos de precio normal. Los art\u00edculos en oferta no se pueden cambiar. \u00a0 Intercambios: Solo reemplazamos art\u00edculos si est\u00e1n defectuosos o da\u00f1ados. Si necesita cambiarlo por el mismo art\u00edculo, env\u00edenos un correo electr\u00f3nico a {direcci\u00f3n de correo electr\u00f3nico} y env\u00ede su art\u00edculo a: {direcci\u00f3n f\u00edsica Devoluciones de env\u00edo: Para devolver su producto, debe enviarlo por correo a: Rayuelakids &#8211; plaza Jardin Constanza &#8211; segundo nivel- Calle Max Henr\u00edquez Ure\u00f1a 21 &#8211; Santo Domingo(Rep\u00fablica Dominicana) 11019 Usted ser\u00e1 responsable de pagar sus propios costos de env\u00edo para devolver su art\u00edculo. Los gastos de env\u00edo no son reembolsables. Si recibe un reembolso, el costo del env\u00edo de devoluci\u00f3n se deducir\u00e1 de su reembolso. Dependiendo de d\u00f3nde viva, el tiempo que puede tardar en llegarle el producto intercambiado puede variar. Los paquetes devueltos por no retiro, falta de respuesta del cliente o gestiones aduanales incompletas no califican como devoluciones ni generan reembolso. Cualquier reenv\u00edo deber\u00e1 ser cubierto en su totalidad por el cliente. \u00bfNecesita ayuda? Puede escribirnos a : info@rayuelakids.com\" \/>\n<meta property=\"og:url\" content=\"https:\/\/rayuelakids.com\/es\/politica-de-cambio\/\" \/>\n<meta property=\"article:publisher\" content=\"https:\/\/web.facebook.com\/rayuela\" \/>\n<meta property=\"article:modified_time\" content=\"2026-02-18T14:54:42+00:00\" \/>\n<meta name=\"twitter:card\" content=\"summary_large_image\" \/>\n<meta name=\"twitter:label1\" content=\"Tiempo de lectura\" \/>\n\t<meta name=\"twitter:data1\" content=\"2 minutos\" \/>\n<script type=\"application\/ld+json\" class=\"yoast-schema-graph\">{\"@context\":\"https:\\\/\\\/schema.org\",\"@graph\":[{\"@type\":\"WebPage\",\"@id\":\"https:\\\/\\\/rayuelakids.com\\\/es\\\/politica-de-cambio\\\/\",\"url\":\"https:\\\/\\\/rayuelakids.com\\\/es\\\/politica-de-cambio\\\/\",\"name\":\"Pol\u00edtica de Cambio\",\"isPartOf\":{\"@id\":\"https:\\\/\\\/rayuelakids.com\\\/es\\\/#website\"},\"datePublished\":\"2022-10-05T14:21:52+00:00\",\"dateModified\":\"2026-02-18T14:54:42+00:00\",\"breadcrumb\":{\"@id\":\"https:\\\/\\\/rayuelakids.com\\\/es\\\/politica-de-cambio\\\/#breadcrumb\"},\"inLanguage\":\"es\",\"potentialAction\":[{\"@type\":\"ReadAction\",\"target\":[\"https:\\\/\\\/rayuelakids.com\\\/es\\\/politica-de-cambio\\\/\"]}]},{\"@type\":\"BreadcrumbList\",\"@id\":\"https:\\\/\\\/rayuelakids.com\\\/es\\\/politica-de-cambio\\\/#breadcrumb\",\"itemListElement\":[{\"@type\":\"ListItem\",\"position\":1,\"name\":\"Portada\",\"item\":\"https:\\\/\\\/rayuelakids.com\\\/es\\\/\"},{\"@type\":\"ListItem\",\"position\":2,\"name\":\"Pol\u00edtica de Cambio\"}]},{\"@type\":\"WebSite\",\"@id\":\"https:\\\/\\\/rayuelakids.com\\\/es\\\/#website\",\"url\":\"https:\\\/\\\/rayuelakids.com\\\/es\\\/\",\"name\":\"Rayuela Kids\",\"description\":\"Moda Infantil\",\"publisher\":{\"@id\":\"https:\\\/\\\/rayuelakids.com\\\/es\\\/#organization\"},\"alternateName\":\"RayuelaKids\",\"potentialAction\":[{\"@type\":\"SearchAction\",\"target\":{\"@type\":\"EntryPoint\",\"urlTemplate\":\"https:\\\/\\\/rayuelakids.com\\\/es\\\/?s={search_term_string}\"},\"query-input\":{\"@type\":\"PropertyValueSpecification\",\"valueRequired\":true,\"valueName\":\"search_term_string\"}}],\"inLanguage\":\"es\"},{\"@type\":\"Organization\",\"@id\":\"https:\\\/\\\/rayuelakids.com\\\/es\\\/#organization\",\"name\":\"Rayuela Kids\",\"url\":\"https:\\\/\\\/rayuelakids.com\\\/es\\\/\",\"logo\":{\"@type\":\"ImageObject\",\"inLanguage\":\"es\",\"@id\":\"https:\\\/\\\/rayuelakids.com\\\/es\\\/#\\\/schema\\\/logo\\\/image\\\/\",\"url\":\"https:\\\/\\\/rayuelakids.com\\\/es\\\/wp-content\\\/uploads\\\/2022\\\/03\\\/cropped-Rayulea-logo-version-horizontal-scaled-1-e1647744456320.jpg\",\"contentUrl\":\"https:\\\/\\\/rayuelakids.com\\\/es\\\/wp-content\\\/uploads\\\/2022\\\/03\\\/cropped-Rayulea-logo-version-horizontal-scaled-1-e1647744456320.jpg\",\"width\":800,\"height\":300,\"caption\":\"Rayuela Kids\"},\"image\":{\"@id\":\"https:\\\/\\\/rayuelakids.com\\\/es\\\/#\\\/schema\\\/logo\\\/image\\\/\"},\"sameAs\":[\"https:\\\/\\\/web.facebook.com\\\/rayuela\",\"https:\\\/\\\/www.instagram.com\\\/rayuelakids\\\/?hl=en\"]}]}<\/script>\n<!-- \/ Yoast SEO plugin. -->","yoast_head_json":{"title":"Pol\u00edtica de Cambio","robots":{"index":"index","follow":"follow","max-snippet":"max-snippet:-1","max-image-preview":"max-image-preview:large","max-video-preview":"max-video-preview:-1"},"canonical":"https:\/\/rayuelakids.com\/es\/politica-de-cambio\/","og_locale":"es_ES","og_type":"article","og_title":"Pol\u00edtica de Cambio","og_description":"Nuestra pol\u00edtica de devoluciones tiene una duraci\u00f3n de 30 d\u00edas. Si han pasado 30 d\u00edas desde su compra, no podemos ofrecerle \u00a0un cambio. Para ser elegible para una devoluci\u00f3n, debe cumplir con los siguientes requisitos: \u00a0EL art\u00edculo debe estar sin usar y en las mismas condiciones en que lo recibi\u00f3. Tambi\u00e9n debe estar en el embalaje original. llego un articulo diferente al que ordeno El articulo tiene un defecto de fabricaci\u00f3n Para completar su devoluci\u00f3n, requerimos un recibo o comprobante de compra. \u00a0 Por favor, no devuelva su compra al fabricante. Una vez que se reciba e inspeccione su devoluci\u00f3n, le enviaremos un correo electr\u00f3nico para notificarle que hemos recibido su art\u00edculo devuelto. Tambi\u00e9n le notificaremos la aprobaci\u00f3n o rechazo de su devoluci\u00f3n Si se aprueba, se procesar\u00e1 su devoluci\u00f3n y se presentaran opciones\u00a0 seg\u00fan los productos disponibles al momento de proceder , el cliente seleccionara seg\u00fan el monto valorado del articulo adquirido y se proceder\u00e1 con la devolucion dentro de los proximos 5 dias laborables luego de la seleccion Art\u00edculos en oferta: Solo se pueden devolver art\u00edculos de precio normal. Los art\u00edculos en oferta no se pueden cambiar. \u00a0 Intercambios: Solo reemplazamos art\u00edculos si est\u00e1n defectuosos o da\u00f1ados. Si necesita cambiarlo por el mismo art\u00edculo, env\u00edenos un correo electr\u00f3nico a {direcci\u00f3n de correo electr\u00f3nico} y env\u00ede su art\u00edculo a: {direcci\u00f3n f\u00edsica Devoluciones de env\u00edo: Para devolver su producto, debe enviarlo por correo a: Rayuelakids &#8211; plaza Jardin Constanza &#8211; segundo nivel- Calle Max Henr\u00edquez Ure\u00f1a 21 &#8211; Santo Domingo(Rep\u00fablica Dominicana) 11019 Usted ser\u00e1 responsable de pagar sus propios costos de env\u00edo para devolver su art\u00edculo. Los gastos de env\u00edo no son reembolsables. Si recibe un reembolso, el costo del env\u00edo de devoluci\u00f3n se deducir\u00e1 de su reembolso. Dependiendo de d\u00f3nde viva, el tiempo que puede tardar en llegarle el producto intercambiado puede variar. Los paquetes devueltos por no retiro, falta de respuesta del cliente o gestiones aduanales incompletas no califican como devoluciones ni generan reembolso. Cualquier reenv\u00edo deber\u00e1 ser cubierto en su totalidad por el cliente. \u00bfNecesita ayuda? Puede escribirnos a : info@rayuelakids.com","og_url":"https:\/\/rayuelakids.com\/es\/politica-de-cambio\/","article_publisher":"https:\/\/web.facebook.com\/rayuela","article_modified_time":"2026-02-18T14:54:42+00:00","twitter_card":"summary_large_image","twitter_misc":{"Tiempo de lectura":"2 minutos"},"schema":{"@context":"https:\/\/schema.org","@graph":[{"@type":"WebPage","@id":"https:\/\/rayuelakids.com\/es\/politica-de-cambio\/","url":"https:\/\/rayuelakids.com\/es\/politica-de-cambio\/","name":"Pol\u00edtica de Cambio","isPartOf":{"@id":"https:\/\/rayuelakids.com\/es\/#website"},"datePublished":"2022-10-05T14:21:52+00:00","dateModified":"2026-02-18T14:54:42+00:00","breadcrumb":{"@id":"https:\/\/rayuelakids.com\/es\/politica-de-cambio\/#breadcrumb"},"inLanguage":"es","potentialAction":[{"@type":"ReadAction","target":["https:\/\/rayuelakids.com\/es\/politica-de-cambio\/"]}]},{"@type":"BreadcrumbList","@id":"https:\/\/rayuelakids.com\/es\/politica-de-cambio\/#breadcrumb","itemListElement":[{"@type":"ListItem","position":1,"name":"Portada","item":"https:\/\/rayuelakids.com\/es\/"},{"@type":"ListItem","position":2,"name":"Pol\u00edtica de Cambio"}]},{"@type":"WebSite","@id":"https:\/\/rayuelakids.com\/es\/#website","url":"https:\/\/rayuelakids.com\/es\/","name":"Rayuela Kids","description":"Moda Infantil","publisher":{"@id":"https:\/\/rayuelakids.com\/es\/#organization"},"alternateName":"RayuelaKids","potentialAction":[{"@type":"SearchAction","target":{"@type":"EntryPoint","urlTemplate":"https:\/\/rayuelakids.com\/es\/?s={search_term_string}"},"query-input":{"@type":"PropertyValueSpecification","valueRequired":true,"valueName":"search_term_string"}}],"inLanguage":"es"},{"@type":"Organization","@id":"https:\/\/rayuelakids.com\/es\/#organization","name":"Rayuela Kids","url":"https:\/\/rayuelakids.com\/es\/","logo":{"@type":"ImageObject","inLanguage":"es","@id":"https:\/\/rayuelakids.com\/es\/#\/schema\/logo\/image\/","url":"https:\/\/rayuelakids.com\/es\/wp-content\/uploads\/2022\/03\/cropped-Rayulea-logo-version-horizontal-scaled-1-e1647744456320.jpg","contentUrl":"https:\/\/rayuelakids.com\/es\/wp-content\/uploads\/2022\/03\/cropped-Rayulea-logo-version-horizontal-scaled-1-e1647744456320.jpg","width":800,"height":300,"caption":"Rayuela Kids"},"image":{"@id":"https:\/\/rayuelakids.com\/es\/#\/schema\/logo\/image\/"},"sameAs":["https:\/\/web.facebook.com\/rayuela","https:\/\/www.instagram.com\/rayuelakids\/?hl=en"]}]}},"_links":{"self":[{"href":"https:\/\/rayuelakids.com\/es\/wp-json\/wp\/v2\/pages\/34","targetHints":{"allow":["GET"]}}],"collection":[{"href":"https:\/\/rayuelakids.com\/es\/wp-json\/wp\/v2\/pages"}],"about":[{"href":"https:\/\/rayuelakids.com\/es\/wp-json\/wp\/v2\/types\/page"}],"author":[{"embeddable":true,"href":"https:\/\/rayuelakids.com\/es\/wp-json\/wp\/v2\/users\/1"}],"replies":[{"embeddable":true,"href":"https:\/\/rayuelakids.com\/es\/wp-json\/wp\/v2\/comments?post=34"}],"version-history":[{"count":3,"href":"https:\/\/rayuelakids.com\/es\/wp-json\/wp\/v2\/pages\/34\/revisions"}],"predecessor-version":[{"id":11611,"href":"https:\/\/rayuelakids.com\/es\/wp-json\/wp\/v2\/pages\/34\/revisions\/11611"}],"wp:attachment":[{"href":"https:\/\/rayuelakids.com\/es\/wp-json\/wp\/v2\/media?parent=34"}],"curies":[{"name":"wp","href":"https:\/\/api.w.org\/{rel}","templated":true}]}}