{"id":4052,"date":"2024-01-09T21:05:24","date_gmt":"2024-01-09T21:05:24","guid":{"rendered":"https:\/\/www.rayuelakids.com\/es\/?page_id=4052"},"modified":"2024-01-10T17:45:09","modified_gmt":"2024-01-10T17:45:09","slug":"venta-al-por-mayor-ropa-de-bebe","status":"publish","type":"page","link":"https:\/\/rayuelakids.com\/es\/venta-al-por-mayor-ropa-de-bebe\/","title":{"rendered":"Venta al por Mayor Ropa de Beb\u00e9"},"content":{"rendered":"\t\t<div data-elementor-type=\"wp-page\" data-elementor-id=\"4052\" class=\"elementor elementor-4052\" data-elementor-post-type=\"page\">\n\t\t\t\t\t\t<section class=\"elementor-section elementor-top-section elementor-element elementor-element-f0ba293 elementor-section-boxed elementor-section-height-default elementor-section-height-default wpr-particle-no wpr-jarallax-no wpr-parallax-no wpr-sticky-section-no wpr-equal-height-no\" data-id=\"f0ba293\" data-element_type=\"section\" data-e-type=\"section\">\n\t\t\t\t\t\t<div class=\"elementor-container elementor-column-gap-default\">\n\t\t\t\t\t<div class=\"elementor-column elementor-col-100 elementor-top-column elementor-element elementor-element-31b0e3b\" data-id=\"31b0e3b\" data-element_type=\"column\" data-e-type=\"column\">\n\t\t\t<div class=\"elementor-widget-wrap elementor-element-populated\">\n\t\t\t\t\t\t<div class=\"elementor-element elementor-element-349da8d elementor-widget elementor-widget-heading\" data-id=\"349da8d\" data-element_type=\"widget\" data-e-type=\"widget\" data-widget_type=\"heading.default\">\n\t\t\t\t<div class=\"elementor-widget-container\">\n\t\t\t\t\t<h1 class=\"elementor-heading-title elementor-size-default\">Venta al por Mayor Ropa de Beb\u00e9 <\/h1>\t\t\t\t<\/div>\n\t\t\t\t<\/div>\n\t\t\t\t<div class=\"elementor-element elementor-element-ffc7649 elementor-widget elementor-widget-text-editor\" data-id=\"ffc7649\" data-element_type=\"widget\" data-e-type=\"widget\" data-widget_type=\"text-editor.default\">\n\t\t\t\t<div class=\"elementor-widget-container\">\n\t\t\t\t\t\t\t\t\t<p>Rellena el formulario para obtner los precios relativos a la venta al por mayor\u00a0 ropa de bebe<\/p>\t\t\t\t\t\t\t\t<\/div>\n\t\t\t\t<\/div>\n\t\t\t\t\t<\/div>\n\t\t<\/div>\n\t\t\t\t\t<\/div>\n\t\t<\/section>\n\t\t\t\t<section class=\"elementor-section elementor-top-section elementor-element elementor-element-b765b6f elementor-section-boxed elementor-section-height-default elementor-section-height-default wpr-particle-no wpr-jarallax-no wpr-parallax-no wpr-sticky-section-no wpr-equal-height-no\" data-id=\"b765b6f\" data-element_type=\"section\" data-e-type=\"section\">\n\t\t\t\t\t\t<div class=\"elementor-container elementor-column-gap-default\">\n\t\t\t\t\t<div class=\"elementor-column elementor-col-100 elementor-top-column elementor-element elementor-element-8e14260\" data-id=\"8e14260\" data-element_type=\"column\" data-e-type=\"column\">\n\t\t\t<div class=\"elementor-widget-wrap elementor-element-populated\">\n\t\t\t\t\t\t<div class=\"elementor-element elementor-element-49cfdff elementor-widget elementor-widget-wpforms\" data-id=\"49cfdff\" data-element_type=\"widget\" data-e-type=\"widget\" data-widget_type=\"wpforms.default\">\n\t\t\t\t<div class=\"elementor-widget-container\">\n\t\t\t\t\t<div class=\"wpforms-container \" id=\"wpforms-4674\"><form id=\"wpforms-form-4674\" class=\"wpforms-validate wpforms-form wpforms-ajax-form\" data-formid=\"4674\" method=\"post\" enctype=\"multipart\/form-data\" action=\"\/es\/wp-json\/wp\/v2\/pages\/4052\" data-token=\"c3d9e0af174e47a8cb8d04d2220cb9d6\" data-token-time=\"1776568213\"><noscript class=\"wpforms-error-noscript\">Por favor, activa JavaScript en tu navegador para completar este formulario.<\/noscript><div class=\"wpforms-field-container\"><div id=\"wpforms-4674-field_0-container\" class=\"wpforms-field wpforms-field-name\" data-field-id=\"0\"><label class=\"wpforms-field-label\" for=\"wpforms-4674-field_0\">Nombre <span class=\"wpforms-required-label\">*<\/span><\/label><input type=\"text\" id=\"wpforms-4674-field_0\" class=\"wpforms-field-large wpforms-field-required\" name=\"wpforms[fields][0]\" required><\/div><div id=\"wpforms-4674-field_24-container\" class=\"wpforms-field wpforms-field-text\" data-field-id=\"24\"><label class=\"wpforms-field-label\" for=\"wpforms-4674-field_24\">Nombre de la empresa <span class=\"wpforms-required-label\">*<\/span><\/label><input type=\"text\" id=\"wpforms-4674-field_24\" class=\"wpforms-field-large wpforms-field-required\" name=\"wpforms[fields][24]\" required><\/div><div id=\"wpforms-4674-field_15-container\" class=\"wpforms-field wpforms-field-name\" data-field-id=\"15\"><label class=\"wpforms-field-label\" for=\"wpforms-4674-field_15\">N\u00famero de identidad comercial <span class=\"wpforms-required-label\">*<\/span><\/label><input type=\"text\" id=\"wpforms-4674-field_15\" class=\"wpforms-field-large wpforms-field-required\" name=\"wpforms[fields][15]\" required><\/div><div id=\"wpforms-4674-field_17-container\" class=\"wpforms-field wpforms-field-name\" data-field-id=\"17\"><label class=\"wpforms-field-label\" for=\"wpforms-4674-field_17\">Direcci\u00f3n <span class=\"wpforms-required-label\">*<\/span><\/label><input type=\"text\" id=\"wpforms-4674-field_17\" class=\"wpforms-field-large wpforms-field-required\" name=\"wpforms[fields][17]\" required><\/div><div id=\"wpforms-4674-field_18-container\" class=\"wpforms-field wpforms-field-name\" data-field-id=\"18\"><label class=\"wpforms-field-label\" for=\"wpforms-4674-field_18\">P\u00e1gina Web <span class=\"wpforms-required-label\">*<\/span><\/label><input type=\"text\" id=\"wpforms-4674-field_18\" class=\"wpforms-field-large wpforms-field-required\" name=\"wpforms[fields][18]\" required><\/div><div id=\"wpforms-4674-field_21-container\" class=\"wpforms-field wpforms-field-name\" data-field-id=\"21\"><label class=\"wpforms-field-label\" for=\"wpforms-4674-field_21\">Perfil Facebook <span class=\"wpforms-required-label\">*<\/span><\/label><input type=\"text\" id=\"wpforms-4674-field_21\" class=\"wpforms-field-large wpforms-field-required\" name=\"wpforms[fields][21]\" required><\/div><div id=\"wpforms-4674-field_22-container\" class=\"wpforms-field wpforms-field-name\" data-field-id=\"22\"><label class=\"wpforms-field-label\" for=\"wpforms-4674-field_22\">Perfil Instagram <span class=\"wpforms-required-label\">*<\/span><\/label><input type=\"text\" id=\"wpforms-4674-field_22\" class=\"wpforms-field-large wpforms-field-required\" name=\"wpforms[fields][22]\" required><\/div><div id=\"wpforms-4674-field_23-container\" class=\"wpforms-field wpforms-field-number\" data-field-id=\"23\"><label class=\"wpforms-field-label\" for=\"wpforms-4674-field_23\">Contacto Whatsapp<\/label><input type=\"number\" id=\"wpforms-4674-field_23\" class=\"wpforms-field-large\" name=\"wpforms[fields][23]\" step=\"any\" ><div class=\"wpforms-field-description\">inserta el prefijo internacional<\/div><\/div><div id=\"wpforms-4674-field_2-container\" class=\"wpforms-field wpforms-field-textarea\" data-field-id=\"2\"><label class=\"wpforms-field-label\" for=\"wpforms-4674-field_2\">Comentario o mensaje <span class=\"wpforms-required-label\">*<\/span><\/label><textarea id=\"wpforms-4674-field_2\" class=\"wpforms-field-medium wpforms-field-required\" name=\"wpforms[fields][2]\" required><\/textarea><div class=\"wpforms-field-description\">Pedido m\u00ednimo: US$ 1,200 | Pagos: PayPal | Pedidos: DHLA<\/div><\/div><\/div><!-- .wpforms-field-container --><div class=\"wpforms-submit-container\" ><input type=\"hidden\" name=\"wpforms[id]\" value=\"4674\"><input type=\"hidden\" name=\"page_title\" value=\"\"><input type=\"hidden\" name=\"page_url\" value=\"https:\/\/rayuelakids.com\/es\/wp-json\/wp\/v2\/pages\/4052\"><input type=\"hidden\" name=\"url_referer\" value=\"\"><button type=\"submit\" name=\"wpforms[submit]\" id=\"wpforms-submit-4674\" class=\"wpforms-submit\" data-alt-text=\"Enviando...\" data-submit-text=\"Enviar\" aria-live=\"assertive\" value=\"wpforms-submit\">Enviar<\/button><img decoding=\"async\" src=\"https:\/\/rayuelakids.com\/es\/wp-content\/plugins\/wpforms-lite\/assets\/images\/submit-spin.svg\" class=\"wpforms-submit-spinner\" style=\"display: none;\" width=\"26\" height=\"26\" alt=\"Cargando\"><\/div><\/form><\/div>  <!-- .wpforms-container -->\t\t\t\t<\/div>\n\t\t\t\t<\/div>\n\t\t\t\t\t<\/div>\n\t\t<\/div>\n\t\t\t\t\t<\/div>\n\t\t<\/section>\n\t\t\t\t<section class=\"elementor-section elementor-top-section elementor-element elementor-element-2e3bed2 elementor-section-boxed elementor-section-height-default elementor-section-height-default wpr-particle-no wpr-jarallax-no wpr-parallax-no wpr-sticky-section-no wpr-equal-height-no\" data-id=\"2e3bed2\" data-element_type=\"section\" data-e-type=\"section\">\n\t\t\t\t\t\t<div class=\"elementor-container elementor-column-gap-default\">\n\t\t\t\t\t<div class=\"elementor-column elementor-col-100 elementor-top-column elementor-element elementor-element-82c726e\" data-id=\"82c726e\" data-element_type=\"column\" data-e-type=\"column\">\n\t\t\t<div class=\"elementor-widget-wrap elementor-element-populated\">\n\t\t\t\t\t\t<div class=\"elementor-element elementor-element-75ad490 elementor-widget elementor-widget-text-editor\" data-id=\"75ad490\" data-element_type=\"widget\" data-e-type=\"widget\" data-widget_type=\"text-editor.default\">\n\t\t\t\t<div class=\"elementor-widget-container\">\n\t\t\t\t\t\t\t\t\t<details><a href=\"https:\/\/rayuelakids.com\/es\/\">Rayuela Kids<\/a> se enorgullece en ofrecer una amplia gama de ropa de beb\u00e9 al por mayor en Estados Unidos y Latinoam\u00e9rica. Nuestra empresa se distingue por la calidad y la elegancia en cada prenda. Nuestros productos, realizados en Espa\u00f1a, est\u00e1n dise\u00f1ados para la delicada piel de los reci\u00e9n nacidos. Especialmente confeccionados para la primera puesta, estos conjuntos en talla 0-3 meses proporcionan confort y estilo desde el inicio.<p>Lo m\u00e1s destacado de nuestra l\u00ednea es su composici\u00f3n. Utilizamos hilo certificado que asegura la suavidad y el cuidado de la piel sensible del beb\u00e9. Todos nuestros productos son 100% hipoalerg\u00e9nicos, minimizando cualquier riesgo de irritaci\u00f3n para la piel delicada de los peque\u00f1os.<\/p><p>En<a href=\"https:\/\/rayuelakids.com\/es\"> Rayuela Kids<\/a> nos esforzamos por ofrecer una experiencia de compra sin problemas. Aceptamos pagos a trav\u00e9s de <a href=\"http:\/\/www.paypal.com\">PayPal<\/a>, asegurando transacciones seguras y r\u00e1pidas para nuestros clientes. Adem\u00e1s, garantizamos entregas r\u00e1pidas y confiables mediante <a href=\"http:\/\/www.dhal.com\">DHL<\/a>, para que tus pedidos lleguen en perfectas condiciones y a tiempo a tu ubicaci\u00f3n en Estados Unidos o en Latinoam\u00e9rica.<\/p><p>Nuestros conjuntos de primera puesta son m\u00e1s que prendas de vestir, son momentos de ternura y comodidad para los beb\u00e9s. Son ideales para tiendas de moda infantil y boutiques que buscan productos de calidad y estilo para sus clientes.<\/p><p>La artesan\u00eda espa\u00f1ola se refleja en cada detalle de nuestras prendas. La dedicaci\u00f3n en la fabricaci\u00f3n y los est\u00e1ndares de calidad que cumplimos aseguran que cada producto que adquieras de <a href=\"https:\/\/rayuelakids.com\/es\">Rayuela Kids<\/a> sea una inversi\u00f3n en calidad y confort para los m\u00e1s peque\u00f1os.<\/p><h4>Si est\u00e1s buscando ropa de beb\u00e9 al por mayor de calidad en Estados Unidos, Rayuela Kids es tu mejor elecci\u00f3n. \u00a1Explora nuestra colecci\u00f3n hoy mismo y lleva la excelencia y la distinci\u00f3n a tu negocio!<\/h4><h2><span style=\"font-size: 14px;\"> Venta al por Mayor ropa de beb\u00e9\u00a0 \u00a0en Estados Unidos y Latinoam\u00e9rica <a href=\"https:\/\/rayuelakids.com\/es\">Rayuela Kids<\/a>. Unete a nosotros<\/span><\/h2><p>\u00a0<\/p><\/details>\t\t\t\t\t\t\t\t<\/div>\n\t\t\t\t<\/div>\n\t\t\t\t<div class=\"elementor-element elementor-element-f283034 elementor-widget elementor-widget-image\" data-id=\"f283034\" data-element_type=\"widget\" data-e-type=\"widget\" data-widget_type=\"image.default\">\n\t\t\t\t<div class=\"elementor-widget-container\">\n\t\t\t\t\t\t\t\t\t\t\t\t\t\t\t\t<a href=\"https:\/\/rayuelakids.com\/es\/tienda\">\n\t\t\t\t\t\t\t<img fetchpriority=\"high\" decoding=\"async\" width=\"1000\" height=\"921\" src=\"https:\/\/rayuelakids.com\/es\/wp-content\/uploads\/2024\/01\/Venta-al-por-Mayor-Ropa-de-Bebe-en-Estados-Unidos-y-Latinoamerica-e1704834185254.jpg\" class=\"attachment-medium size-medium wp-image-4714\" alt=\"Venta al por Mayor Ropa de Beb\u00e9 en Estados Unidos y Latinoam\u00e9rica\" \/>\t\t\t\t\t\t\t\t<\/a>\n\t\t\t\t\t\t\t\t\t\t\t\t\t\t\t<\/div>\n\t\t\t\t<\/div>\n\t\t\t\t\t<\/div>\n\t\t<\/div>\n\t\t\t\t\t<\/div>\n\t\t<\/section>\n\t\t\t\t<\/div>\n\t\t","protected":false},"excerpt":{"rendered":"<p>Venta al por Mayor Ropa de Beb\u00e9 Rellena el formulario para obtner los precios relativos a la venta al por mayor\u00a0 ropa de bebe Por favor, activa JavaScript en tu navegador para completar este formulario.Nombre *NombreApellidosNombre de la Empresa *Numero de identidad comercial *Direccion *insertar direccion y paisSitio WebPerfil FacebookPerfil Instagram *Contacto Whatsapp *insertar el prefijo internacional Comentario o mensaje *Nuestros pedidos al por mayor comienzan en US$1,200 Enviar Rayuela Kids se enorgullece en ofrecer una amplia gama de ropa de beb\u00e9 al por mayor en Estados Unidos y Latinoam\u00e9rica. Nuestra empresa se distingue por la calidad y la elegancia en cada prenda. Nuestros productos, realizados en Espa\u00f1a, est\u00e1n dise\u00f1ados para la delicada piel de los reci\u00e9n nacidos. Especialmente confeccionados para la primera puesta, estos conjuntos en talla 0-3 meses proporcionan confort y estilo desde el inicio. Lo m\u00e1s destacado de nuestra l\u00ednea es su composici\u00f3n. Utilizamos hilo certificado que asegura la suavidad y el cuidado de la piel sensible del beb\u00e9. Todos nuestros productos son 100% hipoalerg\u00e9nicos, minimizando cualquier riesgo de irritaci\u00f3n para la piel delicada de los peque\u00f1os. En Rayuela Kids nos esforzamos por ofrecer una experiencia de compra sin problemas. Aceptamos pagos a trav\u00e9s de PayPal, asegurando transacciones seguras y r\u00e1pidas para nuestros clientes. Adem\u00e1s, garantizamos entregas r\u00e1pidas y confiables mediante DHL, para que tus pedidos lleguen en perfectas condiciones y a tiempo a tu ubicaci\u00f3n en Estados Unidos o en Latinoam\u00e9rica. Nuestros conjuntos de primera puesta son m\u00e1s que prendas de vestir, son momentos de ternura y comodidad para los beb\u00e9s. Son ideales para tiendas de moda infantil y boutiques que buscan productos de calidad y estilo para sus clientes. La artesan\u00eda espa\u00f1ola se refleja en cada detalle de nuestras prendas. La dedicaci\u00f3n en la fabricaci\u00f3n y los est\u00e1ndares de calidad que cumplimos aseguran que cada producto que adquieras de Rayuela Kids sea una inversi\u00f3n en calidad y confort para los m\u00e1s peque\u00f1os. Si est\u00e1s buscando ropa de beb\u00e9 al por mayor de calidad en Estados Unidos, Rayuela Kids es tu mejor elecci\u00f3n. \u00a1Explora nuestra colecci\u00f3n hoy mismo y lleva la excelencia y la distinci\u00f3n a tu negocio! Venta al por Mayor ropa de beb\u00e9\u00a0 \u00a0en Estados Unidos y Latinoam\u00e9rica Rayuela Kids. Unete a nosotros \u00a0<\/p>\n","protected":false},"author":1,"featured_media":0,"parent":0,"menu_order":0,"comment_status":"closed","ping_status":"closed","template":"","meta":{"inline_featured_image":false,"_joinchat":[],"footnotes":""},"class_list":["post-4052","page","type-page","status-publish","hentry"],"yoast_head":"<!-- This site is optimized with the Yoast SEO plugin v27.4 - https:\/\/yoast.com\/product\/yoast-seo-wordpress\/ -->\n<title>Venta al por Mayor ropa de Beb\u00e9 Estados Unidos y Latinoam\u00e9rica<\/title>\n<meta name=\"description\" content=\"Venta al por Mayor ropa de Beb\u00e9 Estados Unidos y Latinoam\u00e9rica. Descubre nuestra colecci\u00f3n de calidad superior, con primera puesta, talla 0-3m\" \/>\n<meta name=\"robots\" content=\"index, follow, max-snippet:-1, max-image-preview:large, max-video-preview:-1\" \/>\n<link rel=\"canonical\" href=\"https:\/\/rayuelakids.com\/es\/venta-al-por-mayor-ropa-de-bebe\/\" \/>\n<meta property=\"og:locale\" content=\"es_ES\" \/>\n<meta property=\"og:type\" content=\"article\" \/>\n<meta property=\"og:title\" content=\"Venta al por Mayor ropa de Beb\u00e9 Estados Unidos y Latinoam\u00e9rica\" \/>\n<meta property=\"og:description\" content=\"Venta al por Mayor ropa de Beb\u00e9 Estados Unidos y Latinoam\u00e9rica. Descubre nuestra colecci\u00f3n de calidad superior, con primera puesta, talla 0-3m\" \/>\n<meta property=\"og:url\" content=\"https:\/\/rayuelakids.com\/es\/venta-al-por-mayor-ropa-de-bebe\/\" \/>\n<meta property=\"article:publisher\" content=\"https:\/\/web.facebook.com\/rayuela\" \/>\n<meta property=\"article:modified_time\" content=\"2024-01-10T17:45:09+00:00\" \/>\n<meta property=\"og:image\" content=\"https:\/\/rayuelakids.com\/es\/wp-content\/uploads\/2024\/01\/venta-al-por-mayor-ropa-de-bebe.jpg\" \/>\n\t<meta property=\"og:image:width\" content=\"2560\" \/>\n\t<meta property=\"og:image:height\" content=\"2235\" \/>\n\t<meta property=\"og:image:type\" content=\"image\/jpeg\" \/>\n<meta name=\"twitter:card\" content=\"summary_large_image\" \/>\n<meta name=\"twitter:label1\" content=\"Tiempo de lectura\" \/>\n\t<meta name=\"twitter:data1\" content=\"2 minutos\" \/>\n<script type=\"application\/ld+json\" class=\"yoast-schema-graph\">{\"@context\":\"https:\\\/\\\/schema.org\",\"@graph\":[{\"@type\":\"WebPage\",\"@id\":\"https:\\\/\\\/rayuelakids.com\\\/es\\\/venta-al-por-mayor-ropa-de-bebe\\\/\",\"url\":\"https:\\\/\\\/rayuelakids.com\\\/es\\\/venta-al-por-mayor-ropa-de-bebe\\\/\",\"name\":\"Venta al por Mayor ropa de Beb\u00e9 Estados Unidos y Latinoam\u00e9rica\",\"isPartOf\":{\"@id\":\"https:\\\/\\\/rayuelakids.com\\\/es\\\/#website\"},\"primaryImageOfPage\":{\"@id\":\"https:\\\/\\\/rayuelakids.com\\\/es\\\/venta-al-por-mayor-ropa-de-bebe\\\/#primaryimage\"},\"image\":{\"@id\":\"https:\\\/\\\/rayuelakids.com\\\/es\\\/venta-al-por-mayor-ropa-de-bebe\\\/#primaryimage\"},\"thumbnailUrl\":\"https:\\\/\\\/rayuelakids.com\\\/es\\\/wp-content\\\/plugins\\\/wpforms-lite\\\/assets\\\/images\\\/submit-spin.svg\",\"datePublished\":\"2024-01-09T21:05:24+00:00\",\"dateModified\":\"2024-01-10T17:45:09+00:00\",\"description\":\"Venta al por Mayor ropa de Beb\u00e9 Estados Unidos y Latinoam\u00e9rica. Descubre nuestra colecci\u00f3n de calidad superior, con primera puesta, talla 0-3m\",\"breadcrumb\":{\"@id\":\"https:\\\/\\\/rayuelakids.com\\\/es\\\/venta-al-por-mayor-ropa-de-bebe\\\/#breadcrumb\"},\"inLanguage\":\"es\",\"potentialAction\":[{\"@type\":\"ReadAction\",\"target\":[\"https:\\\/\\\/rayuelakids.com\\\/es\\\/venta-al-por-mayor-ropa-de-bebe\\\/\"]}]},{\"@type\":\"ImageObject\",\"inLanguage\":\"es\",\"@id\":\"https:\\\/\\\/rayuelakids.com\\\/es\\\/venta-al-por-mayor-ropa-de-bebe\\\/#primaryimage\",\"url\":\"https:\\\/\\\/rayuelakids.com\\\/es\\\/wp-content\\\/plugins\\\/wpforms-lite\\\/assets\\\/images\\\/submit-spin.svg\",\"contentUrl\":\"https:\\\/\\\/rayuelakids.com\\\/es\\\/wp-content\\\/plugins\\\/wpforms-lite\\\/assets\\\/images\\\/submit-spin.svg\"},{\"@type\":\"BreadcrumbList\",\"@id\":\"https:\\\/\\\/rayuelakids.com\\\/es\\\/venta-al-por-mayor-ropa-de-bebe\\\/#breadcrumb\",\"itemListElement\":[{\"@type\":\"ListItem\",\"position\":1,\"name\":\"Portada\",\"item\":\"https:\\\/\\\/rayuelakids.com\\\/es\\\/\"},{\"@type\":\"ListItem\",\"position\":2,\"name\":\"Venta al por Mayor Ropa de Beb\u00e9\"}]},{\"@type\":\"WebSite\",\"@id\":\"https:\\\/\\\/rayuelakids.com\\\/es\\\/#website\",\"url\":\"https:\\\/\\\/rayuelakids.com\\\/es\\\/\",\"name\":\"Rayuela Kids\",\"description\":\"Moda Infantil\",\"publisher\":{\"@id\":\"https:\\\/\\\/rayuelakids.com\\\/es\\\/#organization\"},\"alternateName\":\"RayuelaKids\",\"potentialAction\":[{\"@type\":\"SearchAction\",\"target\":{\"@type\":\"EntryPoint\",\"urlTemplate\":\"https:\\\/\\\/rayuelakids.com\\\/es\\\/?s={search_term_string}\"},\"query-input\":{\"@type\":\"PropertyValueSpecification\",\"valueRequired\":true,\"valueName\":\"search_term_string\"}}],\"inLanguage\":\"es\"},{\"@type\":\"Organization\",\"@id\":\"https:\\\/\\\/rayuelakids.com\\\/es\\\/#organization\",\"name\":\"Rayuela Kids\",\"url\":\"https:\\\/\\\/rayuelakids.com\\\/es\\\/\",\"logo\":{\"@type\":\"ImageObject\",\"inLanguage\":\"es\",\"@id\":\"https:\\\/\\\/rayuelakids.com\\\/es\\\/#\\\/schema\\\/logo\\\/image\\\/\",\"url\":\"https:\\\/\\\/rayuelakids.com\\\/es\\\/wp-content\\\/uploads\\\/2022\\\/03\\\/cropped-Rayulea-logo-version-horizontal-scaled-1-e1647744456320.jpg\",\"contentUrl\":\"https:\\\/\\\/rayuelakids.com\\\/es\\\/wp-content\\\/uploads\\\/2022\\\/03\\\/cropped-Rayulea-logo-version-horizontal-scaled-1-e1647744456320.jpg\",\"width\":800,\"height\":300,\"caption\":\"Rayuela Kids\"},\"image\":{\"@id\":\"https:\\\/\\\/rayuelakids.com\\\/es\\\/#\\\/schema\\\/logo\\\/image\\\/\"},\"sameAs\":[\"https:\\\/\\\/web.facebook.com\\\/rayuela\",\"https:\\\/\\\/www.instagram.com\\\/rayuelakids\\\/?hl=en\"]}]}<\/script>\n<!-- \/ Yoast SEO plugin. -->","yoast_head_json":{"title":"Venta al por Mayor ropa de Beb\u00e9 Estados Unidos y Latinoam\u00e9rica","description":"Venta al por Mayor ropa de Beb\u00e9 Estados Unidos y Latinoam\u00e9rica. Descubre nuestra colecci\u00f3n de calidad superior, con primera puesta, talla 0-3m","robots":{"index":"index","follow":"follow","max-snippet":"max-snippet:-1","max-image-preview":"max-image-preview:large","max-video-preview":"max-video-preview:-1"},"canonical":"https:\/\/rayuelakids.com\/es\/venta-al-por-mayor-ropa-de-bebe\/","og_locale":"es_ES","og_type":"article","og_title":"Venta al por Mayor ropa de Beb\u00e9 Estados Unidos y Latinoam\u00e9rica","og_description":"Venta al por Mayor ropa de Beb\u00e9 Estados Unidos y Latinoam\u00e9rica. Descubre nuestra colecci\u00f3n de calidad superior, con primera puesta, talla 0-3m","og_url":"https:\/\/rayuelakids.com\/es\/venta-al-por-mayor-ropa-de-bebe\/","article_publisher":"https:\/\/web.facebook.com\/rayuela","article_modified_time":"2024-01-10T17:45:09+00:00","og_image":[{"width":2560,"height":2235,"url":"https:\/\/rayuelakids.com\/es\/wp-content\/uploads\/2024\/01\/venta-al-por-mayor-ropa-de-bebe.jpg","type":"image\/jpeg"}],"twitter_card":"summary_large_image","twitter_misc":{"Tiempo de lectura":"2 minutos"},"schema":{"@context":"https:\/\/schema.org","@graph":[{"@type":"WebPage","@id":"https:\/\/rayuelakids.com\/es\/venta-al-por-mayor-ropa-de-bebe\/","url":"https:\/\/rayuelakids.com\/es\/venta-al-por-mayor-ropa-de-bebe\/","name":"Venta al por Mayor ropa de Beb\u00e9 Estados Unidos y Latinoam\u00e9rica","isPartOf":{"@id":"https:\/\/rayuelakids.com\/es\/#website"},"primaryImageOfPage":{"@id":"https:\/\/rayuelakids.com\/es\/venta-al-por-mayor-ropa-de-bebe\/#primaryimage"},"image":{"@id":"https:\/\/rayuelakids.com\/es\/venta-al-por-mayor-ropa-de-bebe\/#primaryimage"},"thumbnailUrl":"https:\/\/rayuelakids.com\/es\/wp-content\/plugins\/wpforms-lite\/assets\/images\/submit-spin.svg","datePublished":"2024-01-09T21:05:24+00:00","dateModified":"2024-01-10T17:45:09+00:00","description":"Venta al por Mayor ropa de Beb\u00e9 Estados Unidos y Latinoam\u00e9rica. Descubre nuestra colecci\u00f3n de calidad superior, con primera puesta, talla 0-3m","breadcrumb":{"@id":"https:\/\/rayuelakids.com\/es\/venta-al-por-mayor-ropa-de-bebe\/#breadcrumb"},"inLanguage":"es","potentialAction":[{"@type":"ReadAction","target":["https:\/\/rayuelakids.com\/es\/venta-al-por-mayor-ropa-de-bebe\/"]}]},{"@type":"ImageObject","inLanguage":"es","@id":"https:\/\/rayuelakids.com\/es\/venta-al-por-mayor-ropa-de-bebe\/#primaryimage","url":"https:\/\/rayuelakids.com\/es\/wp-content\/plugins\/wpforms-lite\/assets\/images\/submit-spin.svg","contentUrl":"https:\/\/rayuelakids.com\/es\/wp-content\/plugins\/wpforms-lite\/assets\/images\/submit-spin.svg"},{"@type":"BreadcrumbList","@id":"https:\/\/rayuelakids.com\/es\/venta-al-por-mayor-ropa-de-bebe\/#breadcrumb","itemListElement":[{"@type":"ListItem","position":1,"name":"Portada","item":"https:\/\/rayuelakids.com\/es\/"},{"@type":"ListItem","position":2,"name":"Venta al por Mayor Ropa de Beb\u00e9"}]},{"@type":"WebSite","@id":"https:\/\/rayuelakids.com\/es\/#website","url":"https:\/\/rayuelakids.com\/es\/","name":"Rayuela Kids","description":"Moda Infantil","publisher":{"@id":"https:\/\/rayuelakids.com\/es\/#organization"},"alternateName":"RayuelaKids","potentialAction":[{"@type":"SearchAction","target":{"@type":"EntryPoint","urlTemplate":"https:\/\/rayuelakids.com\/es\/?s={search_term_string}"},"query-input":{"@type":"PropertyValueSpecification","valueRequired":true,"valueName":"search_term_string"}}],"inLanguage":"es"},{"@type":"Organization","@id":"https:\/\/rayuelakids.com\/es\/#organization","name":"Rayuela Kids","url":"https:\/\/rayuelakids.com\/es\/","logo":{"@type":"ImageObject","inLanguage":"es","@id":"https:\/\/rayuelakids.com\/es\/#\/schema\/logo\/image\/","url":"https:\/\/rayuelakids.com\/es\/wp-content\/uploads\/2022\/03\/cropped-Rayulea-logo-version-horizontal-scaled-1-e1647744456320.jpg","contentUrl":"https:\/\/rayuelakids.com\/es\/wp-content\/uploads\/2022\/03\/cropped-Rayulea-logo-version-horizontal-scaled-1-e1647744456320.jpg","width":800,"height":300,"caption":"Rayuela Kids"},"image":{"@id":"https:\/\/rayuelakids.com\/es\/#\/schema\/logo\/image\/"},"sameAs":["https:\/\/web.facebook.com\/rayuela","https:\/\/www.instagram.com\/rayuelakids\/?hl=en"]}]}},"_links":{"self":[{"href":"https:\/\/rayuelakids.com\/es\/wp-json\/wp\/v2\/pages\/4052","targetHints":{"allow":["GET"]}}],"collection":[{"href":"https:\/\/rayuelakids.com\/es\/wp-json\/wp\/v2\/pages"}],"about":[{"href":"https:\/\/rayuelakids.com\/es\/wp-json\/wp\/v2\/types\/page"}],"author":[{"embeddable":true,"href":"https:\/\/rayuelakids.com\/es\/wp-json\/wp\/v2\/users\/1"}],"replies":[{"embeddable":true,"href":"https:\/\/rayuelakids.com\/es\/wp-json\/wp\/v2\/comments?post=4052"}],"version-history":[{"count":0,"href":"https:\/\/rayuelakids.com\/es\/wp-json\/wp\/v2\/pages\/4052\/revisions"}],"wp:attachment":[{"href":"https:\/\/rayuelakids.com\/es\/wp-json\/wp\/v2\/media?parent=4052"}],"curies":[{"name":"wp","href":"https:\/\/api.w.org\/{rel}","templated":true}]}}