{"id":681,"date":"2022-06-26T18:57:17","date_gmt":"2022-06-26T18:57:17","guid":{"rendered":"https:\/\/www.rayuelakids.com\/es\/?page_id=681"},"modified":"2023-05-09T21:17:12","modified_gmt":"2023-05-09T21:17:12","slug":"primera-puesta-ninos","status":"publish","type":"page","link":"https:\/\/rayuelakids.com\/es\/primera-puesta-ninos\/","title":{"rendered":"Primera Puesta Ni\u00f1os"},"content":{"rendered":"\n\n<p><span style=\"font-size: 24pt;\">\u00bfEst\u00e1s en <b>la b\u00fasqueda de una primera puesta para ni\u00f1os<\/b>? Te damos la bienvenida en &nbsp;<a href=\"https:\/\/rayuelakids.com\/es\">Rajuela Kids.<\/a><\/span><br><span style=\"font-size: 24pt;\">Somos una<strong> tienda online y f\u00edsica, especializados en ropas para ni\u00f1os<\/strong>. Todos nuestros productos est\u00e1n realizados en dralon y algod\u00f3n, 100 % hipoalerg\u00e9nico y vienen realizados en Espa\u00f1a y en Portugal. A nosotros nos&nbsp; gusta presentarlos en una forma elegante: en una&nbsp; <strong>hermosa y preciosa cajita de regalo.<\/strong>El pago es seguro con <a href=\"http:\/\/www.paypal.com\">Pay Pal<\/a>.<\/span><br><span style=\"font-size: 24pt;\">Y si no puedes recoger tu compra, no te preocupes, contamos con env\u00edos sea nacional que servicio de env\u00edo internacional con <a href=\"https:\/\/www.dhl.com\/do-es\/home.html?locale=true\">DHL<\/a>.<\/span><\/p>\n<p><span style=\"font-size: 24pt;\"><!-- \/wp:post-content --><\/span><\/p>\n<p><span style=\"font-size: 24pt;\"><!-- wp:paragraph --><\/span><\/p>\n<p><span style=\"font-size: 24pt;\">En nuestra tienda, podr\u00e1s encontrar una variedad impresionante&nbsp; de primeras<strong> puestas para ni\u00f1os<\/strong>. Pelele, Rompers , mantas,&nbsp; conjuntos de varios colores, como el azul cobalto&nbsp; o el azul marino, son ideales como regalo para los nuevo padres, y a lo mismo tiempo son muy rebuscados como detalles para un baby shower. <\/span><br><span style=\"font-size: 24pt;\">Y si no quieres o no te queda tiempo para&nbsp; pasar por nuestra tienda, puedes siempre comprar online. Tenemos un servicio nacional y un servicio internacional efectuado por <a href=\"https:\/\/www.dhl.com\/do-es\/home.html?locale=true\">DHL<\/a><\/span><\/p>\n<p><!-- \/wp:paragraph --><\/p>\n<p><!-- wp:paragraph --><\/p>\n<p>La empresa naci\u00f3 de la mano de Julissa Peralta quien hace aproximadamente 11 a\u00f1os<br>decidi\u00f3 dedicarse a los ni\u00f1os,<br>acomp\u00e1\u00f1alos desde sus primeros respiros, con una colecci\u00f3n dedicada a ellos,<br>combinando un estilo europeo con los colores de su tierra, la soleada Rep\u00fablica Dominicana.<br>Te invitamos a visitar nuestra p\u00e1gina, o escribirnos si deseas conocer alguna informaci\u00f3n,<br>y ya que estamos aqu\u00ed, pasa por el nuestro local para que toques la calidad de nuestras prendas.<br>Estaremos esperando por usted.<\/p>\n<h2>Primera puesta para ni\u00f1os. <a href=\"https:\/\/rayuelakids.com\/es\">Rayuela Kids<\/a> &#8211; Tienda de ropa f\u00edsica y online para ni\u00f1os de 0 a 6 a\u00f1os. 100% Hipoalerg\u00e9nicos.<\/h2>\n<p><\/p>\n<p><!-- wp:woocommerce\/handpicked-products {\"products\":[2760]} \/--><\/p>\n<p><!-- wp:woocommerce\/handpicked-products {\"products\":[2826]} \/--><\/p>\n<p><!-- wp:woocommerce\/handpicked-products {\"products\":[2833]} \/--><\/p>\n<p><!-- wp:woocommerce\/handpicked-products {\"products\":[2837]} \/--><\/p>\n<p><!-- wp:woocommerce\/handpicked-products {\"products\":[2841]} \/--><\/p>\n<p><!-- wp:woocommerce\/handpicked-products {\"products\":[2847]} \/--><\/p>\n<p><!-- wp:woocommerce\/handpicked-products {\"products\":[2760]} \/--><\/p>\n<p><!-- wp:woocommerce\/handpicked-products {\"products\":[2760]} \/--><\/p>","protected":false},"excerpt":{"rendered":"<p>\u00bfEst\u00e1s en la b\u00fasqueda de una primera puesta para ni\u00f1os? Te damos la bienvenida en &nbsp;Rajuela Kids.Somos una tienda online y f\u00edsica, especializados en ropas para ni\u00f1os. Todos nuestros productos est\u00e1n realizados en dralon y algod\u00f3n, 100 % hipoalerg\u00e9nico y vienen realizados en Espa\u00f1a y en Portugal. A nosotros nos&nbsp; gusta presentarlos en una forma elegante: en una&nbsp; hermosa y preciosa cajita de regalo.El pago es seguro con Pay Pal.Y si no puedes recoger tu compra, no te preocupes, contamos con env\u00edos sea nacional que servicio de env\u00edo internacional con DHL. En nuestra tienda, podr\u00e1s encontrar una variedad impresionante&nbsp; de primeras puestas para ni\u00f1os. Pelele, Rompers , mantas,&nbsp; conjuntos de varios colores, como el azul cobalto&nbsp; o el azul marino, son ideales como regalo para los nuevo padres, y a lo mismo tiempo son muy rebuscados como detalles para un baby shower. Y si no quieres o no te queda tiempo para&nbsp; pasar por nuestra tienda, puedes siempre comprar online. Tenemos un servicio nacional y un servicio internacional efectuado por DHL La empresa naci\u00f3 de la mano de Julissa Peralta quien hace aproximadamente 11 a\u00f1osdecidi\u00f3 dedicarse a los ni\u00f1os,acomp\u00e1\u00f1alos desde sus primeros respiros, con una colecci\u00f3n dedicada a ellos,combinando un estilo europeo con los colores de su tierra, la soleada Rep\u00fablica Dominicana.Te invitamos a visitar nuestra p\u00e1gina, o escribirnos si deseas conocer alguna informaci\u00f3n,y ya que estamos aqu\u00ed, pasa por el nuestro local para que toques la calidad de nuestras prendas.Estaremos esperando por usted. Primera puesta para ni\u00f1os. Rayuela Kids &#8211; Tienda de ropa f\u00edsica y online para ni\u00f1os de 0 a 6 a\u00f1os. 100% Hipoalerg\u00e9nicos.<\/p>\n","protected":false},"author":1,"featured_media":0,"parent":0,"menu_order":0,"comment_status":"closed","ping_status":"closed","template":"","meta":{"inline_featured_image":false,"_joinchat":[],"footnotes":""},"class_list":["post-681","page","type-page","status-publish","hentry"],"yoast_head":"<!-- This site is optimized with the Yoast SEO plugin v27.4 - https:\/\/yoast.com\/product\/yoast-seo-wordpress\/ -->\n<title>Primera Puesta Ni\u00f1os 0-6 a\u00f1os Tienda f\u00edsica y online<\/title>\n<meta name=\"description\" content=\"Primera puesta para ni\u00f1os. Tienda f\u00edsica y online.Ropas para bebes y ni\u00f1os 0-6 a\u00f1os. |Rayuelakids| C. Max. Henr\u00edquez Ure\u00f1a 21 8298406920\" \/>\n<meta name=\"robots\" content=\"index, follow, max-snippet:-1, max-image-preview:large, max-video-preview:-1\" \/>\n<link rel=\"canonical\" href=\"https:\/\/rayuelakids.com\/es\/primera-puesta-ninos\/\" \/>\n<meta property=\"og:locale\" content=\"es_ES\" \/>\n<meta property=\"og:type\" content=\"article\" \/>\n<meta property=\"og:title\" content=\"Primera Puesta Ni\u00f1os 0-6 a\u00f1os Tienda f\u00edsica y online\" \/>\n<meta property=\"og:description\" content=\"Primera puesta para ni\u00f1os. Tienda f\u00edsica y online.Ropas para bebes y ni\u00f1os 0-6 a\u00f1os. |Rayuelakids| C. Max. Henr\u00edquez Ure\u00f1a 21 8298406920\" \/>\n<meta property=\"og:url\" content=\"https:\/\/rayuelakids.com\/es\/primera-puesta-ninos\/\" \/>\n<meta property=\"article:publisher\" content=\"https:\/\/web.facebook.com\/rayuela\" \/>\n<meta property=\"article:modified_time\" content=\"2023-05-09T21:17:12+00:00\" \/>\n<meta property=\"og:image\" content=\"https:\/\/rayuelakids.com\/es\/wp-content\/uploads\/2022\/10\/Primera-Puesta-Ninos.jpg\" \/>\n\t<meta property=\"og:image:width\" content=\"300\" \/>\n\t<meta property=\"og:image:height\" content=\"198\" \/>\n\t<meta property=\"og:image:type\" content=\"image\/jpeg\" \/>\n<meta name=\"twitter:card\" content=\"summary_large_image\" \/>\n<meta name=\"twitter:label1\" content=\"Tiempo de lectura\" \/>\n\t<meta name=\"twitter:data1\" content=\"2 minutos\" \/>\n<script type=\"application\/ld+json\" class=\"yoast-schema-graph\">{\"@context\":\"https:\\\/\\\/schema.org\",\"@graph\":[{\"@type\":\"WebPage\",\"@id\":\"https:\\\/\\\/rayuelakids.com\\\/es\\\/primera-puesta-ninos\\\/\",\"url\":\"https:\\\/\\\/rayuelakids.com\\\/es\\\/primera-puesta-ninos\\\/\",\"name\":\"Primera Puesta Ni\u00f1os 0-6 a\u00f1os Tienda f\u00edsica y online\",\"isPartOf\":{\"@id\":\"https:\\\/\\\/rayuelakids.com\\\/es\\\/#website\"},\"datePublished\":\"2022-06-26T18:57:17+00:00\",\"dateModified\":\"2023-05-09T21:17:12+00:00\",\"description\":\"Primera puesta para ni\u00f1os. Tienda f\u00edsica y online.Ropas para bebes y ni\u00f1os 0-6 a\u00f1os. |Rayuelakids| C. Max. Henr\u00edquez Ure\u00f1a 21 8298406920\",\"breadcrumb\":{\"@id\":\"https:\\\/\\\/rayuelakids.com\\\/es\\\/primera-puesta-ninos\\\/#breadcrumb\"},\"inLanguage\":\"es\",\"potentialAction\":[{\"@type\":\"ReadAction\",\"target\":[\"https:\\\/\\\/rayuelakids.com\\\/es\\\/primera-puesta-ninos\\\/\"]}]},{\"@type\":\"BreadcrumbList\",\"@id\":\"https:\\\/\\\/rayuelakids.com\\\/es\\\/primera-puesta-ninos\\\/#breadcrumb\",\"itemListElement\":[{\"@type\":\"ListItem\",\"position\":1,\"name\":\"Portada\",\"item\":\"https:\\\/\\\/rayuelakids.com\\\/es\\\/\"},{\"@type\":\"ListItem\",\"position\":2,\"name\":\"Primera Puesta Ni\u00f1os\"}]},{\"@type\":\"WebSite\",\"@id\":\"https:\\\/\\\/rayuelakids.com\\\/es\\\/#website\",\"url\":\"https:\\\/\\\/rayuelakids.com\\\/es\\\/\",\"name\":\"Rayuela Kids\",\"description\":\"Moda Infantil\",\"publisher\":{\"@id\":\"https:\\\/\\\/rayuelakids.com\\\/es\\\/#organization\"},\"alternateName\":\"RayuelaKids\",\"potentialAction\":[{\"@type\":\"SearchAction\",\"target\":{\"@type\":\"EntryPoint\",\"urlTemplate\":\"https:\\\/\\\/rayuelakids.com\\\/es\\\/?s={search_term_string}\"},\"query-input\":{\"@type\":\"PropertyValueSpecification\",\"valueRequired\":true,\"valueName\":\"search_term_string\"}}],\"inLanguage\":\"es\"},{\"@type\":\"Organization\",\"@id\":\"https:\\\/\\\/rayuelakids.com\\\/es\\\/#organization\",\"name\":\"Rayuela Kids\",\"url\":\"https:\\\/\\\/rayuelakids.com\\\/es\\\/\",\"logo\":{\"@type\":\"ImageObject\",\"inLanguage\":\"es\",\"@id\":\"https:\\\/\\\/rayuelakids.com\\\/es\\\/#\\\/schema\\\/logo\\\/image\\\/\",\"url\":\"https:\\\/\\\/rayuelakids.com\\\/es\\\/wp-content\\\/uploads\\\/2022\\\/03\\\/cropped-Rayulea-logo-version-horizontal-scaled-1-e1647744456320.jpg\",\"contentUrl\":\"https:\\\/\\\/rayuelakids.com\\\/es\\\/wp-content\\\/uploads\\\/2022\\\/03\\\/cropped-Rayulea-logo-version-horizontal-scaled-1-e1647744456320.jpg\",\"width\":800,\"height\":300,\"caption\":\"Rayuela Kids\"},\"image\":{\"@id\":\"https:\\\/\\\/rayuelakids.com\\\/es\\\/#\\\/schema\\\/logo\\\/image\\\/\"},\"sameAs\":[\"https:\\\/\\\/web.facebook.com\\\/rayuela\",\"https:\\\/\\\/www.instagram.com\\\/rayuelakids\\\/?hl=en\"]}]}<\/script>\n<!-- \/ Yoast SEO plugin. -->","yoast_head_json":{"title":"Primera Puesta Ni\u00f1os 0-6 a\u00f1os Tienda f\u00edsica y online","description":"Primera puesta para ni\u00f1os. Tienda f\u00edsica y online.Ropas para bebes y ni\u00f1os 0-6 a\u00f1os. |Rayuelakids| C. Max. Henr\u00edquez Ure\u00f1a 21 8298406920","robots":{"index":"index","follow":"follow","max-snippet":"max-snippet:-1","max-image-preview":"max-image-preview:large","max-video-preview":"max-video-preview:-1"},"canonical":"https:\/\/rayuelakids.com\/es\/primera-puesta-ninos\/","og_locale":"es_ES","og_type":"article","og_title":"Primera Puesta Ni\u00f1os 0-6 a\u00f1os Tienda f\u00edsica y online","og_description":"Primera puesta para ni\u00f1os. Tienda f\u00edsica y online.Ropas para bebes y ni\u00f1os 0-6 a\u00f1os. |Rayuelakids| C. Max. Henr\u00edquez Ure\u00f1a 21 8298406920","og_url":"https:\/\/rayuelakids.com\/es\/primera-puesta-ninos\/","article_publisher":"https:\/\/web.facebook.com\/rayuela","article_modified_time":"2023-05-09T21:17:12+00:00","og_image":[{"width":300,"height":198,"url":"https:\/\/rayuelakids.com\/es\/wp-content\/uploads\/2022\/10\/Primera-Puesta-Ninos.jpg","type":"image\/jpeg"}],"twitter_card":"summary_large_image","twitter_misc":{"Tiempo de lectura":"2 minutos"},"schema":{"@context":"https:\/\/schema.org","@graph":[{"@type":"WebPage","@id":"https:\/\/rayuelakids.com\/es\/primera-puesta-ninos\/","url":"https:\/\/rayuelakids.com\/es\/primera-puesta-ninos\/","name":"Primera Puesta Ni\u00f1os 0-6 a\u00f1os Tienda f\u00edsica y online","isPartOf":{"@id":"https:\/\/rayuelakids.com\/es\/#website"},"datePublished":"2022-06-26T18:57:17+00:00","dateModified":"2023-05-09T21:17:12+00:00","description":"Primera puesta para ni\u00f1os. Tienda f\u00edsica y online.Ropas para bebes y ni\u00f1os 0-6 a\u00f1os. |Rayuelakids| C. Max. Henr\u00edquez Ure\u00f1a 21 8298406920","breadcrumb":{"@id":"https:\/\/rayuelakids.com\/es\/primera-puesta-ninos\/#breadcrumb"},"inLanguage":"es","potentialAction":[{"@type":"ReadAction","target":["https:\/\/rayuelakids.com\/es\/primera-puesta-ninos\/"]}]},{"@type":"BreadcrumbList","@id":"https:\/\/rayuelakids.com\/es\/primera-puesta-ninos\/#breadcrumb","itemListElement":[{"@type":"ListItem","position":1,"name":"Portada","item":"https:\/\/rayuelakids.com\/es\/"},{"@type":"ListItem","position":2,"name":"Primera Puesta Ni\u00f1os"}]},{"@type":"WebSite","@id":"https:\/\/rayuelakids.com\/es\/#website","url":"https:\/\/rayuelakids.com\/es\/","name":"Rayuela Kids","description":"Moda Infantil","publisher":{"@id":"https:\/\/rayuelakids.com\/es\/#organization"},"alternateName":"RayuelaKids","potentialAction":[{"@type":"SearchAction","target":{"@type":"EntryPoint","urlTemplate":"https:\/\/rayuelakids.com\/es\/?s={search_term_string}"},"query-input":{"@type":"PropertyValueSpecification","valueRequired":true,"valueName":"search_term_string"}}],"inLanguage":"es"},{"@type":"Organization","@id":"https:\/\/rayuelakids.com\/es\/#organization","name":"Rayuela Kids","url":"https:\/\/rayuelakids.com\/es\/","logo":{"@type":"ImageObject","inLanguage":"es","@id":"https:\/\/rayuelakids.com\/es\/#\/schema\/logo\/image\/","url":"https:\/\/rayuelakids.com\/es\/wp-content\/uploads\/2022\/03\/cropped-Rayulea-logo-version-horizontal-scaled-1-e1647744456320.jpg","contentUrl":"https:\/\/rayuelakids.com\/es\/wp-content\/uploads\/2022\/03\/cropped-Rayulea-logo-version-horizontal-scaled-1-e1647744456320.jpg","width":800,"height":300,"caption":"Rayuela Kids"},"image":{"@id":"https:\/\/rayuelakids.com\/es\/#\/schema\/logo\/image\/"},"sameAs":["https:\/\/web.facebook.com\/rayuela","https:\/\/www.instagram.com\/rayuelakids\/?hl=en"]}]}},"_links":{"self":[{"href":"https:\/\/rayuelakids.com\/es\/wp-json\/wp\/v2\/pages\/681","targetHints":{"allow":["GET"]}}],"collection":[{"href":"https:\/\/rayuelakids.com\/es\/wp-json\/wp\/v2\/pages"}],"about":[{"href":"https:\/\/rayuelakids.com\/es\/wp-json\/wp\/v2\/types\/page"}],"author":[{"embeddable":true,"href":"https:\/\/rayuelakids.com\/es\/wp-json\/wp\/v2\/users\/1"}],"replies":[{"embeddable":true,"href":"https:\/\/rayuelakids.com\/es\/wp-json\/wp\/v2\/comments?post=681"}],"version-history":[{"count":0,"href":"https:\/\/rayuelakids.com\/es\/wp-json\/wp\/v2\/pages\/681\/revisions"}],"wp:attachment":[{"href":"https:\/\/rayuelakids.com\/es\/wp-json\/wp\/v2\/media?parent=681"}],"curies":[{"name":"wp","href":"https:\/\/api.w.org\/{rel}","templated":true}]}}