{"id":8,"date":"2021-10-17T14:58:21","date_gmt":"2021-10-17T14:58:21","guid":{"rendered":"https:\/\/www.rayuelakids.com\/es\/?page_id=8"},"modified":"2022-10-12T19:56:07","modified_gmt":"2022-10-12T19:56:07","slug":"quienes-somos","status":"publish","type":"page","link":"https:\/\/rayuelakids.com\/es\/quienes-somos\/","title":{"rendered":"Quienes somos"},"content":{"rendered":"<p class=\"fonts-plugin-block has-20-font-size\" style=\"font-family: Averia Sans Libre;color: #0693e3\"><br>Bienvenido en nuestra pagina online. Para estar aqu\u00ed te estar\u00e1s preguntando <strong>quienes somos<\/strong> y cu\u00e1l es nuestra misi\u00f3n.   <a href=\"https:\/\/rayuelakids.com\/es\">Rayuelakids<\/a> es  una tienda f\u00edsica y <strong>onlin<\/strong>e especializada en<strong> primeras puestas y ropas para ni\u00f1os hasta 6 a\u00f1os. <\/strong>Todos nuestros productos  son fabricados en Espa\u00f1a y Portugal. Rayuela naci\u00f3 en 2011 de la mano de <a href=\"https:\/\/www.instagram.com\/rayuelakids\/?hl=en\" target=\"_blank\" rel=\"noreferrer noopener\">Julissa Peralta<\/a>. Su pasi\u00f3n por los ni\u00f1os la acerc\u00f3 a una carrera en la moda infantil. Pronto se convirti\u00f3 en dise\u00f1adora de moda infantil y su \u00e9xito no se hizo esperar.<br>Julissa, arquitecta y estilista dominicana, cuyos dise\u00f1os se caracterizan por ser<br>estilo cl\u00e1sico con toques acorde a la moda actual, cortes sencillos y l\u00edneas definidas,<br><br>A los 16 a\u00f1os estudi\u00f3 dise\u00f1o de moda en el centro de la ciudad.<br>Integral Adolfina Lluberes y Arquitectura en la Universidad Pedro Henr\u00edquez Ure\u00f1a.<\/p>\n\n<p class=\"fonts-plugin-block has-20-font-size\" style=\"font-family: Averia Sans Libre;color: #0693e3\"> En 2010 vuelve al fascinante mundo de la moda de la mano de la firma de moda<br>campana para ni\u00f1os. Su inspiraci\u00f3n son los ni\u00f1os a los que considera su musa,<br> ya que le permite ser muy creativa, juega con los colores, las texturas, para ella el mundo de los ni\u00f1os est\u00e1 lleno de fantas\u00edas y cada vez que dibuja la ni\u00f1a que lleva dentro ella sale a relucir.<br>Su visi\u00f3n de vestir a los ni\u00f1os combinando los colores de su tierra, la maravillosa <a href=\"https:\/\/www.gob.do\/\" target=\"_blank\" rel=\"noreferrer noopener\">Rep\u00fablica Dominicana, <\/a>con un estilo fuertemente europeo la catapult\u00f3 a muchos pa\u00edses, como Nueva York que hace <a href=\"https:\/\/www.luminariastv.com\/dominicana-moda-2014-se-impone-desde-hoy\/\" target=\"_blank\" rel=\"noreferrer noopener\">desfiles de moda.<\/a> <br>Y ahora que sabes <strong>quienes somos <\/strong>y lo que hacemos, te esperamos en nuestra tienda y si no puede pasar puedes siempre comprar en nuestra tienda online.<\/p>\n\n\n<figure class=\"wp-block-image\"><img decoding=\"async\" src=\"https:\/\/rayuelakids.com\/es\/wp-content\/uploads\/2022\/07\/quienes-somos-822x1024.jpg\" alt=\"\" class=\"wp-image-702\"\/><\/figure>\n\n\n\n<h2 class=\"wp-block-heading\">Quienes somos- Rayuelakids- tienda f\u00edsica y online &#8211; primeras puestas y ropas para ni\u00f1os hasta 10 a\u00f1os.<\/h2>\n\n\n\n<h2 class=\"has-text-align-center has-large-font-size wp-block-heading\"><a href=\"https:\/\/rayuelakids.com\/es\"><img decoding=\"async\" width=\"150\" height=\"56\" class=\"wp-image-465\" style=\"width: 150px;\" src=\"https:\/\/rayuelakids.com\/es\/wp-content\/uploads\/2022\/03\/cropped-Rayulea-logo-version-horizontal-scaled-1-e1647744456320.jpg\" alt=\"\" srcset=\"https:\/\/rayuelakids.com\/es\/wp-content\/uploads\/2022\/03\/cropped-Rayulea-logo-version-horizontal-scaled-1-e1647744456320.jpg 800w, https:\/\/rayuelakids.com\/es\/wp-content\/uploads\/2022\/03\/cropped-Rayulea-logo-version-horizontal-scaled-1-e1647744456320-600x225.jpg 600w\" sizes=\"(max-width: 150px) 100vw, 150px\" \/><\/a> <\/h2>\n\n\n\n<p><\/p>\n","protected":false},"excerpt":{"rendered":"<p>Quienes somos- Rayuelakids- tienda f\u00edsica y online &#8211; primeras puestas y ropas para ni\u00f1os hasta 10 a\u00f1os.<\/p>\n","protected":false},"author":1,"featured_media":1119,"parent":0,"menu_order":0,"comment_status":"closed","ping_status":"closed","template":"","meta":{"inline_featured_image":false,"_joinchat":[],"footnotes":""},"class_list":["post-8","page","type-page","status-publish","has-post-thumbnail","hentry"],"yoast_head":"<!-- This site is optimized with the Yoast SEO plugin v27.4 - https:\/\/yoast.com\/product\/yoast-seo-wordpress\/ -->\n<title>Quienes Somos - tienda f\u00edsica y online primeras puesta para beb\u00e9s<\/title>\n<meta name=\"description\" content=\"Quienes Somos - tienda f\u00edsica y online primeras puesta para beb\u00e9s Moda infantil en Santo Domingo C. M\u00e1ximo Henr\u00edquez Ure\u00f1a 8298406927\" \/>\n<meta name=\"robots\" content=\"index, follow, max-snippet:-1, max-image-preview:large, max-video-preview:-1\" \/>\n<link rel=\"canonical\" href=\"https:\/\/rayuelakids.com\/es\/quienes-somos\/\" \/>\n<meta property=\"og:locale\" content=\"es_ES\" \/>\n<meta property=\"og:type\" content=\"article\" \/>\n<meta property=\"og:title\" content=\"Quienes Somos - tienda f\u00edsica y online primeras puesta para beb\u00e9s\" \/>\n<meta property=\"og:description\" content=\"Quienes Somos - tienda f\u00edsica y online primeras puesta para beb\u00e9s Moda infantil en Santo Domingo C. M\u00e1ximo Henr\u00edquez Ure\u00f1a 8298406927\" \/>\n<meta property=\"og:url\" content=\"https:\/\/rayuelakids.com\/es\/quienes-somos\/\" \/>\n<meta property=\"article:publisher\" content=\"https:\/\/web.facebook.com\/rayuela\" \/>\n<meta property=\"article:modified_time\" content=\"2022-10-12T19:56:07+00:00\" \/>\n<meta property=\"og:image\" content=\"https:\/\/rayuelakids.com\/es\/wp-content\/uploads\/2022\/10\/Quienes-Somos.jpg\" \/>\n\t<meta property=\"og:image:width\" content=\"240\" \/>\n\t<meta property=\"og:image:height\" content=\"300\" \/>\n\t<meta property=\"og:image:type\" content=\"image\/jpeg\" \/>\n<meta name=\"twitter:card\" content=\"summary_large_image\" \/>\n<meta name=\"twitter:label1\" content=\"Tiempo de lectura\" \/>\n\t<meta name=\"twitter:data1\" content=\"1 minuto\" \/>\n<script type=\"application\/ld+json\" class=\"yoast-schema-graph\">{\"@context\":\"https:\\\/\\\/schema.org\",\"@graph\":[{\"@type\":\"WebPage\",\"@id\":\"https:\\\/\\\/rayuelakids.com\\\/es\\\/quienes-somos\\\/\",\"url\":\"https:\\\/\\\/rayuelakids.com\\\/es\\\/quienes-somos\\\/\",\"name\":\"Quienes Somos - tienda f\u00edsica y online primeras puesta para beb\u00e9s\",\"isPartOf\":{\"@id\":\"https:\\\/\\\/rayuelakids.com\\\/es\\\/#website\"},\"primaryImageOfPage\":{\"@id\":\"https:\\\/\\\/rayuelakids.com\\\/es\\\/quienes-somos\\\/#primaryimage\"},\"image\":{\"@id\":\"https:\\\/\\\/rayuelakids.com\\\/es\\\/quienes-somos\\\/#primaryimage\"},\"thumbnailUrl\":\"https:\\\/\\\/rayuelakids.com\\\/es\\\/wp-content\\\/uploads\\\/2022\\\/10\\\/Quienes-Somos.jpg\",\"datePublished\":\"2021-10-17T14:58:21+00:00\",\"dateModified\":\"2022-10-12T19:56:07+00:00\",\"description\":\"Quienes Somos - tienda f\u00edsica y online primeras puesta para beb\u00e9s Moda infantil en Santo Domingo C. M\u00e1ximo Henr\u00edquez Ure\u00f1a 8298406927\",\"breadcrumb\":{\"@id\":\"https:\\\/\\\/rayuelakids.com\\\/es\\\/quienes-somos\\\/#breadcrumb\"},\"inLanguage\":\"es\",\"potentialAction\":[{\"@type\":\"ReadAction\",\"target\":[\"https:\\\/\\\/rayuelakids.com\\\/es\\\/quienes-somos\\\/\"]}]},{\"@type\":\"ImageObject\",\"inLanguage\":\"es\",\"@id\":\"https:\\\/\\\/rayuelakids.com\\\/es\\\/quienes-somos\\\/#primaryimage\",\"url\":\"https:\\\/\\\/rayuelakids.com\\\/es\\\/wp-content\\\/uploads\\\/2022\\\/10\\\/Quienes-Somos.jpg\",\"contentUrl\":\"https:\\\/\\\/rayuelakids.com\\\/es\\\/wp-content\\\/uploads\\\/2022\\\/10\\\/Quienes-Somos.jpg\",\"width\":240,\"height\":300,\"caption\":\"Quienes-Somos\"},{\"@type\":\"BreadcrumbList\",\"@id\":\"https:\\\/\\\/rayuelakids.com\\\/es\\\/quienes-somos\\\/#breadcrumb\",\"itemListElement\":[{\"@type\":\"ListItem\",\"position\":1,\"name\":\"Portada\",\"item\":\"https:\\\/\\\/rayuelakids.com\\\/es\\\/\"},{\"@type\":\"ListItem\",\"position\":2,\"name\":\"Quienes somos\"}]},{\"@type\":\"WebSite\",\"@id\":\"https:\\\/\\\/rayuelakids.com\\\/es\\\/#website\",\"url\":\"https:\\\/\\\/rayuelakids.com\\\/es\\\/\",\"name\":\"Rayuela Kids\",\"description\":\"Moda Infantil\",\"publisher\":{\"@id\":\"https:\\\/\\\/rayuelakids.com\\\/es\\\/#organization\"},\"alternateName\":\"RayuelaKids\",\"potentialAction\":[{\"@type\":\"SearchAction\",\"target\":{\"@type\":\"EntryPoint\",\"urlTemplate\":\"https:\\\/\\\/rayuelakids.com\\\/es\\\/?s={search_term_string}\"},\"query-input\":{\"@type\":\"PropertyValueSpecification\",\"valueRequired\":true,\"valueName\":\"search_term_string\"}}],\"inLanguage\":\"es\"},{\"@type\":\"Organization\",\"@id\":\"https:\\\/\\\/rayuelakids.com\\\/es\\\/#organization\",\"name\":\"Rayuela Kids\",\"url\":\"https:\\\/\\\/rayuelakids.com\\\/es\\\/\",\"logo\":{\"@type\":\"ImageObject\",\"inLanguage\":\"es\",\"@id\":\"https:\\\/\\\/rayuelakids.com\\\/es\\\/#\\\/schema\\\/logo\\\/image\\\/\",\"url\":\"https:\\\/\\\/rayuelakids.com\\\/es\\\/wp-content\\\/uploads\\\/2022\\\/03\\\/cropped-Rayulea-logo-version-horizontal-scaled-1-e1647744456320.jpg\",\"contentUrl\":\"https:\\\/\\\/rayuelakids.com\\\/es\\\/wp-content\\\/uploads\\\/2022\\\/03\\\/cropped-Rayulea-logo-version-horizontal-scaled-1-e1647744456320.jpg\",\"width\":800,\"height\":300,\"caption\":\"Rayuela Kids\"},\"image\":{\"@id\":\"https:\\\/\\\/rayuelakids.com\\\/es\\\/#\\\/schema\\\/logo\\\/image\\\/\"},\"sameAs\":[\"https:\\\/\\\/web.facebook.com\\\/rayuela\",\"https:\\\/\\\/www.instagram.com\\\/rayuelakids\\\/?hl=en\"]}]}<\/script>\n<!-- \/ Yoast SEO plugin. -->","yoast_head_json":{"title":"Quienes Somos - tienda f\u00edsica y online primeras puesta para beb\u00e9s","description":"Quienes Somos - tienda f\u00edsica y online primeras puesta para beb\u00e9s Moda infantil en Santo Domingo C. M\u00e1ximo Henr\u00edquez Ure\u00f1a 8298406927","robots":{"index":"index","follow":"follow","max-snippet":"max-snippet:-1","max-image-preview":"max-image-preview:large","max-video-preview":"max-video-preview:-1"},"canonical":"https:\/\/rayuelakids.com\/es\/quienes-somos\/","og_locale":"es_ES","og_type":"article","og_title":"Quienes Somos - tienda f\u00edsica y online primeras puesta para beb\u00e9s","og_description":"Quienes Somos - tienda f\u00edsica y online primeras puesta para beb\u00e9s Moda infantil en Santo Domingo C. M\u00e1ximo Henr\u00edquez Ure\u00f1a 8298406927","og_url":"https:\/\/rayuelakids.com\/es\/quienes-somos\/","article_publisher":"https:\/\/web.facebook.com\/rayuela","article_modified_time":"2022-10-12T19:56:07+00:00","og_image":[{"width":240,"height":300,"url":"https:\/\/rayuelakids.com\/es\/wp-content\/uploads\/2022\/10\/Quienes-Somos.jpg","type":"image\/jpeg"}],"twitter_card":"summary_large_image","twitter_misc":{"Tiempo de lectura":"1 minuto"},"schema":{"@context":"https:\/\/schema.org","@graph":[{"@type":"WebPage","@id":"https:\/\/rayuelakids.com\/es\/quienes-somos\/","url":"https:\/\/rayuelakids.com\/es\/quienes-somos\/","name":"Quienes Somos - tienda f\u00edsica y online primeras puesta para beb\u00e9s","isPartOf":{"@id":"https:\/\/rayuelakids.com\/es\/#website"},"primaryImageOfPage":{"@id":"https:\/\/rayuelakids.com\/es\/quienes-somos\/#primaryimage"},"image":{"@id":"https:\/\/rayuelakids.com\/es\/quienes-somos\/#primaryimage"},"thumbnailUrl":"https:\/\/rayuelakids.com\/es\/wp-content\/uploads\/2022\/10\/Quienes-Somos.jpg","datePublished":"2021-10-17T14:58:21+00:00","dateModified":"2022-10-12T19:56:07+00:00","description":"Quienes Somos - tienda f\u00edsica y online primeras puesta para beb\u00e9s Moda infantil en Santo Domingo C. M\u00e1ximo Henr\u00edquez Ure\u00f1a 8298406927","breadcrumb":{"@id":"https:\/\/rayuelakids.com\/es\/quienes-somos\/#breadcrumb"},"inLanguage":"es","potentialAction":[{"@type":"ReadAction","target":["https:\/\/rayuelakids.com\/es\/quienes-somos\/"]}]},{"@type":"ImageObject","inLanguage":"es","@id":"https:\/\/rayuelakids.com\/es\/quienes-somos\/#primaryimage","url":"https:\/\/rayuelakids.com\/es\/wp-content\/uploads\/2022\/10\/Quienes-Somos.jpg","contentUrl":"https:\/\/rayuelakids.com\/es\/wp-content\/uploads\/2022\/10\/Quienes-Somos.jpg","width":240,"height":300,"caption":"Quienes-Somos"},{"@type":"BreadcrumbList","@id":"https:\/\/rayuelakids.com\/es\/quienes-somos\/#breadcrumb","itemListElement":[{"@type":"ListItem","position":1,"name":"Portada","item":"https:\/\/rayuelakids.com\/es\/"},{"@type":"ListItem","position":2,"name":"Quienes somos"}]},{"@type":"WebSite","@id":"https:\/\/rayuelakids.com\/es\/#website","url":"https:\/\/rayuelakids.com\/es\/","name":"Rayuela Kids","description":"Moda Infantil","publisher":{"@id":"https:\/\/rayuelakids.com\/es\/#organization"},"alternateName":"RayuelaKids","potentialAction":[{"@type":"SearchAction","target":{"@type":"EntryPoint","urlTemplate":"https:\/\/rayuelakids.com\/es\/?s={search_term_string}"},"query-input":{"@type":"PropertyValueSpecification","valueRequired":true,"valueName":"search_term_string"}}],"inLanguage":"es"},{"@type":"Organization","@id":"https:\/\/rayuelakids.com\/es\/#organization","name":"Rayuela Kids","url":"https:\/\/rayuelakids.com\/es\/","logo":{"@type":"ImageObject","inLanguage":"es","@id":"https:\/\/rayuelakids.com\/es\/#\/schema\/logo\/image\/","url":"https:\/\/rayuelakids.com\/es\/wp-content\/uploads\/2022\/03\/cropped-Rayulea-logo-version-horizontal-scaled-1-e1647744456320.jpg","contentUrl":"https:\/\/rayuelakids.com\/es\/wp-content\/uploads\/2022\/03\/cropped-Rayulea-logo-version-horizontal-scaled-1-e1647744456320.jpg","width":800,"height":300,"caption":"Rayuela Kids"},"image":{"@id":"https:\/\/rayuelakids.com\/es\/#\/schema\/logo\/image\/"},"sameAs":["https:\/\/web.facebook.com\/rayuela","https:\/\/www.instagram.com\/rayuelakids\/?hl=en"]}]}},"_links":{"self":[{"href":"https:\/\/rayuelakids.com\/es\/wp-json\/wp\/v2\/pages\/8","targetHints":{"allow":["GET"]}}],"collection":[{"href":"https:\/\/rayuelakids.com\/es\/wp-json\/wp\/v2\/pages"}],"about":[{"href":"https:\/\/rayuelakids.com\/es\/wp-json\/wp\/v2\/types\/page"}],"author":[{"embeddable":true,"href":"https:\/\/rayuelakids.com\/es\/wp-json\/wp\/v2\/users\/1"}],"replies":[{"embeddable":true,"href":"https:\/\/rayuelakids.com\/es\/wp-json\/wp\/v2\/comments?post=8"}],"version-history":[{"count":0,"href":"https:\/\/rayuelakids.com\/es\/wp-json\/wp\/v2\/pages\/8\/revisions"}],"wp:featuredmedia":[{"embeddable":true,"href":"https:\/\/rayuelakids.com\/es\/wp-json\/wp\/v2\/media\/1119"}],"wp:attachment":[{"href":"https:\/\/rayuelakids.com\/es\/wp-json\/wp\/v2\/media?parent=8"}],"curies":[{"name":"wp","href":"https:\/\/api.w.org\/{rel}","templated":true}]}}