{"id":10474,"date":"2025-09-21T13:25:16","date_gmt":"2025-09-21T13:25:16","guid":{"rendered":"https:\/\/www.rayuelakids.com\/es\/producto\/conejito-adrian-perla-camel\/"},"modified":"2026-02-13T20:38:31","modified_gmt":"2026-02-13T20:38:31","slug":"conejito-adrian-perla-camel","status":"publish","type":"product","link":"https:\/\/rayuelakids.com\/es\/producto\/conejito-adrian-perla-camel\/","title":{"rendered":"conejito Adrian perla camel"},"content":{"rendered":"<p>Para la futura mam\u00e1&#8230;<\/p>\n<p>Descubre nuestras cajas de regalo de lujo para un reci\u00e9n llegado. Mima a una nueva mam\u00e1 con una caja de regalo premium que puede atesorar. Encuentre los elementos esenciales que cualquier nuevo beb\u00e9 necesitar\u00e1 para darle la bienvenida al mundo.<\/p>\n<p>Hermosa caja de regalo para bebe<\/p>\n<p>Size:0-3m para bebes 6 a 8.5 libras<\/p>\n<p>Incluye:<\/p>\n<p>1 conjunto largo con su gorro de algod\u00f3n.<\/p>\n<p>100% hipoalerg\u00e9nico (abrigo,rumper,gorro)<\/p>\n<p>1 conjunto corto de 3 piezas con su gorro de dralon 100% hipoalerg\u00e9nico (abrigo, romper y gorro)<\/p>\n<p>1 par de zapatos tejidos<\/p>\n<p>1 manta tejida de dralon 100% hipoalerg\u00e9nico<\/p>\n<p>(modelo a disponibilidad: manta blanca entera)<\/p>\n<p>hecho en Portugal<\/p>\n","protected":false},"excerpt":{"rendered":"<p>Para la futura mam\u00e1&#8230; Descubre nuestras cajas de regalo de lujo para un reci\u00e9n llegado. Mima a una nueva mam\u00e1 con una caja de regalo premium que puede atesorar. Encuentre los elementos esenciales que cualquier nuevo beb\u00e9 necesitar\u00e1 para darle la bienvenida al mundo. Hermosa caja de regalo para bebe Size:0-3m para bebes 6 a 8.5 libras Incluye: 1 conjunto largo con su gorro de algod\u00f3n. 100% hipoalerg\u00e9nico (abrigo,rumper,gorro) 1 conjunto corto de 3 piezas con su gorro de dralon 100% hipoalerg\u00e9nico (abrigo, romper y gorro) 1 par de zapatos tejidos 1 manta tejida de dralon 100% hipoalerg\u00e9nico (modelo a disponibilidad: manta blanca entera) hecho en Portugal<\/p>\n","protected":false},"featured_media":10473,"comment_status":"open","ping_status":"closed","template":"","meta":{"inline_featured_image":false,"_joinchat":[]},"product_brand":[],"product_cat":[148,19,124,114],"product_tag":[],"class_list":{"0":"post-10474","1":"product","2":"type-product","3":"status-publish","4":"has-post-thumbnail","6":"product_cat-tejido","7":"product_cat-primera-puesta-ninos","8":"product_cat-los-mas-vendidos","9":"product_cat-cajas-de-nacimiento","11":"first","12":"outofstock","13":"shipping-taxable","14":"purchasable","15":"product-type-simple"},"yoast_head":"<!-- This site is optimized with the Yoast SEO plugin v27.4 - https:\/\/yoast.com\/product\/yoast-seo-wordpress\/ -->\n<title>conejito Adrian perla camel<\/title>\n<meta name=\"robots\" content=\"index, follow, max-snippet:-1, max-image-preview:large, max-video-preview:-1\" \/>\n<link rel=\"canonical\" href=\"https:\/\/rayuelakids.com\/es\/producto\/conejito-adrian-perla-camel\/\" \/>\n<meta property=\"og:locale\" content=\"es_ES\" \/>\n<meta property=\"og:type\" content=\"article\" \/>\n<meta property=\"og:title\" content=\"conejito Adrian perla camel\" \/>\n<meta property=\"og:description\" content=\"Para la futura mam\u00e1&#8230; Descubre nuestras cajas de regalo de lujo para un reci\u00e9n llegado. Mima a una nueva mam\u00e1 con una caja de regalo premium que puede atesorar. Encuentre los elementos esenciales que cualquier nuevo beb\u00e9 necesitar\u00e1 para darle la bienvenida al mundo. Hermosa caja de regalo para bebe Size:0-3m para bebes 6 a 8.5 libras Incluye: 1 conjunto largo con su gorro de algod\u00f3n. 100% hipoalerg\u00e9nico (abrigo,rumper,gorro) 1 conjunto corto de 3 piezas con su gorro de dralon 100% hipoalerg\u00e9nico (abrigo, romper y gorro) 1 par de zapatos tejidos 1 manta tejida de dralon 100% hipoalerg\u00e9nico (modelo a disponibilidad: manta blanca entera) hecho en Portugal\" \/>\n<meta property=\"og:url\" content=\"https:\/\/rayuelakids.com\/es\/producto\/conejito-adrian-perla-camel\/\" \/>\n<meta property=\"article:publisher\" content=\"https:\/\/web.facebook.com\/rayuela\" \/>\n<meta property=\"article:modified_time\" content=\"2026-02-13T20:38:31+00:00\" \/>\n<meta property=\"og:image\" content=\"https:\/\/rayuelakids.com\/es\/wp-content\/uploads\/2025\/09\/1001237154-scaled.jpg\" \/>\n\t<meta property=\"og:image:width\" content=\"1920\" \/>\n\t<meta property=\"og:image:height\" content=\"2560\" \/>\n\t<meta property=\"og:image:type\" content=\"image\/jpeg\" \/>\n<meta name=\"twitter:card\" content=\"summary_large_image\" \/>\n<meta name=\"twitter:label1\" content=\"Tiempo de lectura\" \/>\n\t<meta name=\"twitter:data1\" content=\"1 minuto\" \/>\n<script type=\"application\/ld+json\" class=\"yoast-schema-graph\">{\"@context\":\"https:\\\/\\\/schema.org\",\"@graph\":[{\"@type\":\"WebPage\",\"@id\":\"https:\\\/\\\/rayuelakids.com\\\/es\\\/producto\\\/conejito-adrian-perla-camel\\\/\",\"url\":\"https:\\\/\\\/rayuelakids.com\\\/es\\\/producto\\\/conejito-adrian-perla-camel\\\/\",\"name\":\"conejito Adrian perla camel\",\"isPartOf\":{\"@id\":\"https:\\\/\\\/rayuelakids.com\\\/es\\\/#website\"},\"primaryImageOfPage\":{\"@id\":\"https:\\\/\\\/rayuelakids.com\\\/es\\\/producto\\\/conejito-adrian-perla-camel\\\/#primaryimage\"},\"image\":{\"@id\":\"https:\\\/\\\/rayuelakids.com\\\/es\\\/producto\\\/conejito-adrian-perla-camel\\\/#primaryimage\"},\"thumbnailUrl\":\"https:\\\/\\\/rayuelakids.com\\\/es\\\/wp-content\\\/uploads\\\/2025\\\/09\\\/1001237154-scaled.jpg\",\"datePublished\":\"2025-09-21T13:25:16+00:00\",\"dateModified\":\"2026-02-13T20:38:31+00:00\",\"breadcrumb\":{\"@id\":\"https:\\\/\\\/rayuelakids.com\\\/es\\\/producto\\\/conejito-adrian-perla-camel\\\/#breadcrumb\"},\"inLanguage\":\"es\",\"potentialAction\":[{\"@type\":\"ReadAction\",\"target\":[\"https:\\\/\\\/rayuelakids.com\\\/es\\\/producto\\\/conejito-adrian-perla-camel\\\/\"]}]},{\"@type\":\"ImageObject\",\"inLanguage\":\"es\",\"@id\":\"https:\\\/\\\/rayuelakids.com\\\/es\\\/producto\\\/conejito-adrian-perla-camel\\\/#primaryimage\",\"url\":\"https:\\\/\\\/rayuelakids.com\\\/es\\\/wp-content\\\/uploads\\\/2025\\\/09\\\/1001237154-scaled.jpg\",\"contentUrl\":\"https:\\\/\\\/rayuelakids.com\\\/es\\\/wp-content\\\/uploads\\\/2025\\\/09\\\/1001237154-scaled.jpg\",\"width\":1920,\"height\":2560},{\"@type\":\"BreadcrumbList\",\"@id\":\"https:\\\/\\\/rayuelakids.com\\\/es\\\/producto\\\/conejito-adrian-perla-camel\\\/#breadcrumb\",\"itemListElement\":[{\"@type\":\"ListItem\",\"position\":1,\"name\":\"Portada\",\"item\":\"https:\\\/\\\/rayuelakids.com\\\/es\\\/\"},{\"@type\":\"ListItem\",\"position\":2,\"name\":\"Tienda\",\"item\":\"https:\\\/\\\/rayuelakids.com\\\/es\\\/tienda\\\/\"},{\"@type\":\"ListItem\",\"position\":3,\"name\":\"conejito Adrian perla camel\"}]},{\"@type\":\"WebSite\",\"@id\":\"https:\\\/\\\/rayuelakids.com\\\/es\\\/#website\",\"url\":\"https:\\\/\\\/rayuelakids.com\\\/es\\\/\",\"name\":\"Rayuela Kids\",\"description\":\"Moda Infantil\",\"publisher\":{\"@id\":\"https:\\\/\\\/rayuelakids.com\\\/es\\\/#organization\"},\"alternateName\":\"RayuelaKids\",\"potentialAction\":[{\"@type\":\"SearchAction\",\"target\":{\"@type\":\"EntryPoint\",\"urlTemplate\":\"https:\\\/\\\/rayuelakids.com\\\/es\\\/?s={search_term_string}\"},\"query-input\":{\"@type\":\"PropertyValueSpecification\",\"valueRequired\":true,\"valueName\":\"search_term_string\"}}],\"inLanguage\":\"es\"},{\"@type\":\"Organization\",\"@id\":\"https:\\\/\\\/rayuelakids.com\\\/es\\\/#organization\",\"name\":\"Rayuela Kids\",\"url\":\"https:\\\/\\\/rayuelakids.com\\\/es\\\/\",\"logo\":{\"@type\":\"ImageObject\",\"inLanguage\":\"es\",\"@id\":\"https:\\\/\\\/rayuelakids.com\\\/es\\\/#\\\/schema\\\/logo\\\/image\\\/\",\"url\":\"https:\\\/\\\/rayuelakids.com\\\/es\\\/wp-content\\\/uploads\\\/2022\\\/03\\\/cropped-Rayulea-logo-version-horizontal-scaled-1-e1647744456320.jpg\",\"contentUrl\":\"https:\\\/\\\/rayuelakids.com\\\/es\\\/wp-content\\\/uploads\\\/2022\\\/03\\\/cropped-Rayulea-logo-version-horizontal-scaled-1-e1647744456320.jpg\",\"width\":800,\"height\":300,\"caption\":\"Rayuela Kids\"},\"image\":{\"@id\":\"https:\\\/\\\/rayuelakids.com\\\/es\\\/#\\\/schema\\\/logo\\\/image\\\/\"},\"sameAs\":[\"https:\\\/\\\/web.facebook.com\\\/rayuela\",\"https:\\\/\\\/www.instagram.com\\\/rayuelakids\\\/?hl=en\"]}]}<\/script>\n<!-- \/ Yoast SEO plugin. -->","yoast_head_json":{"title":"conejito Adrian perla camel","robots":{"index":"index","follow":"follow","max-snippet":"max-snippet:-1","max-image-preview":"max-image-preview:large","max-video-preview":"max-video-preview:-1"},"canonical":"https:\/\/rayuelakids.com\/es\/producto\/conejito-adrian-perla-camel\/","og_locale":"es_ES","og_type":"article","og_title":"conejito Adrian perla camel","og_description":"Para la futura mam\u00e1&#8230; Descubre nuestras cajas de regalo de lujo para un reci\u00e9n llegado. Mima a una nueva mam\u00e1 con una caja de regalo premium que puede atesorar. Encuentre los elementos esenciales que cualquier nuevo beb\u00e9 necesitar\u00e1 para darle la bienvenida al mundo. Hermosa caja de regalo para bebe Size:0-3m para bebes 6 a 8.5 libras Incluye: 1 conjunto largo con su gorro de algod\u00f3n. 100% hipoalerg\u00e9nico (abrigo,rumper,gorro) 1 conjunto corto de 3 piezas con su gorro de dralon 100% hipoalerg\u00e9nico (abrigo, romper y gorro) 1 par de zapatos tejidos 1 manta tejida de dralon 100% hipoalerg\u00e9nico (modelo a disponibilidad: manta blanca entera) hecho en Portugal","og_url":"https:\/\/rayuelakids.com\/es\/producto\/conejito-adrian-perla-camel\/","article_publisher":"https:\/\/web.facebook.com\/rayuela","article_modified_time":"2026-02-13T20:38:31+00:00","og_image":[{"width":1920,"height":2560,"url":"https:\/\/rayuelakids.com\/es\/wp-content\/uploads\/2025\/09\/1001237154-scaled.jpg","type":"image\/jpeg"}],"twitter_card":"summary_large_image","twitter_misc":{"Tiempo de lectura":"1 minuto"},"schema":{"@context":"https:\/\/schema.org","@graph":[{"@type":"WebPage","@id":"https:\/\/rayuelakids.com\/es\/producto\/conejito-adrian-perla-camel\/","url":"https:\/\/rayuelakids.com\/es\/producto\/conejito-adrian-perla-camel\/","name":"conejito Adrian perla camel","isPartOf":{"@id":"https:\/\/rayuelakids.com\/es\/#website"},"primaryImageOfPage":{"@id":"https:\/\/rayuelakids.com\/es\/producto\/conejito-adrian-perla-camel\/#primaryimage"},"image":{"@id":"https:\/\/rayuelakids.com\/es\/producto\/conejito-adrian-perla-camel\/#primaryimage"},"thumbnailUrl":"https:\/\/rayuelakids.com\/es\/wp-content\/uploads\/2025\/09\/1001237154-scaled.jpg","datePublished":"2025-09-21T13:25:16+00:00","dateModified":"2026-02-13T20:38:31+00:00","breadcrumb":{"@id":"https:\/\/rayuelakids.com\/es\/producto\/conejito-adrian-perla-camel\/#breadcrumb"},"inLanguage":"es","potentialAction":[{"@type":"ReadAction","target":["https:\/\/rayuelakids.com\/es\/producto\/conejito-adrian-perla-camel\/"]}]},{"@type":"ImageObject","inLanguage":"es","@id":"https:\/\/rayuelakids.com\/es\/producto\/conejito-adrian-perla-camel\/#primaryimage","url":"https:\/\/rayuelakids.com\/es\/wp-content\/uploads\/2025\/09\/1001237154-scaled.jpg","contentUrl":"https:\/\/rayuelakids.com\/es\/wp-content\/uploads\/2025\/09\/1001237154-scaled.jpg","width":1920,"height":2560},{"@type":"BreadcrumbList","@id":"https:\/\/rayuelakids.com\/es\/producto\/conejito-adrian-perla-camel\/#breadcrumb","itemListElement":[{"@type":"ListItem","position":1,"name":"Portada","item":"https:\/\/rayuelakids.com\/es\/"},{"@type":"ListItem","position":2,"name":"Tienda","item":"https:\/\/rayuelakids.com\/es\/tienda\/"},{"@type":"ListItem","position":3,"name":"conejito Adrian perla camel"}]},{"@type":"WebSite","@id":"https:\/\/rayuelakids.com\/es\/#website","url":"https:\/\/rayuelakids.com\/es\/","name":"Rayuela Kids","description":"Moda Infantil","publisher":{"@id":"https:\/\/rayuelakids.com\/es\/#organization"},"alternateName":"RayuelaKids","potentialAction":[{"@type":"SearchAction","target":{"@type":"EntryPoint","urlTemplate":"https:\/\/rayuelakids.com\/es\/?s={search_term_string}"},"query-input":{"@type":"PropertyValueSpecification","valueRequired":true,"valueName":"search_term_string"}}],"inLanguage":"es"},{"@type":"Organization","@id":"https:\/\/rayuelakids.com\/es\/#organization","name":"Rayuela Kids","url":"https:\/\/rayuelakids.com\/es\/","logo":{"@type":"ImageObject","inLanguage":"es","@id":"https:\/\/rayuelakids.com\/es\/#\/schema\/logo\/image\/","url":"https:\/\/rayuelakids.com\/es\/wp-content\/uploads\/2022\/03\/cropped-Rayulea-logo-version-horizontal-scaled-1-e1647744456320.jpg","contentUrl":"https:\/\/rayuelakids.com\/es\/wp-content\/uploads\/2022\/03\/cropped-Rayulea-logo-version-horizontal-scaled-1-e1647744456320.jpg","width":800,"height":300,"caption":"Rayuela Kids"},"image":{"@id":"https:\/\/rayuelakids.com\/es\/#\/schema\/logo\/image\/"},"sameAs":["https:\/\/web.facebook.com\/rayuela","https:\/\/www.instagram.com\/rayuelakids\/?hl=en"]}]}},"_links":{"self":[{"href":"https:\/\/rayuelakids.com\/es\/wp-json\/wp\/v2\/product\/10474","targetHints":{"allow":["GET"]}}],"collection":[{"href":"https:\/\/rayuelakids.com\/es\/wp-json\/wp\/v2\/product"}],"about":[{"href":"https:\/\/rayuelakids.com\/es\/wp-json\/wp\/v2\/types\/product"}],"replies":[{"embeddable":true,"href":"https:\/\/rayuelakids.com\/es\/wp-json\/wp\/v2\/comments?post=10474"}],"version-history":[{"count":1,"href":"https:\/\/rayuelakids.com\/es\/wp-json\/wp\/v2\/product\/10474\/revisions"}],"predecessor-version":[{"id":10526,"href":"https:\/\/rayuelakids.com\/es\/wp-json\/wp\/v2\/product\/10474\/revisions\/10526"}],"wp:featuredmedia":[{"embeddable":true,"href":"https:\/\/rayuelakids.com\/es\/wp-json\/wp\/v2\/media\/10473"}],"wp:attachment":[{"href":"https:\/\/rayuelakids.com\/es\/wp-json\/wp\/v2\/media?parent=10474"}],"wp:term":[{"taxonomy":"product_brand","embeddable":true,"href":"https:\/\/rayuelakids.com\/es\/wp-json\/wp\/v2\/product_brand?post=10474"},{"taxonomy":"product_cat","embeddable":true,"href":"https:\/\/rayuelakids.com\/es\/wp-json\/wp\/v2\/product_cat?post=10474"},{"taxonomy":"product_tag","embeddable":true,"href":"https:\/\/rayuelakids.com\/es\/wp-json\/wp\/v2\/product_tag?post=10474"}],"curies":[{"name":"wp","href":"https:\/\/api.w.org\/{rel}","templated":true}]}}