{"id":10629,"date":"2025-10-25T22:21:59","date_gmt":"2025-10-25T22:21:59","guid":{"rendered":"https:\/\/www.rayuelakids.com\/es\/producto\/romana-rose-2\/"},"modified":"2026-02-04T13:38:54","modified_gmt":"2026-02-04T13:38:54","slug":"romana-rose-2","status":"publish","type":"product","link":"https:\/\/rayuelakids.com\/es\/producto\/romana-rose-2\/","title":{"rendered":"Romana Rose"},"content":{"rendered":"<p>Descubre nuestras cajas de regalo de lujo para una beb\u00e9 reci\u00e9n llegada. Mima a una nueva mam\u00e1 con una caja de regalo premium que puede atesorar. Encuentra los elementos esenciales que cualquier beb\u00e9 necesitar\u00e1 para darle la bienvenida al mundo.<br \/>\nSize: 0\u20133 meses (para beb\u00e9s de 6 a 9.5 libras)<br \/>\nAlgod\u00f3n 100%<\/p>\n<p><strong>Incluye:<\/strong><br \/>\nManta tejida con el nombre bordado<br \/>\nMu\u00f1eca tejida<br \/>\nRomper con su gorro<\/p>\n<p><strong>Personalizaci\u00f3n<\/strong><br \/>\nDeja el nombre de tu beb\u00e9 al finalizar tu orden en la casilla \u201cDejar nota de su pedido\u201d.<br \/>\nTiempo de entrega con bordado: 12 d\u00edas<br \/>\nHecho en Portugal<br \/>\nLavar a mano<\/p>\n","protected":false},"excerpt":{"rendered":"<p>Descubre nuestras cajas de regalo de lujo para una beb\u00e9 reci\u00e9n llegada. Mima a una nueva mam\u00e1 con una caja de regalo premium que puede atesorar. Encuentra los elementos esenciales que cualquier beb\u00e9 necesitar\u00e1 para darle la bienvenida al mundo. Size: 0\u20133 meses (para beb\u00e9s de 6 a 9.5 libras) Algod\u00f3n 100% Incluye: Manta tejida con el nombre bordado Mu\u00f1eca tejida Romper con su gorro Personalizaci\u00f3n Deja el nombre de tu beb\u00e9 al finalizar tu orden en la casilla \u201cDejar nota de su pedido\u201d. Tiempo de entrega con bordado: 12 d\u00edas Hecho en Portugal Lavar a mano<\/p>\n","protected":false},"featured_media":10628,"comment_status":"open","ping_status":"closed","template":"","meta":{"inline_featured_image":false,"_joinchat":[]},"product_brand":[],"product_cat":[17,116,124],"product_tag":[],"class_list":{"0":"post-10629","1":"product","2":"type-product","3":"status-publish","4":"has-post-thumbnail","6":"product_cat-primera-puesta-ninas","7":"product_cat-caja-de-primera-puesta","8":"product_cat-los-mas-vendidos","10":"first","11":"instock","12":"shipping-taxable","13":"purchasable","14":"product-type-simple"},"yoast_head":"<!-- This site is optimized with the Yoast SEO plugin v27.4 - https:\/\/yoast.com\/product\/yoast-seo-wordpress\/ -->\n<title>Romana Rose<\/title>\n<meta name=\"robots\" content=\"index, follow, max-snippet:-1, max-image-preview:large, max-video-preview:-1\" \/>\n<link rel=\"canonical\" href=\"https:\/\/rayuelakids.com\/es\/producto\/romana-rose-2\/\" \/>\n<meta property=\"og:locale\" content=\"es_ES\" \/>\n<meta property=\"og:type\" content=\"article\" \/>\n<meta property=\"og:title\" content=\"Romana Rose\" \/>\n<meta property=\"og:description\" content=\"Descubre nuestras cajas de regalo de lujo para una beb\u00e9 reci\u00e9n llegada. Mima a una nueva mam\u00e1 con una caja de regalo premium que puede atesorar. Encuentra los elementos esenciales que cualquier beb\u00e9 necesitar\u00e1 para darle la bienvenida al mundo. Size: 0\u20133 meses (para beb\u00e9s de 6 a 9.5 libras) Algod\u00f3n 100% Incluye: Manta tejida con el nombre bordado Mu\u00f1eca tejida Romper con su gorro Personalizaci\u00f3n Deja el nombre de tu beb\u00e9 al finalizar tu orden en la casilla \u201cDejar nota de su pedido\u201d. Tiempo de entrega con bordado: 12 d\u00edas Hecho en Portugal Lavar a mano\" \/>\n<meta property=\"og:url\" content=\"https:\/\/rayuelakids.com\/es\/producto\/romana-rose-2\/\" \/>\n<meta property=\"article:publisher\" content=\"https:\/\/web.facebook.com\/rayuela\" \/>\n<meta property=\"article:modified_time\" content=\"2026-02-04T13:38:54+00:00\" \/>\n<meta property=\"og:image\" content=\"https:\/\/rayuelakids.com\/es\/wp-content\/uploads\/2025\/10\/1001562858-scaled.jpg\" \/>\n\t<meta property=\"og:image:width\" content=\"1920\" \/>\n\t<meta property=\"og:image:height\" content=\"2560\" \/>\n\t<meta property=\"og:image:type\" content=\"image\/jpeg\" \/>\n<meta name=\"twitter:card\" content=\"summary_large_image\" \/>\n<meta name=\"twitter:label1\" content=\"Tiempo de lectura\" \/>\n\t<meta name=\"twitter:data1\" content=\"1 minuto\" \/>\n<script type=\"application\/ld+json\" class=\"yoast-schema-graph\">{\"@context\":\"https:\\\/\\\/schema.org\",\"@graph\":[{\"@type\":\"WebPage\",\"@id\":\"https:\\\/\\\/rayuelakids.com\\\/es\\\/producto\\\/romana-rose-2\\\/\",\"url\":\"https:\\\/\\\/rayuelakids.com\\\/es\\\/producto\\\/romana-rose-2\\\/\",\"name\":\"Romana Rose\",\"isPartOf\":{\"@id\":\"https:\\\/\\\/rayuelakids.com\\\/es\\\/#website\"},\"primaryImageOfPage\":{\"@id\":\"https:\\\/\\\/rayuelakids.com\\\/es\\\/producto\\\/romana-rose-2\\\/#primaryimage\"},\"image\":{\"@id\":\"https:\\\/\\\/rayuelakids.com\\\/es\\\/producto\\\/romana-rose-2\\\/#primaryimage\"},\"thumbnailUrl\":\"https:\\\/\\\/rayuelakids.com\\\/es\\\/wp-content\\\/uploads\\\/2025\\\/10\\\/1001562858-scaled.jpg\",\"datePublished\":\"2025-10-25T22:21:59+00:00\",\"dateModified\":\"2026-02-04T13:38:54+00:00\",\"breadcrumb\":{\"@id\":\"https:\\\/\\\/rayuelakids.com\\\/es\\\/producto\\\/romana-rose-2\\\/#breadcrumb\"},\"inLanguage\":\"es\",\"potentialAction\":[{\"@type\":\"ReadAction\",\"target\":[\"https:\\\/\\\/rayuelakids.com\\\/es\\\/producto\\\/romana-rose-2\\\/\"]}]},{\"@type\":\"ImageObject\",\"inLanguage\":\"es\",\"@id\":\"https:\\\/\\\/rayuelakids.com\\\/es\\\/producto\\\/romana-rose-2\\\/#primaryimage\",\"url\":\"https:\\\/\\\/rayuelakids.com\\\/es\\\/wp-content\\\/uploads\\\/2025\\\/10\\\/1001562858-scaled.jpg\",\"contentUrl\":\"https:\\\/\\\/rayuelakids.com\\\/es\\\/wp-content\\\/uploads\\\/2025\\\/10\\\/1001562858-scaled.jpg\",\"width\":1920,\"height\":2560},{\"@type\":\"BreadcrumbList\",\"@id\":\"https:\\\/\\\/rayuelakids.com\\\/es\\\/producto\\\/romana-rose-2\\\/#breadcrumb\",\"itemListElement\":[{\"@type\":\"ListItem\",\"position\":1,\"name\":\"Portada\",\"item\":\"https:\\\/\\\/rayuelakids.com\\\/es\\\/\"},{\"@type\":\"ListItem\",\"position\":2,\"name\":\"Tienda\",\"item\":\"https:\\\/\\\/rayuelakids.com\\\/es\\\/tienda\\\/\"},{\"@type\":\"ListItem\",\"position\":3,\"name\":\"Romana Rose\"}]},{\"@type\":\"WebSite\",\"@id\":\"https:\\\/\\\/rayuelakids.com\\\/es\\\/#website\",\"url\":\"https:\\\/\\\/rayuelakids.com\\\/es\\\/\",\"name\":\"Rayuela Kids\",\"description\":\"Moda Infantil\",\"publisher\":{\"@id\":\"https:\\\/\\\/rayuelakids.com\\\/es\\\/#organization\"},\"alternateName\":\"RayuelaKids\",\"potentialAction\":[{\"@type\":\"SearchAction\",\"target\":{\"@type\":\"EntryPoint\",\"urlTemplate\":\"https:\\\/\\\/rayuelakids.com\\\/es\\\/?s={search_term_string}\"},\"query-input\":{\"@type\":\"PropertyValueSpecification\",\"valueRequired\":true,\"valueName\":\"search_term_string\"}}],\"inLanguage\":\"es\"},{\"@type\":\"Organization\",\"@id\":\"https:\\\/\\\/rayuelakids.com\\\/es\\\/#organization\",\"name\":\"Rayuela Kids\",\"url\":\"https:\\\/\\\/rayuelakids.com\\\/es\\\/\",\"logo\":{\"@type\":\"ImageObject\",\"inLanguage\":\"es\",\"@id\":\"https:\\\/\\\/rayuelakids.com\\\/es\\\/#\\\/schema\\\/logo\\\/image\\\/\",\"url\":\"https:\\\/\\\/rayuelakids.com\\\/es\\\/wp-content\\\/uploads\\\/2022\\\/03\\\/cropped-Rayulea-logo-version-horizontal-scaled-1-e1647744456320.jpg\",\"contentUrl\":\"https:\\\/\\\/rayuelakids.com\\\/es\\\/wp-content\\\/uploads\\\/2022\\\/03\\\/cropped-Rayulea-logo-version-horizontal-scaled-1-e1647744456320.jpg\",\"width\":800,\"height\":300,\"caption\":\"Rayuela Kids\"},\"image\":{\"@id\":\"https:\\\/\\\/rayuelakids.com\\\/es\\\/#\\\/schema\\\/logo\\\/image\\\/\"},\"sameAs\":[\"https:\\\/\\\/web.facebook.com\\\/rayuela\",\"https:\\\/\\\/www.instagram.com\\\/rayuelakids\\\/?hl=en\"]}]}<\/script>\n<!-- \/ Yoast SEO plugin. -->","yoast_head_json":{"title":"Romana Rose","robots":{"index":"index","follow":"follow","max-snippet":"max-snippet:-1","max-image-preview":"max-image-preview:large","max-video-preview":"max-video-preview:-1"},"canonical":"https:\/\/rayuelakids.com\/es\/producto\/romana-rose-2\/","og_locale":"es_ES","og_type":"article","og_title":"Romana Rose","og_description":"Descubre nuestras cajas de regalo de lujo para una beb\u00e9 reci\u00e9n llegada. Mima a una nueva mam\u00e1 con una caja de regalo premium que puede atesorar. Encuentra los elementos esenciales que cualquier beb\u00e9 necesitar\u00e1 para darle la bienvenida al mundo. Size: 0\u20133 meses (para beb\u00e9s de 6 a 9.5 libras) Algod\u00f3n 100% Incluye: Manta tejida con el nombre bordado Mu\u00f1eca tejida Romper con su gorro Personalizaci\u00f3n Deja el nombre de tu beb\u00e9 al finalizar tu orden en la casilla \u201cDejar nota de su pedido\u201d. Tiempo de entrega con bordado: 12 d\u00edas Hecho en Portugal Lavar a mano","og_url":"https:\/\/rayuelakids.com\/es\/producto\/romana-rose-2\/","article_publisher":"https:\/\/web.facebook.com\/rayuela","article_modified_time":"2026-02-04T13:38:54+00:00","og_image":[{"width":1920,"height":2560,"url":"https:\/\/rayuelakids.com\/es\/wp-content\/uploads\/2025\/10\/1001562858-scaled.jpg","type":"image\/jpeg"}],"twitter_card":"summary_large_image","twitter_misc":{"Tiempo de lectura":"1 minuto"},"schema":{"@context":"https:\/\/schema.org","@graph":[{"@type":"WebPage","@id":"https:\/\/rayuelakids.com\/es\/producto\/romana-rose-2\/","url":"https:\/\/rayuelakids.com\/es\/producto\/romana-rose-2\/","name":"Romana Rose","isPartOf":{"@id":"https:\/\/rayuelakids.com\/es\/#website"},"primaryImageOfPage":{"@id":"https:\/\/rayuelakids.com\/es\/producto\/romana-rose-2\/#primaryimage"},"image":{"@id":"https:\/\/rayuelakids.com\/es\/producto\/romana-rose-2\/#primaryimage"},"thumbnailUrl":"https:\/\/rayuelakids.com\/es\/wp-content\/uploads\/2025\/10\/1001562858-scaled.jpg","datePublished":"2025-10-25T22:21:59+00:00","dateModified":"2026-02-04T13:38:54+00:00","breadcrumb":{"@id":"https:\/\/rayuelakids.com\/es\/producto\/romana-rose-2\/#breadcrumb"},"inLanguage":"es","potentialAction":[{"@type":"ReadAction","target":["https:\/\/rayuelakids.com\/es\/producto\/romana-rose-2\/"]}]},{"@type":"ImageObject","inLanguage":"es","@id":"https:\/\/rayuelakids.com\/es\/producto\/romana-rose-2\/#primaryimage","url":"https:\/\/rayuelakids.com\/es\/wp-content\/uploads\/2025\/10\/1001562858-scaled.jpg","contentUrl":"https:\/\/rayuelakids.com\/es\/wp-content\/uploads\/2025\/10\/1001562858-scaled.jpg","width":1920,"height":2560},{"@type":"BreadcrumbList","@id":"https:\/\/rayuelakids.com\/es\/producto\/romana-rose-2\/#breadcrumb","itemListElement":[{"@type":"ListItem","position":1,"name":"Portada","item":"https:\/\/rayuelakids.com\/es\/"},{"@type":"ListItem","position":2,"name":"Tienda","item":"https:\/\/rayuelakids.com\/es\/tienda\/"},{"@type":"ListItem","position":3,"name":"Romana Rose"}]},{"@type":"WebSite","@id":"https:\/\/rayuelakids.com\/es\/#website","url":"https:\/\/rayuelakids.com\/es\/","name":"Rayuela Kids","description":"Moda Infantil","publisher":{"@id":"https:\/\/rayuelakids.com\/es\/#organization"},"alternateName":"RayuelaKids","potentialAction":[{"@type":"SearchAction","target":{"@type":"EntryPoint","urlTemplate":"https:\/\/rayuelakids.com\/es\/?s={search_term_string}"},"query-input":{"@type":"PropertyValueSpecification","valueRequired":true,"valueName":"search_term_string"}}],"inLanguage":"es"},{"@type":"Organization","@id":"https:\/\/rayuelakids.com\/es\/#organization","name":"Rayuela Kids","url":"https:\/\/rayuelakids.com\/es\/","logo":{"@type":"ImageObject","inLanguage":"es","@id":"https:\/\/rayuelakids.com\/es\/#\/schema\/logo\/image\/","url":"https:\/\/rayuelakids.com\/es\/wp-content\/uploads\/2022\/03\/cropped-Rayulea-logo-version-horizontal-scaled-1-e1647744456320.jpg","contentUrl":"https:\/\/rayuelakids.com\/es\/wp-content\/uploads\/2022\/03\/cropped-Rayulea-logo-version-horizontal-scaled-1-e1647744456320.jpg","width":800,"height":300,"caption":"Rayuela Kids"},"image":{"@id":"https:\/\/rayuelakids.com\/es\/#\/schema\/logo\/image\/"},"sameAs":["https:\/\/web.facebook.com\/rayuela","https:\/\/www.instagram.com\/rayuelakids\/?hl=en"]}]}},"_links":{"self":[{"href":"https:\/\/rayuelakids.com\/es\/wp-json\/wp\/v2\/product\/10629","targetHints":{"allow":["GET"]}}],"collection":[{"href":"https:\/\/rayuelakids.com\/es\/wp-json\/wp\/v2\/product"}],"about":[{"href":"https:\/\/rayuelakids.com\/es\/wp-json\/wp\/v2\/types\/product"}],"replies":[{"embeddable":true,"href":"https:\/\/rayuelakids.com\/es\/wp-json\/wp\/v2\/comments?post=10629"}],"version-history":[{"count":3,"href":"https:\/\/rayuelakids.com\/es\/wp-json\/wp\/v2\/product\/10629\/revisions"}],"predecessor-version":[{"id":10744,"href":"https:\/\/rayuelakids.com\/es\/wp-json\/wp\/v2\/product\/10629\/revisions\/10744"}],"wp:featuredmedia":[{"embeddable":true,"href":"https:\/\/rayuelakids.com\/es\/wp-json\/wp\/v2\/media\/10628"}],"wp:attachment":[{"href":"https:\/\/rayuelakids.com\/es\/wp-json\/wp\/v2\/media?parent=10629"}],"wp:term":[{"taxonomy":"product_brand","embeddable":true,"href":"https:\/\/rayuelakids.com\/es\/wp-json\/wp\/v2\/product_brand?post=10629"},{"taxonomy":"product_cat","embeddable":true,"href":"https:\/\/rayuelakids.com\/es\/wp-json\/wp\/v2\/product_cat?post=10629"},{"taxonomy":"product_tag","embeddable":true,"href":"https:\/\/rayuelakids.com\/es\/wp-json\/wp\/v2\/product_tag?post=10629"}],"curies":[{"name":"wp","href":"https:\/\/api.w.org\/{rel}","templated":true}]}}