{"id":11365,"date":"2025-12-31T19:13:57","date_gmt":"2025-12-31T19:13:57","guid":{"rendered":"https:\/\/www.rayuelakids.com\/es\/producto\/parachute-bear\/"},"modified":"2026-02-13T12:36:54","modified_gmt":"2026-02-13T12:36:54","slug":"pelele-de-algodon-para-bebes-parachute-bear","status":"publish","type":"product","link":"https:\/\/rayuelakids.com\/es\/producto\/pelele-de-algodon-para-bebes-parachute-bear\/","title":{"rendered":"Parachute Bear"},"content":{"rendered":"\t\t<div data-elementor-type=\"product-post\" data-elementor-id=\"11365\" class=\"elementor elementor-11365\" data-elementor-post-type=\"product\">\n\t\t\t\t<div class=\"elementor-element elementor-element-5bf0f1f2 e-flex e-con-boxed wpr-particle-no wpr-jarallax-no wpr-parallax-no wpr-sticky-section-no wpr-equal-height-no e-con e-parent\" data-id=\"5bf0f1f2\" data-element_type=\"container\" data-e-type=\"container\">\n\t\t\t\t\t<div class=\"e-con-inner\">\n\t\t\t\t<div class=\"elementor-element elementor-element-5926c4e9 elementor-widget elementor-widget-text-editor\" data-id=\"5926c4e9\" data-element_type=\"widget\" data-e-type=\"widget\" data-widget_type=\"text-editor.default\">\n\t\t\t\t<div class=\"elementor-widget-container\">\n\t\t\t\t\t\t\t\t\tPara la futura mam\u00e1&#8230;\r\n\r\nDescubre nuestras cajas de regalo de lujo para un reci\u00e9n llegado. Mima a una nueva mam\u00e1 con una caja de regalo premium que puede atesorar. Encuentre los elementos esenciales que cualquier nuevo beb\u00e9 necesitar\u00e1 para darle la bienvenida al mundo.\r\n\r\n&nbsp;\r\n\r\n&nbsp;\t\t\t\t\t\t\t\t<\/div>\n\t\t\t\t<\/div>\n\t\t\t\t\t<\/div>\n\t\t\t\t<\/div>\n\t\t<div class=\"elementor-element elementor-element-70a707e e-flex e-con-boxed wpr-particle-no wpr-jarallax-no wpr-parallax-no wpr-sticky-section-no wpr-equal-height-no e-con e-parent\" data-id=\"70a707e\" data-element_type=\"container\" data-e-type=\"container\">\n\t\t\t\t\t<div class=\"e-con-inner\">\n\t\t\t\t<div class=\"elementor-element elementor-element-ff5aae4 elementor-widget elementor-widget-text-editor\" data-id=\"ff5aae4\" data-element_type=\"widget\" data-e-type=\"widget\" data-widget_type=\"text-editor.default\">\n\t\t\t\t<div class=\"elementor-widget-container\">\n\t\t\t\t\t\t\t\t\t<p>Lorem ipsum dolor sit amet, consectetur adipiscing elit. Ut elit tellus, luctus nec ullamcorper mattis, pulvinar dapibus leo.<\/p>\t\t\t\t\t\t\t\t<\/div>\n\t\t\t\t<\/div>\n\t\t\t\t\t<\/div>\n\t\t\t\t<\/div>\n\t\t<div class=\"elementor-element elementor-element-7cc37ff e-flex e-con-boxed wpr-particle-no wpr-jarallax-no wpr-parallax-no wpr-sticky-section-no wpr-equal-height-no e-con e-parent\" data-id=\"7cc37ff\" data-element_type=\"container\" data-e-type=\"container\">\n\t\t\t\t\t<div class=\"e-con-inner\">\n\t\t\t\t<div class=\"elementor-element elementor-element-7390bb7 elementor-widget elementor-widget-text-editor\" data-id=\"7390bb7\" data-element_type=\"widget\" data-e-type=\"widget\" data-widget_type=\"text-editor.default\">\n\t\t\t\t<div class=\"elementor-widget-container\">\n\t\t\t\t\t\t\t\t\t<p>Lorem ipsum dolor sit amet, consectetur adipiscing elit. Ut elit tellus, luctus nec ullamcorper mattis, pulvinar dapibus leo.<\/p>\t\t\t\t\t\t\t\t<\/div>\n\t\t\t\t<\/div>\n\t\t\t\t\t<\/div>\n\t\t\t\t<\/div>\n\t\t<div class=\"elementor-element elementor-element-8ad8577 e-flex e-con-boxed wpr-particle-no wpr-jarallax-no wpr-parallax-no wpr-sticky-section-no wpr-equal-height-no e-con e-parent\" data-id=\"8ad8577\" data-element_type=\"container\" data-e-type=\"container\">\n\t\t\t\t\t<div class=\"e-con-inner\">\n\t\t\t\t<div class=\"elementor-element elementor-element-e764d51 elementor-widget elementor-widget-text-editor\" data-id=\"e764d51\" data-element_type=\"widget\" data-e-type=\"widget\" data-widget_type=\"text-editor.default\">\n\t\t\t\t<div class=\"elementor-widget-container\">\n\t\t\t\t\t\t\t\t\t<p>Lorem ipsum dolor sit amet, consectetur adipiscing elit. Ut elit tellus, luctus nec ullamcorper mattis, pulvinar dapibus leo.<\/p>\t\t\t\t\t\t\t\t<\/div>\n\t\t\t\t<\/div>\n\t\t\t\t\t<\/div>\n\t\t\t\t<\/div>\n\t\t<div class=\"elementor-element elementor-element-25a689a e-flex e-con-boxed wpr-particle-no wpr-jarallax-no wpr-parallax-no wpr-sticky-section-no wpr-equal-height-no e-con e-parent\" data-id=\"25a689a\" data-element_type=\"container\" data-e-type=\"container\">\n\t\t\t\t\t<div class=\"e-con-inner\">\n\t\t\t\t<div class=\"elementor-element elementor-element-2425ee8 elementor-widget elementor-widget-text-editor\" data-id=\"2425ee8\" data-element_type=\"widget\" data-e-type=\"widget\" data-widget_type=\"text-editor.default\">\n\t\t\t\t<div class=\"elementor-widget-container\">\n\t\t\t\t\t\t\t\t\t<p>Lorem ipsum dolor sit amet, consectetur adipiscing elit. Ut elit tellus, luctus nec ullamcorper mattis, pulvinar dapibus leo.<\/p>\t\t\t\t\t\t\t\t<\/div>\n\t\t\t\t<\/div>\n\t\t\t\t\t<\/div>\n\t\t\t\t<\/div>\n\t\t\t\t<\/div>\n\t\t","protected":false},"excerpt":{"rendered":"<p>Set regalo de pelele de algod\u00f3n para beb\u00e9s 0-3 meses con manta y zapatos tejidos. Presentaci\u00f3n en caja elegante y entrega r\u00e1pida con UPS.<\/p>\n<p>Este hermoso set incluye:<\/p>\n<p>\u2714 2 peleles tejidos en algod\u00f3n suave y natural<br \/>\n\u2714 1 manta de algod\u00f3n ideal para dormir o pasear<br \/>\n\u2714 1 par de zapatos tejidos a juego<br \/>\n\u2714 Presentaci\u00f3n en elegante caja regalo<\/p>\n","protected":false},"featured_media":11572,"comment_status":"open","ping_status":"closed","template":"","meta":{"inline_featured_image":false,"_joinchat":[]},"product_brand":[],"product_cat":[19,124],"product_tag":[],"class_list":{"0":"post-11365","1":"product","2":"type-product","3":"status-publish","4":"has-post-thumbnail","6":"product_cat-primera-puesta-ninos","7":"product_cat-los-mas-vendidos","9":"first","10":"instock","11":"shipping-taxable","12":"purchasable","13":"product-type-variable"},"yoast_head":"<!-- This site is optimized with the Yoast SEO plugin v27.4 - https:\/\/yoast.com\/product\/yoast-seo-wordpress\/ -->\n<title>Pelele de Algod\u00f3n para Beb\u00e9s 0-3 meses Parachute Bear<\/title>\n<meta name=\"description\" content=\"Pelele de Algod\u00f3n para Beb\u00e9s 0-3 meses. Parachute Bear, incluye 2 peleles, manta de algod\u00f3n y zapatos tejidos. Ideal para reci\u00e9n nacidos. Env\u00edo UPS.\" \/>\n<meta name=\"robots\" content=\"index, follow, max-snippet:-1, max-image-preview:large, max-video-preview:-1\" \/>\n<link rel=\"canonical\" href=\"https:\/\/rayuelakids.com\/es\/producto\/pelele-de-algodon-para-bebes-parachute-bear\/\" \/>\n<meta property=\"og:locale\" content=\"es_ES\" \/>\n<meta property=\"og:type\" content=\"article\" \/>\n<meta property=\"og:title\" content=\"Pelele de Algod\u00f3n para Beb\u00e9s 0-3 meses Parachute Bear\" \/>\n<meta property=\"og:description\" content=\"Pelele de Algod\u00f3n para Beb\u00e9s 0-3 meses. Parachute Bear, incluye 2 peleles, manta de algod\u00f3n y zapatos tejidos. Ideal para reci\u00e9n nacidos. Env\u00edo UPS.\" \/>\n<meta property=\"og:url\" content=\"https:\/\/rayuelakids.com\/es\/producto\/pelele-de-algodon-para-bebes-parachute-bear\/\" \/>\n<meta property=\"article:publisher\" content=\"https:\/\/web.facebook.com\/rayuela\" \/>\n<meta property=\"article:modified_time\" content=\"2026-02-13T12:36:54+00:00\" \/>\n<meta property=\"og:image\" content=\"https:\/\/rayuelakids.com\/es\/wp-content\/uploads\/2026\/02\/Pelele-de-Algodon-para-Bebes-0-3-meses-Parachute-Bear.jpg\" \/>\n\t<meta property=\"og:image:width\" content=\"1839\" \/>\n\t<meta property=\"og:image:height\" content=\"2560\" \/>\n\t<meta property=\"og:image:type\" content=\"image\/jpeg\" \/>\n<meta name=\"twitter:card\" content=\"summary_large_image\" \/>\n<meta name=\"twitter:label1\" content=\"Tiempo de lectura\" \/>\n\t<meta name=\"twitter:data1\" content=\"2 minutos\" \/>\n<script type=\"application\/ld+json\" class=\"yoast-schema-graph\">{\"@context\":\"https:\\\/\\\/schema.org\",\"@graph\":[{\"@type\":\"WebPage\",\"@id\":\"https:\\\/\\\/rayuelakids.com\\\/es\\\/producto\\\/pelele-de-algodon-para-bebes-parachute-bear\\\/\",\"url\":\"https:\\\/\\\/rayuelakids.com\\\/es\\\/producto\\\/pelele-de-algodon-para-bebes-parachute-bear\\\/\",\"name\":\"Pelele de Algod\u00f3n para Beb\u00e9s 0-3 meses Parachute Bear\",\"isPartOf\":{\"@id\":\"https:\\\/\\\/rayuelakids.com\\\/es\\\/#website\"},\"primaryImageOfPage\":{\"@id\":\"https:\\\/\\\/rayuelakids.com\\\/es\\\/producto\\\/pelele-de-algodon-para-bebes-parachute-bear\\\/#primaryimage\"},\"image\":{\"@id\":\"https:\\\/\\\/rayuelakids.com\\\/es\\\/producto\\\/pelele-de-algodon-para-bebes-parachute-bear\\\/#primaryimage\"},\"thumbnailUrl\":\"https:\\\/\\\/rayuelakids.com\\\/es\\\/wp-content\\\/uploads\\\/2026\\\/02\\\/Pelele-de-Algodon-para-Bebes-0-3-meses-Parachute-Bear.jpg\",\"datePublished\":\"2025-12-31T19:13:57+00:00\",\"dateModified\":\"2026-02-13T12:36:54+00:00\",\"description\":\"Pelele de Algod\u00f3n para Beb\u00e9s 0-3 meses. Parachute Bear, incluye 2 peleles, manta de algod\u00f3n y zapatos tejidos. Ideal para reci\u00e9n nacidos. Env\u00edo UPS.\",\"breadcrumb\":{\"@id\":\"https:\\\/\\\/rayuelakids.com\\\/es\\\/producto\\\/pelele-de-algodon-para-bebes-parachute-bear\\\/#breadcrumb\"},\"inLanguage\":\"es\",\"potentialAction\":[{\"@type\":\"ReadAction\",\"target\":[\"https:\\\/\\\/rayuelakids.com\\\/es\\\/producto\\\/pelele-de-algodon-para-bebes-parachute-bear\\\/\"]}]},{\"@type\":\"ImageObject\",\"inLanguage\":\"es\",\"@id\":\"https:\\\/\\\/rayuelakids.com\\\/es\\\/producto\\\/pelele-de-algodon-para-bebes-parachute-bear\\\/#primaryimage\",\"url\":\"https:\\\/\\\/rayuelakids.com\\\/es\\\/wp-content\\\/uploads\\\/2026\\\/02\\\/Pelele-de-Algodon-para-Bebes-0-3-meses-Parachute-Bear.jpg\",\"contentUrl\":\"https:\\\/\\\/rayuelakids.com\\\/es\\\/wp-content\\\/uploads\\\/2026\\\/02\\\/Pelele-de-Algodon-para-Bebes-0-3-meses-Parachute-Bear.jpg\",\"width\":1839,\"height\":2560,\"caption\":\"Pelele de algod\u00f3n para beb\u00e9s 0-3 meses \u2013 Set regalo Rayuela Kids\"},{\"@type\":\"BreadcrumbList\",\"@id\":\"https:\\\/\\\/rayuelakids.com\\\/es\\\/producto\\\/pelele-de-algodon-para-bebes-parachute-bear\\\/#breadcrumb\",\"itemListElement\":[{\"@type\":\"ListItem\",\"position\":1,\"name\":\"Portada\",\"item\":\"https:\\\/\\\/rayuelakids.com\\\/es\\\/\"},{\"@type\":\"ListItem\",\"position\":2,\"name\":\"Tienda\",\"item\":\"https:\\\/\\\/rayuelakids.com\\\/es\\\/tienda\\\/\"},{\"@type\":\"ListItem\",\"position\":3,\"name\":\"Parachute Bear\"}]},{\"@type\":\"WebSite\",\"@id\":\"https:\\\/\\\/rayuelakids.com\\\/es\\\/#website\",\"url\":\"https:\\\/\\\/rayuelakids.com\\\/es\\\/\",\"name\":\"Rayuela Kids\",\"description\":\"Moda Infantil\",\"publisher\":{\"@id\":\"https:\\\/\\\/rayuelakids.com\\\/es\\\/#organization\"},\"alternateName\":\"RayuelaKids\",\"potentialAction\":[{\"@type\":\"SearchAction\",\"target\":{\"@type\":\"EntryPoint\",\"urlTemplate\":\"https:\\\/\\\/rayuelakids.com\\\/es\\\/?s={search_term_string}\"},\"query-input\":{\"@type\":\"PropertyValueSpecification\",\"valueRequired\":true,\"valueName\":\"search_term_string\"}}],\"inLanguage\":\"es\"},{\"@type\":\"Organization\",\"@id\":\"https:\\\/\\\/rayuelakids.com\\\/es\\\/#organization\",\"name\":\"Rayuela Kids\",\"url\":\"https:\\\/\\\/rayuelakids.com\\\/es\\\/\",\"logo\":{\"@type\":\"ImageObject\",\"inLanguage\":\"es\",\"@id\":\"https:\\\/\\\/rayuelakids.com\\\/es\\\/#\\\/schema\\\/logo\\\/image\\\/\",\"url\":\"https:\\\/\\\/rayuelakids.com\\\/es\\\/wp-content\\\/uploads\\\/2022\\\/03\\\/cropped-Rayulea-logo-version-horizontal-scaled-1-e1647744456320.jpg\",\"contentUrl\":\"https:\\\/\\\/rayuelakids.com\\\/es\\\/wp-content\\\/uploads\\\/2022\\\/03\\\/cropped-Rayulea-logo-version-horizontal-scaled-1-e1647744456320.jpg\",\"width\":800,\"height\":300,\"caption\":\"Rayuela Kids\"},\"image\":{\"@id\":\"https:\\\/\\\/rayuelakids.com\\\/es\\\/#\\\/schema\\\/logo\\\/image\\\/\"},\"sameAs\":[\"https:\\\/\\\/web.facebook.com\\\/rayuela\",\"https:\\\/\\\/www.instagram.com\\\/rayuelakids\\\/?hl=en\"]}]}<\/script>\n<!-- \/ Yoast SEO plugin. -->","yoast_head_json":{"title":"Pelele de Algod\u00f3n para Beb\u00e9s 0-3 meses Parachute Bear","description":"Pelele de Algod\u00f3n para Beb\u00e9s 0-3 meses. Parachute Bear, incluye 2 peleles, manta de algod\u00f3n y zapatos tejidos. Ideal para reci\u00e9n nacidos. Env\u00edo UPS.","robots":{"index":"index","follow":"follow","max-snippet":"max-snippet:-1","max-image-preview":"max-image-preview:large","max-video-preview":"max-video-preview:-1"},"canonical":"https:\/\/rayuelakids.com\/es\/producto\/pelele-de-algodon-para-bebes-parachute-bear\/","og_locale":"es_ES","og_type":"article","og_title":"Pelele de Algod\u00f3n para Beb\u00e9s 0-3 meses Parachute Bear","og_description":"Pelele de Algod\u00f3n para Beb\u00e9s 0-3 meses. Parachute Bear, incluye 2 peleles, manta de algod\u00f3n y zapatos tejidos. Ideal para reci\u00e9n nacidos. Env\u00edo UPS.","og_url":"https:\/\/rayuelakids.com\/es\/producto\/pelele-de-algodon-para-bebes-parachute-bear\/","article_publisher":"https:\/\/web.facebook.com\/rayuela","article_modified_time":"2026-02-13T12:36:54+00:00","og_image":[{"width":1839,"height":2560,"url":"https:\/\/rayuelakids.com\/es\/wp-content\/uploads\/2026\/02\/Pelele-de-Algodon-para-Bebes-0-3-meses-Parachute-Bear.jpg","type":"image\/jpeg"}],"twitter_card":"summary_large_image","twitter_misc":{"Tiempo de lectura":"2 minutos"},"schema":{"@context":"https:\/\/schema.org","@graph":[{"@type":"WebPage","@id":"https:\/\/rayuelakids.com\/es\/producto\/pelele-de-algodon-para-bebes-parachute-bear\/","url":"https:\/\/rayuelakids.com\/es\/producto\/pelele-de-algodon-para-bebes-parachute-bear\/","name":"Pelele de Algod\u00f3n para Beb\u00e9s 0-3 meses Parachute Bear","isPartOf":{"@id":"https:\/\/rayuelakids.com\/es\/#website"},"primaryImageOfPage":{"@id":"https:\/\/rayuelakids.com\/es\/producto\/pelele-de-algodon-para-bebes-parachute-bear\/#primaryimage"},"image":{"@id":"https:\/\/rayuelakids.com\/es\/producto\/pelele-de-algodon-para-bebes-parachute-bear\/#primaryimage"},"thumbnailUrl":"https:\/\/rayuelakids.com\/es\/wp-content\/uploads\/2026\/02\/Pelele-de-Algodon-para-Bebes-0-3-meses-Parachute-Bear.jpg","datePublished":"2025-12-31T19:13:57+00:00","dateModified":"2026-02-13T12:36:54+00:00","description":"Pelele de Algod\u00f3n para Beb\u00e9s 0-3 meses. Parachute Bear, incluye 2 peleles, manta de algod\u00f3n y zapatos tejidos. Ideal para reci\u00e9n nacidos. Env\u00edo UPS.","breadcrumb":{"@id":"https:\/\/rayuelakids.com\/es\/producto\/pelele-de-algodon-para-bebes-parachute-bear\/#breadcrumb"},"inLanguage":"es","potentialAction":[{"@type":"ReadAction","target":["https:\/\/rayuelakids.com\/es\/producto\/pelele-de-algodon-para-bebes-parachute-bear\/"]}]},{"@type":"ImageObject","inLanguage":"es","@id":"https:\/\/rayuelakids.com\/es\/producto\/pelele-de-algodon-para-bebes-parachute-bear\/#primaryimage","url":"https:\/\/rayuelakids.com\/es\/wp-content\/uploads\/2026\/02\/Pelele-de-Algodon-para-Bebes-0-3-meses-Parachute-Bear.jpg","contentUrl":"https:\/\/rayuelakids.com\/es\/wp-content\/uploads\/2026\/02\/Pelele-de-Algodon-para-Bebes-0-3-meses-Parachute-Bear.jpg","width":1839,"height":2560,"caption":"Pelele de algod\u00f3n para beb\u00e9s 0-3 meses \u2013 Set regalo Rayuela Kids"},{"@type":"BreadcrumbList","@id":"https:\/\/rayuelakids.com\/es\/producto\/pelele-de-algodon-para-bebes-parachute-bear\/#breadcrumb","itemListElement":[{"@type":"ListItem","position":1,"name":"Portada","item":"https:\/\/rayuelakids.com\/es\/"},{"@type":"ListItem","position":2,"name":"Tienda","item":"https:\/\/rayuelakids.com\/es\/tienda\/"},{"@type":"ListItem","position":3,"name":"Parachute Bear"}]},{"@type":"WebSite","@id":"https:\/\/rayuelakids.com\/es\/#website","url":"https:\/\/rayuelakids.com\/es\/","name":"Rayuela Kids","description":"Moda Infantil","publisher":{"@id":"https:\/\/rayuelakids.com\/es\/#organization"},"alternateName":"RayuelaKids","potentialAction":[{"@type":"SearchAction","target":{"@type":"EntryPoint","urlTemplate":"https:\/\/rayuelakids.com\/es\/?s={search_term_string}"},"query-input":{"@type":"PropertyValueSpecification","valueRequired":true,"valueName":"search_term_string"}}],"inLanguage":"es"},{"@type":"Organization","@id":"https:\/\/rayuelakids.com\/es\/#organization","name":"Rayuela Kids","url":"https:\/\/rayuelakids.com\/es\/","logo":{"@type":"ImageObject","inLanguage":"es","@id":"https:\/\/rayuelakids.com\/es\/#\/schema\/logo\/image\/","url":"https:\/\/rayuelakids.com\/es\/wp-content\/uploads\/2022\/03\/cropped-Rayulea-logo-version-horizontal-scaled-1-e1647744456320.jpg","contentUrl":"https:\/\/rayuelakids.com\/es\/wp-content\/uploads\/2022\/03\/cropped-Rayulea-logo-version-horizontal-scaled-1-e1647744456320.jpg","width":800,"height":300,"caption":"Rayuela Kids"},"image":{"@id":"https:\/\/rayuelakids.com\/es\/#\/schema\/logo\/image\/"},"sameAs":["https:\/\/web.facebook.com\/rayuela","https:\/\/www.instagram.com\/rayuelakids\/?hl=en"]}]}},"_links":{"self":[{"href":"https:\/\/rayuelakids.com\/es\/wp-json\/wp\/v2\/product\/11365","targetHints":{"allow":["GET"]}}],"collection":[{"href":"https:\/\/rayuelakids.com\/es\/wp-json\/wp\/v2\/product"}],"about":[{"href":"https:\/\/rayuelakids.com\/es\/wp-json\/wp\/v2\/types\/product"}],"replies":[{"embeddable":true,"href":"https:\/\/rayuelakids.com\/es\/wp-json\/wp\/v2\/comments?post=11365"}],"version-history":[{"count":18,"href":"https:\/\/rayuelakids.com\/es\/wp-json\/wp\/v2\/product\/11365\/revisions"}],"predecessor-version":[{"id":11566,"href":"https:\/\/rayuelakids.com\/es\/wp-json\/wp\/v2\/product\/11365\/revisions\/11566"}],"wp:featuredmedia":[{"embeddable":true,"href":"https:\/\/rayuelakids.com\/es\/wp-json\/wp\/v2\/media\/11572"}],"wp:attachment":[{"href":"https:\/\/rayuelakids.com\/es\/wp-json\/wp\/v2\/media?parent=11365"}],"wp:term":[{"taxonomy":"product_brand","embeddable":true,"href":"https:\/\/rayuelakids.com\/es\/wp-json\/wp\/v2\/product_brand?post=11365"},{"taxonomy":"product_cat","embeddable":true,"href":"https:\/\/rayuelakids.com\/es\/wp-json\/wp\/v2\/product_cat?post=11365"},{"taxonomy":"product_tag","embeddable":true,"href":"https:\/\/rayuelakids.com\/es\/wp-json\/wp\/v2\/product_tag?post=11365"}],"curies":[{"name":"wp","href":"https:\/\/api.w.org\/{rel}","templated":true}]}}