{"id":11635,"date":"2026-03-02T20:58:11","date_gmt":"2026-03-02T20:58:11","guid":{"rendered":"https:\/\/www.rayuelakids.com\/es\/producto\/paula-perla-rose-deluxe\/"},"modified":"2026-03-02T20:58:36","modified_gmt":"2026-03-02T20:58:36","slug":"paula-perla-rose-deluxe","status":"publish","type":"product","link":"https:\/\/rayuelakids.com\/es\/producto\/paula-perla-rose-deluxe\/","title":{"rendered":"Paula Perla Rose Deluxe"},"content":{"rendered":"<p>Para la futura mam\u00e1&#8230;<\/p>\n<p>Descubre nuestras cajas de regalo de lujo para un reci\u00e9n llegado. Mima a una nueva mam\u00e1 con una caja de regalo premium que puede atesorar. Encuentre los elementos esenciales que cualquier nuevo beb\u00e9 necesitar\u00e1 para darle la bienvenida al mundo.<\/p>\n<p>Hermosa caja de regalo para bebe<\/p>\n<p>Size:0-3m para bebes 6 a 8.5 libras<\/p>\n<p>Incluye:<\/p>\n<p>1 conjunto largo con su gorro de algod\u00f3n.<\/p>\n<p>100% hipoalerg\u00e9nico (abrigo,rumper,gorro)<\/p>\n<p>1 conjunto corto  con su gorro de algod\u00f3n 100% hipoalerg\u00e9nico (rompee,jersey y gorro)<\/p>\n<p>1 par de zapatos tejidos<\/p>\n<p>1 manta tejida de algod\u00f3n 100% hipoalerg\u00e9nico con el nombre bordado (seg\u00fan existencia)<\/p>\n<p>1 mu\u00f1eco tejido<\/p>\n<p>hecho en Portugal<\/p>\n<p>Deja el nombre de tu beb\u00e9 casi al finalizar tu orden en la casilla: dejar nota de su pedido<\/p>\n","protected":false},"excerpt":{"rendered":"<p>Para la futura mam\u00e1&#8230; Descubre nuestras cajas de regalo de lujo para un reci\u00e9n llegado. Mima a una nueva mam\u00e1 con una caja de regalo premium que puede atesorar. Encuentre los elementos esenciales que cualquier nuevo beb\u00e9 necesitar\u00e1 para darle la bienvenida al mundo. Hermosa caja de regalo para bebe Size:0-3m para bebes 6 a 8.5 libras Incluye: 1 conjunto largo con su gorro de algod\u00f3n. 100% hipoalerg\u00e9nico (abrigo,rumper,gorro) 1 conjunto corto con su gorro de algod\u00f3n 100% hipoalerg\u00e9nico (rompee,jersey y gorro) 1 par de zapatos tejidos 1 manta tejida de algod\u00f3n 100% hipoalerg\u00e9nico con el nombre bordado (seg\u00fan existencia) 1 mu\u00f1eco tejido hecho en Portugal Deja el nombre de tu beb\u00e9 casi al finalizar tu orden en la casilla: dejar nota de su pedido<\/p>\n","protected":false},"featured_media":11634,"comment_status":"open","ping_status":"closed","template":"","meta":{"inline_featured_image":false,"_joinchat":[]},"product_brand":[],"product_cat":[17,124,129],"product_tag":[],"class_list":{"0":"post-11635","1":"product","2":"type-product","3":"status-publish","4":"has-post-thumbnail","6":"product_cat-primera-puesta-ninas","7":"product_cat-los-mas-vendidos","8":"product_cat-cajas-de-nacimiento-2","10":"first","11":"instock","12":"shipping-taxable","13":"purchasable","14":"product-type-simple"},"yoast_head":"<!-- This site is optimized with the Yoast SEO plugin v27.4 - https:\/\/yoast.com\/product\/yoast-seo-wordpress\/ -->\n<title>Paula Perla Rose Deluxe<\/title>\n<meta name=\"robots\" content=\"index, follow, max-snippet:-1, max-image-preview:large, max-video-preview:-1\" \/>\n<link rel=\"canonical\" href=\"https:\/\/rayuelakids.com\/es\/producto\/paula-perla-rose-deluxe\/\" \/>\n<meta property=\"og:locale\" content=\"es_ES\" \/>\n<meta property=\"og:type\" content=\"article\" \/>\n<meta property=\"og:title\" content=\"Paula Perla Rose Deluxe\" \/>\n<meta property=\"og:description\" content=\"Para la futura mam\u00e1&#8230; Descubre nuestras cajas de regalo de lujo para un reci\u00e9n llegado. Mima a una nueva mam\u00e1 con una caja de regalo premium que puede atesorar. Encuentre los elementos esenciales que cualquier nuevo beb\u00e9 necesitar\u00e1 para darle la bienvenida al mundo. Hermosa caja de regalo para bebe Size:0-3m para bebes 6 a 8.5 libras Incluye: 1 conjunto largo con su gorro de algod\u00f3n. 100% hipoalerg\u00e9nico (abrigo,rumper,gorro) 1 conjunto corto con su gorro de algod\u00f3n 100% hipoalerg\u00e9nico (rompee,jersey y gorro) 1 par de zapatos tejidos 1 manta tejida de algod\u00f3n 100% hipoalerg\u00e9nico con el nombre bordado (seg\u00fan existencia) 1 mu\u00f1eco tejido hecho en Portugal Deja el nombre de tu beb\u00e9 casi al finalizar tu orden en la casilla: dejar nota de su pedido\" \/>\n<meta property=\"og:url\" content=\"https:\/\/rayuelakids.com\/es\/producto\/paula-perla-rose-deluxe\/\" \/>\n<meta property=\"article:publisher\" content=\"https:\/\/web.facebook.com\/rayuela\" \/>\n<meta property=\"article:modified_time\" content=\"2026-03-02T20:58:36+00:00\" \/>\n<meta name=\"twitter:card\" content=\"summary_large_image\" \/>\n<meta name=\"twitter:label1\" content=\"Tiempo de lectura\" \/>\n\t<meta name=\"twitter:data1\" content=\"1 minuto\" \/>\n<script type=\"application\/ld+json\" class=\"yoast-schema-graph\">{\"@context\":\"https:\\\/\\\/schema.org\",\"@graph\":[{\"@type\":\"WebPage\",\"@id\":\"https:\\\/\\\/rayuelakids.com\\\/es\\\/producto\\\/paula-perla-rose-deluxe\\\/\",\"url\":\"https:\\\/\\\/rayuelakids.com\\\/es\\\/producto\\\/paula-perla-rose-deluxe\\\/\",\"name\":\"Paula Perla Rose Deluxe\",\"isPartOf\":{\"@id\":\"https:\\\/\\\/rayuelakids.com\\\/es\\\/#website\"},\"primaryImageOfPage\":{\"@id\":\"https:\\\/\\\/rayuelakids.com\\\/es\\\/producto\\\/paula-perla-rose-deluxe\\\/#primaryimage\"},\"image\":{\"@id\":\"https:\\\/\\\/rayuelakids.com\\\/es\\\/producto\\\/paula-perla-rose-deluxe\\\/#primaryimage\"},\"thumbnailUrl\":\"https:\\\/\\\/rayuelakids.com\\\/es\\\/wp-content\\\/uploads\\\/2026\\\/03\\\/1001849802.jpg\",\"datePublished\":\"2026-03-02T20:58:11+00:00\",\"dateModified\":\"2026-03-02T20:58:36+00:00\",\"breadcrumb\":{\"@id\":\"https:\\\/\\\/rayuelakids.com\\\/es\\\/producto\\\/paula-perla-rose-deluxe\\\/#breadcrumb\"},\"inLanguage\":\"es\",\"potentialAction\":[{\"@type\":\"ReadAction\",\"target\":[\"https:\\\/\\\/rayuelakids.com\\\/es\\\/producto\\\/paula-perla-rose-deluxe\\\/\"]}]},{\"@type\":\"ImageObject\",\"inLanguage\":\"es\",\"@id\":\"https:\\\/\\\/rayuelakids.com\\\/es\\\/producto\\\/paula-perla-rose-deluxe\\\/#primaryimage\",\"url\":\"https:\\\/\\\/rayuelakids.com\\\/es\\\/wp-content\\\/uploads\\\/2026\\\/03\\\/1001849802.jpg\",\"contentUrl\":\"https:\\\/\\\/rayuelakids.com\\\/es\\\/wp-content\\\/uploads\\\/2026\\\/03\\\/1001849802.jpg\",\"width\":738,\"height\":1600},{\"@type\":\"BreadcrumbList\",\"@id\":\"https:\\\/\\\/rayuelakids.com\\\/es\\\/producto\\\/paula-perla-rose-deluxe\\\/#breadcrumb\",\"itemListElement\":[{\"@type\":\"ListItem\",\"position\":1,\"name\":\"Portada\",\"item\":\"https:\\\/\\\/rayuelakids.com\\\/es\\\/\"},{\"@type\":\"ListItem\",\"position\":2,\"name\":\"Tienda\",\"item\":\"https:\\\/\\\/rayuelakids.com\\\/es\\\/tienda\\\/\"},{\"@type\":\"ListItem\",\"position\":3,\"name\":\"Paula Perla Rose Deluxe\"}]},{\"@type\":\"WebSite\",\"@id\":\"https:\\\/\\\/rayuelakids.com\\\/es\\\/#website\",\"url\":\"https:\\\/\\\/rayuelakids.com\\\/es\\\/\",\"name\":\"Rayuela Kids\",\"description\":\"Moda Infantil\",\"publisher\":{\"@id\":\"https:\\\/\\\/rayuelakids.com\\\/es\\\/#organization\"},\"alternateName\":\"RayuelaKids\",\"potentialAction\":[{\"@type\":\"SearchAction\",\"target\":{\"@type\":\"EntryPoint\",\"urlTemplate\":\"https:\\\/\\\/rayuelakids.com\\\/es\\\/?s={search_term_string}\"},\"query-input\":{\"@type\":\"PropertyValueSpecification\",\"valueRequired\":true,\"valueName\":\"search_term_string\"}}],\"inLanguage\":\"es\"},{\"@type\":\"Organization\",\"@id\":\"https:\\\/\\\/rayuelakids.com\\\/es\\\/#organization\",\"name\":\"Rayuela Kids\",\"url\":\"https:\\\/\\\/rayuelakids.com\\\/es\\\/\",\"logo\":{\"@type\":\"ImageObject\",\"inLanguage\":\"es\",\"@id\":\"https:\\\/\\\/rayuelakids.com\\\/es\\\/#\\\/schema\\\/logo\\\/image\\\/\",\"url\":\"https:\\\/\\\/rayuelakids.com\\\/es\\\/wp-content\\\/uploads\\\/2022\\\/03\\\/cropped-Rayulea-logo-version-horizontal-scaled-1-e1647744456320.jpg\",\"contentUrl\":\"https:\\\/\\\/rayuelakids.com\\\/es\\\/wp-content\\\/uploads\\\/2022\\\/03\\\/cropped-Rayulea-logo-version-horizontal-scaled-1-e1647744456320.jpg\",\"width\":800,\"height\":300,\"caption\":\"Rayuela Kids\"},\"image\":{\"@id\":\"https:\\\/\\\/rayuelakids.com\\\/es\\\/#\\\/schema\\\/logo\\\/image\\\/\"},\"sameAs\":[\"https:\\\/\\\/web.facebook.com\\\/rayuela\",\"https:\\\/\\\/www.instagram.com\\\/rayuelakids\\\/?hl=en\"]}]}<\/script>\n<!-- \/ Yoast SEO plugin. -->","yoast_head_json":{"title":"Paula Perla Rose Deluxe","robots":{"index":"index","follow":"follow","max-snippet":"max-snippet:-1","max-image-preview":"max-image-preview:large","max-video-preview":"max-video-preview:-1"},"canonical":"https:\/\/rayuelakids.com\/es\/producto\/paula-perla-rose-deluxe\/","og_locale":"es_ES","og_type":"article","og_title":"Paula Perla Rose Deluxe","og_description":"Para la futura mam\u00e1&#8230; Descubre nuestras cajas de regalo de lujo para un reci\u00e9n llegado. Mima a una nueva mam\u00e1 con una caja de regalo premium que puede atesorar. Encuentre los elementos esenciales que cualquier nuevo beb\u00e9 necesitar\u00e1 para darle la bienvenida al mundo. Hermosa caja de regalo para bebe Size:0-3m para bebes 6 a 8.5 libras Incluye: 1 conjunto largo con su gorro de algod\u00f3n. 100% hipoalerg\u00e9nico (abrigo,rumper,gorro) 1 conjunto corto con su gorro de algod\u00f3n 100% hipoalerg\u00e9nico (rompee,jersey y gorro) 1 par de zapatos tejidos 1 manta tejida de algod\u00f3n 100% hipoalerg\u00e9nico con el nombre bordado (seg\u00fan existencia) 1 mu\u00f1eco tejido hecho en Portugal Deja el nombre de tu beb\u00e9 casi al finalizar tu orden en la casilla: dejar nota de su pedido","og_url":"https:\/\/rayuelakids.com\/es\/producto\/paula-perla-rose-deluxe\/","article_publisher":"https:\/\/web.facebook.com\/rayuela","article_modified_time":"2026-03-02T20:58:36+00:00","twitter_card":"summary_large_image","twitter_misc":{"Tiempo de lectura":"1 minuto"},"schema":{"@context":"https:\/\/schema.org","@graph":[{"@type":"WebPage","@id":"https:\/\/rayuelakids.com\/es\/producto\/paula-perla-rose-deluxe\/","url":"https:\/\/rayuelakids.com\/es\/producto\/paula-perla-rose-deluxe\/","name":"Paula Perla Rose Deluxe","isPartOf":{"@id":"https:\/\/rayuelakids.com\/es\/#website"},"primaryImageOfPage":{"@id":"https:\/\/rayuelakids.com\/es\/producto\/paula-perla-rose-deluxe\/#primaryimage"},"image":{"@id":"https:\/\/rayuelakids.com\/es\/producto\/paula-perla-rose-deluxe\/#primaryimage"},"thumbnailUrl":"https:\/\/rayuelakids.com\/es\/wp-content\/uploads\/2026\/03\/1001849802.jpg","datePublished":"2026-03-02T20:58:11+00:00","dateModified":"2026-03-02T20:58:36+00:00","breadcrumb":{"@id":"https:\/\/rayuelakids.com\/es\/producto\/paula-perla-rose-deluxe\/#breadcrumb"},"inLanguage":"es","potentialAction":[{"@type":"ReadAction","target":["https:\/\/rayuelakids.com\/es\/producto\/paula-perla-rose-deluxe\/"]}]},{"@type":"ImageObject","inLanguage":"es","@id":"https:\/\/rayuelakids.com\/es\/producto\/paula-perla-rose-deluxe\/#primaryimage","url":"https:\/\/rayuelakids.com\/es\/wp-content\/uploads\/2026\/03\/1001849802.jpg","contentUrl":"https:\/\/rayuelakids.com\/es\/wp-content\/uploads\/2026\/03\/1001849802.jpg","width":738,"height":1600},{"@type":"BreadcrumbList","@id":"https:\/\/rayuelakids.com\/es\/producto\/paula-perla-rose-deluxe\/#breadcrumb","itemListElement":[{"@type":"ListItem","position":1,"name":"Portada","item":"https:\/\/rayuelakids.com\/es\/"},{"@type":"ListItem","position":2,"name":"Tienda","item":"https:\/\/rayuelakids.com\/es\/tienda\/"},{"@type":"ListItem","position":3,"name":"Paula Perla Rose Deluxe"}]},{"@type":"WebSite","@id":"https:\/\/rayuelakids.com\/es\/#website","url":"https:\/\/rayuelakids.com\/es\/","name":"Rayuela Kids","description":"Moda Infantil","publisher":{"@id":"https:\/\/rayuelakids.com\/es\/#organization"},"alternateName":"RayuelaKids","potentialAction":[{"@type":"SearchAction","target":{"@type":"EntryPoint","urlTemplate":"https:\/\/rayuelakids.com\/es\/?s={search_term_string}"},"query-input":{"@type":"PropertyValueSpecification","valueRequired":true,"valueName":"search_term_string"}}],"inLanguage":"es"},{"@type":"Organization","@id":"https:\/\/rayuelakids.com\/es\/#organization","name":"Rayuela Kids","url":"https:\/\/rayuelakids.com\/es\/","logo":{"@type":"ImageObject","inLanguage":"es","@id":"https:\/\/rayuelakids.com\/es\/#\/schema\/logo\/image\/","url":"https:\/\/rayuelakids.com\/es\/wp-content\/uploads\/2022\/03\/cropped-Rayulea-logo-version-horizontal-scaled-1-e1647744456320.jpg","contentUrl":"https:\/\/rayuelakids.com\/es\/wp-content\/uploads\/2022\/03\/cropped-Rayulea-logo-version-horizontal-scaled-1-e1647744456320.jpg","width":800,"height":300,"caption":"Rayuela Kids"},"image":{"@id":"https:\/\/rayuelakids.com\/es\/#\/schema\/logo\/image\/"},"sameAs":["https:\/\/web.facebook.com\/rayuela","https:\/\/www.instagram.com\/rayuelakids\/?hl=en"]}]}},"_links":{"self":[{"href":"https:\/\/rayuelakids.com\/es\/wp-json\/wp\/v2\/product\/11635","targetHints":{"allow":["GET"]}}],"collection":[{"href":"https:\/\/rayuelakids.com\/es\/wp-json\/wp\/v2\/product"}],"about":[{"href":"https:\/\/rayuelakids.com\/es\/wp-json\/wp\/v2\/types\/product"}],"replies":[{"embeddable":true,"href":"https:\/\/rayuelakids.com\/es\/wp-json\/wp\/v2\/comments?post=11635"}],"version-history":[{"count":0,"href":"https:\/\/rayuelakids.com\/es\/wp-json\/wp\/v2\/product\/11635\/revisions"}],"wp:featuredmedia":[{"embeddable":true,"href":"https:\/\/rayuelakids.com\/es\/wp-json\/wp\/v2\/media\/11634"}],"wp:attachment":[{"href":"https:\/\/rayuelakids.com\/es\/wp-json\/wp\/v2\/media?parent=11635"}],"wp:term":[{"taxonomy":"product_brand","embeddable":true,"href":"https:\/\/rayuelakids.com\/es\/wp-json\/wp\/v2\/product_brand?post=11635"},{"taxonomy":"product_cat","embeddable":true,"href":"https:\/\/rayuelakids.com\/es\/wp-json\/wp\/v2\/product_cat?post=11635"},{"taxonomy":"product_tag","embeddable":true,"href":"https:\/\/rayuelakids.com\/es\/wp-json\/wp\/v2\/product_tag?post=11635"}],"curies":[{"name":"wp","href":"https:\/\/api.w.org\/{rel}","templated":true}]}}