{"id":5148,"date":"2024-02-19T22:56:28","date_gmt":"2024-02-19T22:56:28","guid":{"rendered":"https:\/\/www.rayuelakids.com\/es\/producto\/baby-camel-marine\/"},"modified":"2024-09-16T21:03:46","modified_gmt":"2024-09-16T21:03:46","slug":"baby-camel-marine-conjunto-de-bebe-nina","status":"publish","type":"product","link":"https:\/\/rayuelakids.com\/es\/producto\/baby-camel-marine-conjunto-de-bebe-nina\/","title":{"rendered":"Baby Camel Marine- Conjunto de beb\u00e9 ni\u00f1o\/ni\u00f1a"},"content":{"rendered":"\t\t<div data-elementor-type=\"wp-post\" data-elementor-id=\"5148\" class=\"elementor elementor-5148\" data-elementor-post-type=\"product\">\n\t\t\t\t\t\t<section class=\"elementor-section elementor-top-section elementor-element elementor-element-2469c542 elementor-section-boxed elementor-section-height-default elementor-section-height-default wpr-particle-no wpr-jarallax-no wpr-parallax-no wpr-sticky-section-no wpr-equal-height-no\" data-id=\"2469c542\" data-element_type=\"section\" data-e-type=\"section\">\n\t\t\t\t\t\t<div class=\"elementor-container elementor-column-gap-default\">\n\t\t\t\t\t<div class=\"elementor-column elementor-col-100 elementor-top-column elementor-element elementor-element-6a77c826\" data-id=\"6a77c826\" data-element_type=\"column\" data-e-type=\"column\">\n\t\t\t<div class=\"elementor-widget-wrap elementor-element-populated\">\n\t\t\t\t\t\t<div class=\"elementor-element elementor-element-4b35c397 elementor-widget elementor-widget-text-editor\" data-id=\"4b35c397\" data-element_type=\"widget\" data-e-type=\"widget\" data-widget_type=\"text-editor.default\">\n\t\t\t\t<div class=\"elementor-widget-container\">\n\t\t\t\t\t\t\t\t\t<p>Conjunto de <span style=\"font-size: 16px;\">beb<span style=\"font-size: 16px; font-style: normal; font-weight: 400;\">\u00e9<\/span> para nina<\/span><\/p><p style=\"margin: 0px0px24px; padding: 0px;\">Para la futura mam\u00e1&#8230;<\/p><p>Descubre nuestras cajas de regalo de lujo para un reci\u00e9n llegado. Mima a una nueva mam\u00e1 con una caja de regalo premium que puede atesorar. Encuentre los elementos esenciales que cualquier nuevo beb\u00e9 necesitar\u00e1 para darle la bienvenida al mundo.<\/p><p>Hermosa caja de regalo para bebe<\/p><p style=\"margin: 0px0px24px; padding: 0px;\">Size:0-3m para bebes 6 a 8.5 libras<\/p><p>Incluye:<\/p><p>1 Pelele largo con su gorro de algod\u00f3n.<\/p><p>100% hipoalerg\u00e9nico<\/p><p>1 manta tejida con el nombre bordado<\/p><p>1 babero con el nombre bordado<\/p><p>hecho en Portugal<\/p><p>Deja el nombre de tu beb\u00e9 casi al finalizar tu orden en la casilla: dejar nota de su pedido<\/p>\t\t\t\t\t\t\t\t<\/div>\n\t\t\t\t<\/div>\n\t\t\t\t\t<\/div>\n\t\t<\/div>\n\t\t\t\t\t<\/div>\n\t\t<\/section>\n\t\t\t\t<section class=\"elementor-section elementor-top-section elementor-element elementor-element-7b7a143 elementor-section-boxed elementor-section-height-default elementor-section-height-default wpr-particle-no wpr-jarallax-no wpr-parallax-no wpr-sticky-section-no wpr-equal-height-no\" data-id=\"7b7a143\" data-element_type=\"section\" data-e-type=\"section\">\n\t\t\t\t\t\t<div class=\"elementor-container elementor-column-gap-default\">\n\t\t\t\t\t<div class=\"elementor-column elementor-col-100 elementor-top-column elementor-element elementor-element-5c4754b\" data-id=\"5c4754b\" data-element_type=\"column\" data-e-type=\"column\">\n\t\t\t<div class=\"elementor-widget-wrap elementor-element-populated\">\n\t\t\t\t\t\t<div class=\"elementor-element elementor-element-cdaa7e3 elementor-widget elementor-widget-text-editor\" data-id=\"cdaa7e3\" data-element_type=\"widget\" data-e-type=\"widget\" data-widget_type=\"text-editor.default\">\n\t\t\t\t<div class=\"elementor-widget-container\">\n\t\t\t\t\t\t\t\t\t<details><div class=\"flex flex-grow flex-col max-w-full\"><div class=\"min-h-[20px] text-message flex flex-col items-start gap-3 whitespace-pre-wrap break-words [.text-message+&amp;]:mt-5 overflow-x-auto\" data-message-author-role=\"assistant\" data-message-id=\"46c51038-abee-4ad5-b2c1-4f15faf9cdaf\"><div class=\"markdown prose w-full break-words dark:prose-invert light\"><p>\u00bf Estas buscando un conjunto de beb\u00e9 ni\u00f1a 0-3 meses?\u00a0<a href=\"https:\/\/rayuelakids.com\/es\">Rayuela Kids<\/a>, la reconocida marca de moda infantil en Santo Domingo, te invita a descubrir su exclusiva colecci\u00f3n de conjunto de beb\u00e9 ni\u00f1a de 0-3 meses,como el Baby Camel Marine. Cada prenda es una expresi\u00f3n de estilo y comodidad, confeccionada con esmero en Espa\u00f1a y Portugal para garantizar la mejor calidad.<\/p><p>Nuestra tienda, tanto f\u00edsica como online, ofrece una experiencia de compra excepcional. Aceptamos tarjetas de cr\u00e9dito para tu comodidad y seguridad, as\u00ed como pagos seguros con\u00a0<a href=\"http:\/\/www.paypal.com\/\">PayPal<\/a>. Adem\u00e1s, garantizamos entregas r\u00e1pidas y seguras con\u00a0<a href=\"http:\/\/www.dhl.com\/\">DHL<\/a>, para que tus productos lleguen a ti en perfectas condiciones y en el menor tiempo posible.<\/p><h6><a href=\"https:\/\/rayuelakids.com\/es\">Rayuela Kids<\/a>\u00a0ha sido galardonada con el\u00a0<a href=\"https:\/\/www.diariolibre.com\/revista\/moda\/2023\/09\/05\/anuncian-nominados-premios-a-la-moda-dominicana-2023\/2452351\">premio Moda Dominicana 2023<\/a> como mejor marca de moda infantil, lo que refleja nuestro compromiso con la excelencia y la innovaci\u00f3n en el mundo de la moda infantil. Cada conjunto de beb\u00e9 est\u00e1 dise\u00f1ado pensando en la delicadeza y la ternura de los m\u00e1s peque\u00f1os, ofreciendo estilo y confort en cada detalle.<\/h6><h3><span style=\"font-size: 16px;\">Nuestra colecci\u00f3n de conjunto de beb\u00e9 es m\u00e1s que ropa, es una declaraci\u00f3n de estilo y cuidado para tu peque\u00f1a. Cada conjunto viene presentado en una hermosa caja regalo, ideal para regalar o para disfrutar en familia.<\/span><\/h3><h4><span style=\"font-size: 16px;\">Descubre la diferencia de vestir a tu beb\u00e9 con Rayuela Kids. Explora nuestra colecci\u00f3n hoy mismo y haz de cada momento un recuerdo especial con la moda infantil de calidad de\u00a0<a href=\"https:\/\/rayuelakids.com\/es\">Rayuela Kids<\/a>. \u00a1Viste a tu peque\u00f1a con estilo y distinci\u00f3n desde el primer d\u00eda!<\/span><\/h4><\/div><\/div><\/div><div class=\"mt-1 flex justify-start gap-3 empty:hidden\"><div class=\"text-gray-400 flex self-end lg:self-center justify-center lg:justify-start mt-0 -ml-1 visible\"><h2><span style=\"font-size: 16px;\">Conjunto de beb\u00e9\u00a0ni\u00f1a de 0 a 3 meses\u00a0<a href=\"https:\/\/rayuelakids.com\/es\">Rayuela Kids<\/a>. Tienda f\u00edsica y venta online de ropa infantil. Env\u00edo gratis<\/span><\/h2><\/div><\/div><\/details>\t\t\t\t\t\t\t\t<\/div>\n\t\t\t\t<\/div>\n\t\t\t\t\t<\/div>\n\t\t<\/div>\n\t\t\t\t\t<\/div>\n\t\t<\/section>\n\t\t\t\t<section class=\"elementor-section elementor-top-section elementor-element elementor-element-4dfcd7c elementor-section-boxed elementor-section-height-default elementor-section-height-default wpr-particle-no wpr-jarallax-no wpr-parallax-no wpr-sticky-section-no wpr-equal-height-no\" data-id=\"4dfcd7c\" data-element_type=\"section\" data-e-type=\"section\">\n\t\t\t\t\t\t<div class=\"elementor-container elementor-column-gap-default\">\n\t\t\t\t\t<div class=\"elementor-column elementor-col-100 elementor-top-column elementor-element elementor-element-b58ba8c\" data-id=\"b58ba8c\" data-element_type=\"column\" data-e-type=\"column\">\n\t\t\t<div class=\"elementor-widget-wrap elementor-element-populated\">\n\t\t\t\t\t\t<div class=\"elementor-element elementor-element-2786af2 elementor-widget elementor-widget-image\" data-id=\"2786af2\" data-element_type=\"widget\" data-e-type=\"widget\" data-widget_type=\"image.default\">\n\t\t\t\t<div class=\"elementor-widget-container\">\n\t\t\t\t\t\t\t\t\t\t\t\t\t\t\t<img fetchpriority=\"high\" decoding=\"async\" width=\"2027\" height=\"2560\" src=\"https:\/\/rayuelakids.com\/es\/wp-content\/uploads\/2024\/02\/Conjunto-de-Bebe-de-Nina-0-3-Meses.jpg\" class=\"attachment-large size-large wp-image-5280\" alt=\"Conjunto de Beb\u00e9 de Ni\u00f1a 0-3 Meses\" srcset=\"https:\/\/rayuelakids.com\/es\/wp-content\/uploads\/2024\/02\/Conjunto-de-Bebe-de-Nina-0-3-Meses.jpg 2027w, https:\/\/rayuelakids.com\/es\/wp-content\/uploads\/2024\/02\/Conjunto-de-Bebe-de-Nina-0-3-Meses-768x970.jpg 768w, https:\/\/rayuelakids.com\/es\/wp-content\/uploads\/2024\/02\/Conjunto-de-Bebe-de-Nina-0-3-Meses-1216x1536.jpg 1216w, https:\/\/rayuelakids.com\/es\/wp-content\/uploads\/2024\/02\/Conjunto-de-Bebe-de-Nina-0-3-Meses-1622x2048.jpg 1622w, https:\/\/rayuelakids.com\/es\/wp-content\/uploads\/2024\/02\/Conjunto-de-Bebe-de-Nina-0-3-Meses-1320x1667.jpg 1320w, https:\/\/rayuelakids.com\/es\/wp-content\/uploads\/2024\/02\/Conjunto-de-Bebe-de-Nina-0-3-Meses-600x758.jpg 600w\" sizes=\"(max-width: 2027px) 100vw, 2027px\" \/>\t\t\t\t\t\t\t\t\t\t\t\t\t\t\t<\/div>\n\t\t\t\t<\/div>\n\t\t\t\t\t<\/div>\n\t\t<\/div>\n\t\t\t\t\t<\/div>\n\t\t<\/section>\n\t\t\t\t<section class=\"elementor-section elementor-top-section elementor-element elementor-element-2c6126c elementor-section-boxed elementor-section-height-default elementor-section-height-default wpr-particle-no wpr-jarallax-no wpr-parallax-no wpr-sticky-section-no wpr-equal-height-no\" data-id=\"2c6126c\" data-element_type=\"section\" data-e-type=\"section\">\n\t\t\t\t\t\t<div class=\"elementor-container elementor-column-gap-default\">\n\t\t\t\t\t<div class=\"elementor-column elementor-col-100 elementor-top-column elementor-element elementor-element-1b8fe63\" data-id=\"1b8fe63\" data-element_type=\"column\" data-e-type=\"column\">\n\t\t\t<div class=\"elementor-widget-wrap elementor-element-populated\">\n\t\t\t\t\t\t<div class=\"elementor-element elementor-element-176cfc1 elementor-widget elementor-widget-rating\" data-id=\"176cfc1\" data-element_type=\"widget\" data-e-type=\"widget\" data-widget_type=\"rating.default\">\n\t\t\t\t<div class=\"elementor-widget-container\">\n\t\t\t\t\t\t\t<div class=\"e-rating\" itemtype=\"https:\/\/schema.org\/Rating\" itemscope=\"\" itemprop=\"reviewRating\">\n\t\t\t<meta itemprop=\"worstRating\" content=\"0\">\n\t\t\t<meta itemprop=\"bestRating\" content=\"5\">\n\t\t\t<div class=\"e-rating-wrapper\" itemprop=\"ratingValue\" content=\"5\" role=\"img\" aria-label=\"Valorado con 5 de 5\">\n\t\t\t\t\t\t\t<div class=\"e-icon\">\n\t\t\t\t<div class=\"e-icon-wrapper e-icon-marked\">\n\t\t\t\t\t<i aria-hidden=\"true\" class=\"eicon-star\"><\/i>\t\t\t\t<\/div>\n\t\t\t\t<div class=\"e-icon-wrapper e-icon-unmarked\">\n\t\t\t\t\t<i aria-hidden=\"true\" class=\"eicon-star\"><\/i>\t\t\t\t<\/div>\n\t\t\t<\/div>\n\t\t\t\t\t\t<div class=\"e-icon\">\n\t\t\t\t<div class=\"e-icon-wrapper e-icon-marked\">\n\t\t\t\t\t<i aria-hidden=\"true\" class=\"eicon-star\"><\/i>\t\t\t\t<\/div>\n\t\t\t\t<div class=\"e-icon-wrapper e-icon-unmarked\">\n\t\t\t\t\t<i aria-hidden=\"true\" class=\"eicon-star\"><\/i>\t\t\t\t<\/div>\n\t\t\t<\/div>\n\t\t\t\t\t\t<div class=\"e-icon\">\n\t\t\t\t<div class=\"e-icon-wrapper e-icon-marked\">\n\t\t\t\t\t<i aria-hidden=\"true\" class=\"eicon-star\"><\/i>\t\t\t\t<\/div>\n\t\t\t\t<div class=\"e-icon-wrapper e-icon-unmarked\">\n\t\t\t\t\t<i aria-hidden=\"true\" class=\"eicon-star\"><\/i>\t\t\t\t<\/div>\n\t\t\t<\/div>\n\t\t\t\t\t\t<div class=\"e-icon\">\n\t\t\t\t<div class=\"e-icon-wrapper e-icon-marked\">\n\t\t\t\t\t<i aria-hidden=\"true\" class=\"eicon-star\"><\/i>\t\t\t\t<\/div>\n\t\t\t\t<div class=\"e-icon-wrapper e-icon-unmarked\">\n\t\t\t\t\t<i aria-hidden=\"true\" class=\"eicon-star\"><\/i>\t\t\t\t<\/div>\n\t\t\t<\/div>\n\t\t\t\t\t\t<div class=\"e-icon\">\n\t\t\t\t<div class=\"e-icon-wrapper e-icon-marked\">\n\t\t\t\t\t<i aria-hidden=\"true\" class=\"eicon-star\"><\/i>\t\t\t\t<\/div>\n\t\t\t\t<div class=\"e-icon-wrapper e-icon-unmarked\">\n\t\t\t\t\t<i aria-hidden=\"true\" class=\"eicon-star\"><\/i>\t\t\t\t<\/div>\n\t\t\t<\/div>\n\t\t\t\t\t\t<\/div>\n\t\t<\/div>\n\t\t\t\t\t\t<\/div>\n\t\t\t\t<\/div>\n\t\t\t\t\t<\/div>\n\t\t<\/div>\n\t\t\t\t\t<\/div>\n\t\t<\/section>\n\t\t\t\t<\/div>\n\t\t","protected":false},"excerpt":{"rendered":"<p>Para la futura mam\u00e1&#8230;<\/p>\n","protected":false},"featured_media":7382,"comment_status":"open","ping_status":"closed","template":"","meta":{"inline_featured_image":false,"_joinchat":[]},"product_brand":[],"product_cat":[112],"product_tag":[],"class_list":{"0":"post-5148","1":"product","2":"type-product","3":"status-publish","4":"has-post-thumbnail","6":"product_cat-primera-puesta-algodon","7":"product_shipping_class-envio-gratis","9":"first","10":"instock","11":"shipping-taxable","12":"purchasable","13":"product-type-simple"},"yoast_head":"<!-- This site is optimized with the Yoast SEO plugin v27.4 - https:\/\/yoast.com\/product\/yoast-seo-wordpress\/ -->\n<title>Baby Camel Marine-Conjunto de bebe ni\u00f1a 0-3 meses.RayuelaKids<\/title>\n<meta name=\"description\" content=\"Descubre la colecci\u00f3n de conjunto de beb\u00e9 ni\u00f1a de 0-3 meses en Rayuela Kids.Viste a tu peque\u00f1a con distinci\u00f3n y calidad para una experiencia especial.\" \/>\n<meta name=\"robots\" content=\"index, follow, max-snippet:-1, max-image-preview:large, max-video-preview:-1\" \/>\n<link rel=\"canonical\" href=\"https:\/\/rayuelakids.com\/es\/producto\/baby-camel-marine-conjunto-de-bebe-nina\/\" \/>\n<meta property=\"og:locale\" content=\"es_ES\" \/>\n<meta property=\"og:type\" content=\"article\" \/>\n<meta property=\"og:title\" content=\"Baby Camel Marine-Conjunto de bebe ni\u00f1a 0-3 meses.RayuelaKids\" \/>\n<meta property=\"og:description\" content=\"Descubre la colecci\u00f3n de conjunto de beb\u00e9 ni\u00f1a de 0-3 meses en Rayuela Kids.Viste a tu peque\u00f1a con distinci\u00f3n y calidad para una experiencia especial.\" \/>\n<meta property=\"og:url\" content=\"https:\/\/rayuelakids.com\/es\/producto\/baby-camel-marine-conjunto-de-bebe-nina\/\" \/>\n<meta property=\"article:publisher\" content=\"https:\/\/web.facebook.com\/rayuela\" \/>\n<meta property=\"article:modified_time\" content=\"2024-09-16T21:03:46+00:00\" \/>\n<meta property=\"og:image\" content=\"https:\/\/rayuelakids.com\/es\/wp-content\/uploads\/2024\/05\/1000351911-scaled-scaled.webp\" \/>\n\t<meta property=\"og:image:width\" content=\"2560\" \/>\n\t<meta property=\"og:image:height\" content=\"2220\" \/>\n\t<meta property=\"og:image:type\" content=\"image\/webp\" \/>\n<meta name=\"twitter:card\" content=\"summary_large_image\" \/>\n<meta name=\"twitter:label1\" content=\"Tiempo de lectura\" \/>\n\t<meta name=\"twitter:data1\" content=\"2 minutos\" \/>\n<script type=\"application\/ld+json\" class=\"yoast-schema-graph\">{\"@context\":\"https:\\\/\\\/schema.org\",\"@graph\":[{\"@type\":\"WebPage\",\"@id\":\"https:\\\/\\\/rayuelakids.com\\\/es\\\/producto\\\/baby-camel-marine-conjunto-de-bebe-nina\\\/\",\"url\":\"https:\\\/\\\/rayuelakids.com\\\/es\\\/producto\\\/baby-camel-marine-conjunto-de-bebe-nina\\\/\",\"name\":\"Baby Camel Marine-Conjunto de bebe ni\u00f1a 0-3 meses.RayuelaKids\",\"isPartOf\":{\"@id\":\"https:\\\/\\\/rayuelakids.com\\\/es\\\/#website\"},\"primaryImageOfPage\":{\"@id\":\"https:\\\/\\\/rayuelakids.com\\\/es\\\/producto\\\/baby-camel-marine-conjunto-de-bebe-nina\\\/#primaryimage\"},\"image\":{\"@id\":\"https:\\\/\\\/rayuelakids.com\\\/es\\\/producto\\\/baby-camel-marine-conjunto-de-bebe-nina\\\/#primaryimage\"},\"thumbnailUrl\":\"https:\\\/\\\/rayuelakids.com\\\/es\\\/wp-content\\\/uploads\\\/2024\\\/09\\\/1000518448-1-scaled-scaled.webp\",\"datePublished\":\"2024-02-19T22:56:28+00:00\",\"dateModified\":\"2024-09-16T21:03:46+00:00\",\"description\":\"Descubre la colecci\u00f3n de conjunto de beb\u00e9 ni\u00f1a de 0-3 meses en Rayuela Kids.Viste a tu peque\u00f1a con distinci\u00f3n y calidad para una experiencia especial.\",\"breadcrumb\":{\"@id\":\"https:\\\/\\\/rayuelakids.com\\\/es\\\/producto\\\/baby-camel-marine-conjunto-de-bebe-nina\\\/#breadcrumb\"},\"inLanguage\":\"es\",\"potentialAction\":[{\"@type\":\"ReadAction\",\"target\":[\"https:\\\/\\\/rayuelakids.com\\\/es\\\/producto\\\/baby-camel-marine-conjunto-de-bebe-nina\\\/\"]}]},{\"@type\":\"ImageObject\",\"inLanguage\":\"es\",\"@id\":\"https:\\\/\\\/rayuelakids.com\\\/es\\\/producto\\\/baby-camel-marine-conjunto-de-bebe-nina\\\/#primaryimage\",\"url\":\"https:\\\/\\\/rayuelakids.com\\\/es\\\/wp-content\\\/uploads\\\/2024\\\/09\\\/1000518448-1-scaled-scaled.webp\",\"contentUrl\":\"https:\\\/\\\/rayuelakids.com\\\/es\\\/wp-content\\\/uploads\\\/2024\\\/09\\\/1000518448-1-scaled-scaled.webp\",\"width\":1920,\"height\":2560},{\"@type\":\"BreadcrumbList\",\"@id\":\"https:\\\/\\\/rayuelakids.com\\\/es\\\/producto\\\/baby-camel-marine-conjunto-de-bebe-nina\\\/#breadcrumb\",\"itemListElement\":[{\"@type\":\"ListItem\",\"position\":1,\"name\":\"Portada\",\"item\":\"https:\\\/\\\/rayuelakids.com\\\/es\\\/\"},{\"@type\":\"ListItem\",\"position\":2,\"name\":\"Tienda\",\"item\":\"https:\\\/\\\/rayuelakids.com\\\/es\\\/tienda\\\/\"},{\"@type\":\"ListItem\",\"position\":3,\"name\":\"Baby Camel Marine- Conjunto de beb\u00e9 ni\u00f1o\\\/ni\u00f1a\"}]},{\"@type\":\"WebSite\",\"@id\":\"https:\\\/\\\/rayuelakids.com\\\/es\\\/#website\",\"url\":\"https:\\\/\\\/rayuelakids.com\\\/es\\\/\",\"name\":\"Rayuela Kids\",\"description\":\"Moda Infantil\",\"publisher\":{\"@id\":\"https:\\\/\\\/rayuelakids.com\\\/es\\\/#organization\"},\"alternateName\":\"RayuelaKids\",\"potentialAction\":[{\"@type\":\"SearchAction\",\"target\":{\"@type\":\"EntryPoint\",\"urlTemplate\":\"https:\\\/\\\/rayuelakids.com\\\/es\\\/?s={search_term_string}\"},\"query-input\":{\"@type\":\"PropertyValueSpecification\",\"valueRequired\":true,\"valueName\":\"search_term_string\"}}],\"inLanguage\":\"es\"},{\"@type\":\"Organization\",\"@id\":\"https:\\\/\\\/rayuelakids.com\\\/es\\\/#organization\",\"name\":\"Rayuela Kids\",\"url\":\"https:\\\/\\\/rayuelakids.com\\\/es\\\/\",\"logo\":{\"@type\":\"ImageObject\",\"inLanguage\":\"es\",\"@id\":\"https:\\\/\\\/rayuelakids.com\\\/es\\\/#\\\/schema\\\/logo\\\/image\\\/\",\"url\":\"https:\\\/\\\/rayuelakids.com\\\/es\\\/wp-content\\\/uploads\\\/2022\\\/03\\\/cropped-Rayulea-logo-version-horizontal-scaled-1-e1647744456320.jpg\",\"contentUrl\":\"https:\\\/\\\/rayuelakids.com\\\/es\\\/wp-content\\\/uploads\\\/2022\\\/03\\\/cropped-Rayulea-logo-version-horizontal-scaled-1-e1647744456320.jpg\",\"width\":800,\"height\":300,\"caption\":\"Rayuela Kids\"},\"image\":{\"@id\":\"https:\\\/\\\/rayuelakids.com\\\/es\\\/#\\\/schema\\\/logo\\\/image\\\/\"},\"sameAs\":[\"https:\\\/\\\/web.facebook.com\\\/rayuela\",\"https:\\\/\\\/www.instagram.com\\\/rayuelakids\\\/?hl=en\"]}]}<\/script>\n<!-- \/ Yoast SEO plugin. -->","yoast_head_json":{"title":"Baby Camel Marine-Conjunto de bebe ni\u00f1a 0-3 meses.RayuelaKids","description":"Descubre la colecci\u00f3n de conjunto de beb\u00e9 ni\u00f1a de 0-3 meses en Rayuela Kids.Viste a tu peque\u00f1a con distinci\u00f3n y calidad para una experiencia especial.","robots":{"index":"index","follow":"follow","max-snippet":"max-snippet:-1","max-image-preview":"max-image-preview:large","max-video-preview":"max-video-preview:-1"},"canonical":"https:\/\/rayuelakids.com\/es\/producto\/baby-camel-marine-conjunto-de-bebe-nina\/","og_locale":"es_ES","og_type":"article","og_title":"Baby Camel Marine-Conjunto de bebe ni\u00f1a 0-3 meses.RayuelaKids","og_description":"Descubre la colecci\u00f3n de conjunto de beb\u00e9 ni\u00f1a de 0-3 meses en Rayuela Kids.Viste a tu peque\u00f1a con distinci\u00f3n y calidad para una experiencia especial.","og_url":"https:\/\/rayuelakids.com\/es\/producto\/baby-camel-marine-conjunto-de-bebe-nina\/","article_publisher":"https:\/\/web.facebook.com\/rayuela","article_modified_time":"2024-09-16T21:03:46+00:00","og_image":[{"width":2560,"height":2220,"url":"https:\/\/rayuelakids.com\/es\/wp-content\/uploads\/2024\/05\/1000351911-scaled-scaled.webp","type":"image\/webp"}],"twitter_card":"summary_large_image","twitter_misc":{"Tiempo de lectura":"2 minutos"},"schema":{"@context":"https:\/\/schema.org","@graph":[{"@type":"WebPage","@id":"https:\/\/rayuelakids.com\/es\/producto\/baby-camel-marine-conjunto-de-bebe-nina\/","url":"https:\/\/rayuelakids.com\/es\/producto\/baby-camel-marine-conjunto-de-bebe-nina\/","name":"Baby Camel Marine-Conjunto de bebe ni\u00f1a 0-3 meses.RayuelaKids","isPartOf":{"@id":"https:\/\/rayuelakids.com\/es\/#website"},"primaryImageOfPage":{"@id":"https:\/\/rayuelakids.com\/es\/producto\/baby-camel-marine-conjunto-de-bebe-nina\/#primaryimage"},"image":{"@id":"https:\/\/rayuelakids.com\/es\/producto\/baby-camel-marine-conjunto-de-bebe-nina\/#primaryimage"},"thumbnailUrl":"https:\/\/rayuelakids.com\/es\/wp-content\/uploads\/2024\/09\/1000518448-1-scaled-scaled.webp","datePublished":"2024-02-19T22:56:28+00:00","dateModified":"2024-09-16T21:03:46+00:00","description":"Descubre la colecci\u00f3n de conjunto de beb\u00e9 ni\u00f1a de 0-3 meses en Rayuela Kids.Viste a tu peque\u00f1a con distinci\u00f3n y calidad para una experiencia especial.","breadcrumb":{"@id":"https:\/\/rayuelakids.com\/es\/producto\/baby-camel-marine-conjunto-de-bebe-nina\/#breadcrumb"},"inLanguage":"es","potentialAction":[{"@type":"ReadAction","target":["https:\/\/rayuelakids.com\/es\/producto\/baby-camel-marine-conjunto-de-bebe-nina\/"]}]},{"@type":"ImageObject","inLanguage":"es","@id":"https:\/\/rayuelakids.com\/es\/producto\/baby-camel-marine-conjunto-de-bebe-nina\/#primaryimage","url":"https:\/\/rayuelakids.com\/es\/wp-content\/uploads\/2024\/09\/1000518448-1-scaled-scaled.webp","contentUrl":"https:\/\/rayuelakids.com\/es\/wp-content\/uploads\/2024\/09\/1000518448-1-scaled-scaled.webp","width":1920,"height":2560},{"@type":"BreadcrumbList","@id":"https:\/\/rayuelakids.com\/es\/producto\/baby-camel-marine-conjunto-de-bebe-nina\/#breadcrumb","itemListElement":[{"@type":"ListItem","position":1,"name":"Portada","item":"https:\/\/rayuelakids.com\/es\/"},{"@type":"ListItem","position":2,"name":"Tienda","item":"https:\/\/rayuelakids.com\/es\/tienda\/"},{"@type":"ListItem","position":3,"name":"Baby Camel Marine- Conjunto de beb\u00e9 ni\u00f1o\/ni\u00f1a"}]},{"@type":"WebSite","@id":"https:\/\/rayuelakids.com\/es\/#website","url":"https:\/\/rayuelakids.com\/es\/","name":"Rayuela Kids","description":"Moda Infantil","publisher":{"@id":"https:\/\/rayuelakids.com\/es\/#organization"},"alternateName":"RayuelaKids","potentialAction":[{"@type":"SearchAction","target":{"@type":"EntryPoint","urlTemplate":"https:\/\/rayuelakids.com\/es\/?s={search_term_string}"},"query-input":{"@type":"PropertyValueSpecification","valueRequired":true,"valueName":"search_term_string"}}],"inLanguage":"es"},{"@type":"Organization","@id":"https:\/\/rayuelakids.com\/es\/#organization","name":"Rayuela Kids","url":"https:\/\/rayuelakids.com\/es\/","logo":{"@type":"ImageObject","inLanguage":"es","@id":"https:\/\/rayuelakids.com\/es\/#\/schema\/logo\/image\/","url":"https:\/\/rayuelakids.com\/es\/wp-content\/uploads\/2022\/03\/cropped-Rayulea-logo-version-horizontal-scaled-1-e1647744456320.jpg","contentUrl":"https:\/\/rayuelakids.com\/es\/wp-content\/uploads\/2022\/03\/cropped-Rayulea-logo-version-horizontal-scaled-1-e1647744456320.jpg","width":800,"height":300,"caption":"Rayuela Kids"},"image":{"@id":"https:\/\/rayuelakids.com\/es\/#\/schema\/logo\/image\/"},"sameAs":["https:\/\/web.facebook.com\/rayuela","https:\/\/www.instagram.com\/rayuelakids\/?hl=en"]}]}},"_links":{"self":[{"href":"https:\/\/rayuelakids.com\/es\/wp-json\/wp\/v2\/product\/5148","targetHints":{"allow":["GET"]}}],"collection":[{"href":"https:\/\/rayuelakids.com\/es\/wp-json\/wp\/v2\/product"}],"about":[{"href":"https:\/\/rayuelakids.com\/es\/wp-json\/wp\/v2\/types\/product"}],"replies":[{"embeddable":true,"href":"https:\/\/rayuelakids.com\/es\/wp-json\/wp\/v2\/comments?post=5148"}],"version-history":[{"count":1,"href":"https:\/\/rayuelakids.com\/es\/wp-json\/wp\/v2\/product\/5148\/revisions"}],"predecessor-version":[{"id":7383,"href":"https:\/\/rayuelakids.com\/es\/wp-json\/wp\/v2\/product\/5148\/revisions\/7383"}],"wp:featuredmedia":[{"embeddable":true,"href":"https:\/\/rayuelakids.com\/es\/wp-json\/wp\/v2\/media\/7382"}],"wp:attachment":[{"href":"https:\/\/rayuelakids.com\/es\/wp-json\/wp\/v2\/media?parent=5148"}],"wp:term":[{"taxonomy":"product_brand","embeddable":true,"href":"https:\/\/rayuelakids.com\/es\/wp-json\/wp\/v2\/product_brand?post=5148"},{"taxonomy":"product_cat","embeddable":true,"href":"https:\/\/rayuelakids.com\/es\/wp-json\/wp\/v2\/product_cat?post=5148"},{"taxonomy":"product_tag","embeddable":true,"href":"https:\/\/rayuelakids.com\/es\/wp-json\/wp\/v2\/product_tag?post=5148"}],"curies":[{"name":"wp","href":"https:\/\/api.w.org\/{rel}","templated":true}]}}