{"id":8402,"date":"2024-10-22T16:03:03","date_gmt":"2024-10-22T16:03:03","guid":{"rendered":"https:\/\/www.rayuelakids.com\/es\/?post_type=product&#038;p=8402"},"modified":"2024-10-22T16:06:43","modified_gmt":"2024-10-22T16:06:43","slug":"jumper-de-navidad-mar94","status":"publish","type":"product","link":"https:\/\/rayuelakids.com\/es\/producto\/jumper-de-navidad-mar94\/","title":{"rendered":"Jumper de Navidad. Mar94"},"content":{"rendered":"<p>\ud83c\udf84\u2728 \u00a1Edici\u00f3n limitada de nuestra colecci\u00f3n especial de Navidad! \u2728\ud83c\udf84<\/p>\n<p>Este encantador jumper con camisa para beb\u00e9s es parte de nuestra colecci\u00f3n navide\u00f1a en edici\u00f3n limitada. Disponible en tallas de 3 a 36 meses, este conjunto es perfecto para vestir a tu peque en las celebraciones de fin de a\u00f1o, fotos familiares o eventos especiales. El jumper de cuadros rojos y azules combina con una camisa blanca de cuello Peter Pan, creando un look cl\u00e1sico y festivo, ideal para la temporada.<\/p>\n<p>\ud83c\udf1f Caracter\u00edsticas:<\/p>\n<p>Materiales suaves y de alta calidad, perfectos para la delicada piel de tu beb\u00e9.<\/p>\n<p>Disponible en tallas de 3 a 36 meses.<\/p>\n<p>Dise\u00f1o exclusivo de Navidad, disponible por tiempo limitado.<\/p>\n<p>Ideal para sesiones de fotos, eventos navide\u00f1os o como el regalo perfecto en nuestras cajas de nacimiento.<\/p>\n<p>\ud83c\udf81 \u00a1No te quedes sin esta pieza especial de nuestra colecci\u00f3n navide\u00f1a!<\/p>\n<p>\ud83d\udc76\u2728 Viste a tu beb\u00e9 con el encanto y la elegancia de esta edici\u00f3n limitada. \u00a1Compra ahora antes de que se agoten!<\/p>\n<p>&#8212;<\/p>\n","protected":false},"excerpt":{"rendered":"<p>\ud83c\udf84\u2728 \u00a1Edici\u00f3n limitada de nuestra colecci\u00f3n especial de Navidad! \u2728\ud83c\udf84 Este encantador jumper con camisa para beb\u00e9s es parte de nuestra colecci\u00f3n navide\u00f1a en edici\u00f3n limitada. Disponible en tallas de 3 a 36 meses, este conjunto es perfecto para vestir a tu peque en las celebraciones de fin de a\u00f1o, fotos familiares o eventos especiales. El jumper de cuadros rojos y azules combina con una camisa blanca de cuello Peter Pan, creando un look cl\u00e1sico y festivo, ideal para la temporada. \ud83c\udf1f Caracter\u00edsticas: Materiales suaves y de alta calidad, perfectos para la delicada piel de tu beb\u00e9. Disponible en tallas de 3 a 36 meses. Dise\u00f1o exclusivo de Navidad, disponible por tiempo limitado. Ideal para sesiones de fotos, eventos navide\u00f1os o como el regalo perfecto en nuestras cajas de nacimiento. \ud83c\udf81 \u00a1No te quedes sin esta pieza especial de nuestra colecci\u00f3n navide\u00f1a! \ud83d\udc76\u2728 Viste a tu beb\u00e9 con el encanto y la elegancia de esta edici\u00f3n limitada. \u00a1Compra ahora antes de que se agoten! &#8212;<\/p>\n","protected":false},"featured_media":8401,"comment_status":"open","ping_status":"closed","template":"","meta":{"inline_featured_image":false,"_joinchat":[]},"product_brand":[],"product_cat":[54,125],"product_tag":[],"class_list":{"0":"post-8402","1":"product","2":"type-product","3":"status-publish","4":"has-post-thumbnail","6":"product_cat-ropas-para-ninos","7":"product_cat-coleccion-de-navidad-edicion-limitada","8":"pa_talla-18m","9":"pa_talla-36m","10":"pa_talla-24m","11":"pa_talla-3m","12":"pa_talla-6m","13":"pa_talla-12m","15":"first","16":"instock","17":"shipping-taxable","18":"purchasable","19":"product-type-variable"},"yoast_head":"<!-- This site is optimized with the Yoast SEO plugin v27.4 - https:\/\/yoast.com\/product\/yoast-seo-wordpress\/ -->\n<title>Jumper de Navidad. Mar94<\/title>\n<meta name=\"robots\" content=\"index, follow, max-snippet:-1, max-image-preview:large, max-video-preview:-1\" \/>\n<link rel=\"canonical\" href=\"https:\/\/rayuelakids.com\/es\/producto\/jumper-de-navidad-mar94\/\" \/>\n<meta property=\"og:locale\" content=\"es_ES\" \/>\n<meta property=\"og:type\" content=\"article\" \/>\n<meta property=\"og:title\" content=\"Jumper de Navidad. Mar94\" \/>\n<meta property=\"og:description\" content=\"\ud83c\udf84\u2728 \u00a1Edici\u00f3n limitada de nuestra colecci\u00f3n especial de Navidad! \u2728\ud83c\udf84 Este encantador jumper con camisa para beb\u00e9s es parte de nuestra colecci\u00f3n navide\u00f1a en edici\u00f3n limitada. Disponible en tallas de 3 a 36 meses, este conjunto es perfecto para vestir a tu peque en las celebraciones de fin de a\u00f1o, fotos familiares o eventos especiales. El jumper de cuadros rojos y azules combina con una camisa blanca de cuello Peter Pan, creando un look cl\u00e1sico y festivo, ideal para la temporada. \ud83c\udf1f Caracter\u00edsticas: Materiales suaves y de alta calidad, perfectos para la delicada piel de tu beb\u00e9. Disponible en tallas de 3 a 36 meses. Dise\u00f1o exclusivo de Navidad, disponible por tiempo limitado. Ideal para sesiones de fotos, eventos navide\u00f1os o como el regalo perfecto en nuestras cajas de nacimiento. \ud83c\udf81 \u00a1No te quedes sin esta pieza especial de nuestra colecci\u00f3n navide\u00f1a! \ud83d\udc76\u2728 Viste a tu beb\u00e9 con el encanto y la elegancia de esta edici\u00f3n limitada. \u00a1Compra ahora antes de que se agoten! &#8212;\" \/>\n<meta property=\"og:url\" content=\"https:\/\/rayuelakids.com\/es\/producto\/jumper-de-navidad-mar94\/\" \/>\n<meta property=\"article:publisher\" content=\"https:\/\/web.facebook.com\/rayuela\" \/>\n<meta property=\"article:modified_time\" content=\"2024-10-22T16:06:43+00:00\" \/>\n<meta property=\"og:image\" content=\"https:\/\/rayuelakids.com\/es\/wp-content\/uploads\/2024\/10\/1000616522-scaled.jpg\" \/>\n\t<meta property=\"og:image:width\" content=\"1920\" \/>\n\t<meta property=\"og:image:height\" content=\"2560\" \/>\n\t<meta property=\"og:image:type\" content=\"image\/jpeg\" \/>\n<meta name=\"twitter:card\" content=\"summary_large_image\" \/>\n<meta name=\"twitter:label1\" content=\"Tiempo de lectura\" \/>\n\t<meta name=\"twitter:data1\" content=\"1 minuto\" \/>\n<script type=\"application\/ld+json\" class=\"yoast-schema-graph\">{\"@context\":\"https:\\\/\\\/schema.org\",\"@graph\":[{\"@type\":\"WebPage\",\"@id\":\"https:\\\/\\\/rayuelakids.com\\\/es\\\/producto\\\/jumper-de-navidad-mar94\\\/\",\"url\":\"https:\\\/\\\/rayuelakids.com\\\/es\\\/producto\\\/jumper-de-navidad-mar94\\\/\",\"name\":\"Jumper de Navidad. Mar94\",\"isPartOf\":{\"@id\":\"https:\\\/\\\/rayuelakids.com\\\/es\\\/#website\"},\"primaryImageOfPage\":{\"@id\":\"https:\\\/\\\/rayuelakids.com\\\/es\\\/producto\\\/jumper-de-navidad-mar94\\\/#primaryimage\"},\"image\":{\"@id\":\"https:\\\/\\\/rayuelakids.com\\\/es\\\/producto\\\/jumper-de-navidad-mar94\\\/#primaryimage\"},\"thumbnailUrl\":\"https:\\\/\\\/rayuelakids.com\\\/es\\\/wp-content\\\/uploads\\\/2024\\\/10\\\/1000616522-scaled.jpg\",\"datePublished\":\"2024-10-22T16:03:03+00:00\",\"dateModified\":\"2024-10-22T16:06:43+00:00\",\"breadcrumb\":{\"@id\":\"https:\\\/\\\/rayuelakids.com\\\/es\\\/producto\\\/jumper-de-navidad-mar94\\\/#breadcrumb\"},\"inLanguage\":\"es\",\"potentialAction\":[{\"@type\":\"ReadAction\",\"target\":[\"https:\\\/\\\/rayuelakids.com\\\/es\\\/producto\\\/jumper-de-navidad-mar94\\\/\"]}]},{\"@type\":\"ImageObject\",\"inLanguage\":\"es\",\"@id\":\"https:\\\/\\\/rayuelakids.com\\\/es\\\/producto\\\/jumper-de-navidad-mar94\\\/#primaryimage\",\"url\":\"https:\\\/\\\/rayuelakids.com\\\/es\\\/wp-content\\\/uploads\\\/2024\\\/10\\\/1000616522-scaled.jpg\",\"contentUrl\":\"https:\\\/\\\/rayuelakids.com\\\/es\\\/wp-content\\\/uploads\\\/2024\\\/10\\\/1000616522-scaled.jpg\",\"width\":1920,\"height\":2560},{\"@type\":\"BreadcrumbList\",\"@id\":\"https:\\\/\\\/rayuelakids.com\\\/es\\\/producto\\\/jumper-de-navidad-mar94\\\/#breadcrumb\",\"itemListElement\":[{\"@type\":\"ListItem\",\"position\":1,\"name\":\"Portada\",\"item\":\"https:\\\/\\\/rayuelakids.com\\\/es\\\/\"},{\"@type\":\"ListItem\",\"position\":2,\"name\":\"Tienda\",\"item\":\"https:\\\/\\\/rayuelakids.com\\\/es\\\/tienda\\\/\"},{\"@type\":\"ListItem\",\"position\":3,\"name\":\"Jumper de Navidad. Mar94\"}]},{\"@type\":\"WebSite\",\"@id\":\"https:\\\/\\\/rayuelakids.com\\\/es\\\/#website\",\"url\":\"https:\\\/\\\/rayuelakids.com\\\/es\\\/\",\"name\":\"Rayuela Kids\",\"description\":\"Moda Infantil\",\"publisher\":{\"@id\":\"https:\\\/\\\/rayuelakids.com\\\/es\\\/#organization\"},\"alternateName\":\"RayuelaKids\",\"potentialAction\":[{\"@type\":\"SearchAction\",\"target\":{\"@type\":\"EntryPoint\",\"urlTemplate\":\"https:\\\/\\\/rayuelakids.com\\\/es\\\/?s={search_term_string}\"},\"query-input\":{\"@type\":\"PropertyValueSpecification\",\"valueRequired\":true,\"valueName\":\"search_term_string\"}}],\"inLanguage\":\"es\"},{\"@type\":\"Organization\",\"@id\":\"https:\\\/\\\/rayuelakids.com\\\/es\\\/#organization\",\"name\":\"Rayuela Kids\",\"url\":\"https:\\\/\\\/rayuelakids.com\\\/es\\\/\",\"logo\":{\"@type\":\"ImageObject\",\"inLanguage\":\"es\",\"@id\":\"https:\\\/\\\/rayuelakids.com\\\/es\\\/#\\\/schema\\\/logo\\\/image\\\/\",\"url\":\"https:\\\/\\\/rayuelakids.com\\\/es\\\/wp-content\\\/uploads\\\/2022\\\/03\\\/cropped-Rayulea-logo-version-horizontal-scaled-1-e1647744456320.jpg\",\"contentUrl\":\"https:\\\/\\\/rayuelakids.com\\\/es\\\/wp-content\\\/uploads\\\/2022\\\/03\\\/cropped-Rayulea-logo-version-horizontal-scaled-1-e1647744456320.jpg\",\"width\":800,\"height\":300,\"caption\":\"Rayuela Kids\"},\"image\":{\"@id\":\"https:\\\/\\\/rayuelakids.com\\\/es\\\/#\\\/schema\\\/logo\\\/image\\\/\"},\"sameAs\":[\"https:\\\/\\\/web.facebook.com\\\/rayuela\",\"https:\\\/\\\/www.instagram.com\\\/rayuelakids\\\/?hl=en\"]}]}<\/script>\n<!-- \/ Yoast SEO plugin. -->","yoast_head_json":{"title":"Jumper de Navidad. Mar94","robots":{"index":"index","follow":"follow","max-snippet":"max-snippet:-1","max-image-preview":"max-image-preview:large","max-video-preview":"max-video-preview:-1"},"canonical":"https:\/\/rayuelakids.com\/es\/producto\/jumper-de-navidad-mar94\/","og_locale":"es_ES","og_type":"article","og_title":"Jumper de Navidad. Mar94","og_description":"\ud83c\udf84\u2728 \u00a1Edici\u00f3n limitada de nuestra colecci\u00f3n especial de Navidad! \u2728\ud83c\udf84 Este encantador jumper con camisa para beb\u00e9s es parte de nuestra colecci\u00f3n navide\u00f1a en edici\u00f3n limitada. Disponible en tallas de 3 a 36 meses, este conjunto es perfecto para vestir a tu peque en las celebraciones de fin de a\u00f1o, fotos familiares o eventos especiales. El jumper de cuadros rojos y azules combina con una camisa blanca de cuello Peter Pan, creando un look cl\u00e1sico y festivo, ideal para la temporada. \ud83c\udf1f Caracter\u00edsticas: Materiales suaves y de alta calidad, perfectos para la delicada piel de tu beb\u00e9. Disponible en tallas de 3 a 36 meses. Dise\u00f1o exclusivo de Navidad, disponible por tiempo limitado. Ideal para sesiones de fotos, eventos navide\u00f1os o como el regalo perfecto en nuestras cajas de nacimiento. \ud83c\udf81 \u00a1No te quedes sin esta pieza especial de nuestra colecci\u00f3n navide\u00f1a! \ud83d\udc76\u2728 Viste a tu beb\u00e9 con el encanto y la elegancia de esta edici\u00f3n limitada. \u00a1Compra ahora antes de que se agoten! &#8212;","og_url":"https:\/\/rayuelakids.com\/es\/producto\/jumper-de-navidad-mar94\/","article_publisher":"https:\/\/web.facebook.com\/rayuela","article_modified_time":"2024-10-22T16:06:43+00:00","og_image":[{"width":1920,"height":2560,"url":"https:\/\/rayuelakids.com\/es\/wp-content\/uploads\/2024\/10\/1000616522-scaled.jpg","type":"image\/jpeg"}],"twitter_card":"summary_large_image","twitter_misc":{"Tiempo de lectura":"1 minuto"},"schema":{"@context":"https:\/\/schema.org","@graph":[{"@type":"WebPage","@id":"https:\/\/rayuelakids.com\/es\/producto\/jumper-de-navidad-mar94\/","url":"https:\/\/rayuelakids.com\/es\/producto\/jumper-de-navidad-mar94\/","name":"Jumper de Navidad. Mar94","isPartOf":{"@id":"https:\/\/rayuelakids.com\/es\/#website"},"primaryImageOfPage":{"@id":"https:\/\/rayuelakids.com\/es\/producto\/jumper-de-navidad-mar94\/#primaryimage"},"image":{"@id":"https:\/\/rayuelakids.com\/es\/producto\/jumper-de-navidad-mar94\/#primaryimage"},"thumbnailUrl":"https:\/\/rayuelakids.com\/es\/wp-content\/uploads\/2024\/10\/1000616522-scaled.jpg","datePublished":"2024-10-22T16:03:03+00:00","dateModified":"2024-10-22T16:06:43+00:00","breadcrumb":{"@id":"https:\/\/rayuelakids.com\/es\/producto\/jumper-de-navidad-mar94\/#breadcrumb"},"inLanguage":"es","potentialAction":[{"@type":"ReadAction","target":["https:\/\/rayuelakids.com\/es\/producto\/jumper-de-navidad-mar94\/"]}]},{"@type":"ImageObject","inLanguage":"es","@id":"https:\/\/rayuelakids.com\/es\/producto\/jumper-de-navidad-mar94\/#primaryimage","url":"https:\/\/rayuelakids.com\/es\/wp-content\/uploads\/2024\/10\/1000616522-scaled.jpg","contentUrl":"https:\/\/rayuelakids.com\/es\/wp-content\/uploads\/2024\/10\/1000616522-scaled.jpg","width":1920,"height":2560},{"@type":"BreadcrumbList","@id":"https:\/\/rayuelakids.com\/es\/producto\/jumper-de-navidad-mar94\/#breadcrumb","itemListElement":[{"@type":"ListItem","position":1,"name":"Portada","item":"https:\/\/rayuelakids.com\/es\/"},{"@type":"ListItem","position":2,"name":"Tienda","item":"https:\/\/rayuelakids.com\/es\/tienda\/"},{"@type":"ListItem","position":3,"name":"Jumper de Navidad. Mar94"}]},{"@type":"WebSite","@id":"https:\/\/rayuelakids.com\/es\/#website","url":"https:\/\/rayuelakids.com\/es\/","name":"Rayuela Kids","description":"Moda Infantil","publisher":{"@id":"https:\/\/rayuelakids.com\/es\/#organization"},"alternateName":"RayuelaKids","potentialAction":[{"@type":"SearchAction","target":{"@type":"EntryPoint","urlTemplate":"https:\/\/rayuelakids.com\/es\/?s={search_term_string}"},"query-input":{"@type":"PropertyValueSpecification","valueRequired":true,"valueName":"search_term_string"}}],"inLanguage":"es"},{"@type":"Organization","@id":"https:\/\/rayuelakids.com\/es\/#organization","name":"Rayuela Kids","url":"https:\/\/rayuelakids.com\/es\/","logo":{"@type":"ImageObject","inLanguage":"es","@id":"https:\/\/rayuelakids.com\/es\/#\/schema\/logo\/image\/","url":"https:\/\/rayuelakids.com\/es\/wp-content\/uploads\/2022\/03\/cropped-Rayulea-logo-version-horizontal-scaled-1-e1647744456320.jpg","contentUrl":"https:\/\/rayuelakids.com\/es\/wp-content\/uploads\/2022\/03\/cropped-Rayulea-logo-version-horizontal-scaled-1-e1647744456320.jpg","width":800,"height":300,"caption":"Rayuela Kids"},"image":{"@id":"https:\/\/rayuelakids.com\/es\/#\/schema\/logo\/image\/"},"sameAs":["https:\/\/web.facebook.com\/rayuela","https:\/\/www.instagram.com\/rayuelakids\/?hl=en"]}]}},"_links":{"self":[{"href":"https:\/\/rayuelakids.com\/es\/wp-json\/wp\/v2\/product\/8402","targetHints":{"allow":["GET"]}}],"collection":[{"href":"https:\/\/rayuelakids.com\/es\/wp-json\/wp\/v2\/product"}],"about":[{"href":"https:\/\/rayuelakids.com\/es\/wp-json\/wp\/v2\/types\/product"}],"replies":[{"embeddable":true,"href":"https:\/\/rayuelakids.com\/es\/wp-json\/wp\/v2\/comments?post=8402"}],"version-history":[{"count":1,"href":"https:\/\/rayuelakids.com\/es\/wp-json\/wp\/v2\/product\/8402\/revisions"}],"predecessor-version":[{"id":8409,"href":"https:\/\/rayuelakids.com\/es\/wp-json\/wp\/v2\/product\/8402\/revisions\/8409"}],"wp:featuredmedia":[{"embeddable":true,"href":"https:\/\/rayuelakids.com\/es\/wp-json\/wp\/v2\/media\/8401"}],"wp:attachment":[{"href":"https:\/\/rayuelakids.com\/es\/wp-json\/wp\/v2\/media?parent=8402"}],"wp:term":[{"taxonomy":"product_brand","embeddable":true,"href":"https:\/\/rayuelakids.com\/es\/wp-json\/wp\/v2\/product_brand?post=8402"},{"taxonomy":"product_cat","embeddable":true,"href":"https:\/\/rayuelakids.com\/es\/wp-json\/wp\/v2\/product_cat?post=8402"},{"taxonomy":"product_tag","embeddable":true,"href":"https:\/\/rayuelakids.com\/es\/wp-json\/wp\/v2\/product_tag?post=8402"}],"curies":[{"name":"wp","href":"https:\/\/api.w.org\/{rel}","templated":true}]}}