{"id":9447,"date":"2025-04-12T16:01:19","date_gmt":"2025-04-12T16:01:19","guid":{"rendered":"https:\/\/www.rayuelakids.com\/es\/producto\/runa-pink\/"},"modified":"2025-08-29T16:05:10","modified_gmt":"2025-08-29T16:05:10","slug":"runa-pink","status":"publish","type":"product","link":"https:\/\/rayuelakids.com\/es\/producto\/runa-pink\/","title":{"rendered":"Runa pink"},"content":{"rendered":"<p>Para la futura mam\u00e1&#8230;<\/p>\n<p>Descubre nuestras cajas de regalo de lujo para un reci\u00e9n llegado. Mima a una nueva mam\u00e1 con una caja de regalo premium que puede atesorar. Encuentre los elementos esenciales que cualquier nuevo beb\u00e9 necesitar\u00e1 para darle la bienvenida al mundo.<\/p>\n<p>Hermosa caja de regalo para bebe<br \/>\nSize:0-3m para bebes 6 a 10 libras<\/p>\n<p>Incluye:<\/p>\n<p>1 conjunto largo con su gorro de algod\u00f3n.<\/p>\n<p>100% hipoalerg\u00e9nico (abrigo,pantalon y gorro)<\/p>\n<p>1 manta tejida de dralon 100% hipoalerg\u00e9nico (modelo seg\u00fan disponibilidad)<\/p>\n<p>NO INCLUYE MU\u00d1ECA<\/p>\n<p>hecho en Portugal<\/p>\n","protected":false},"excerpt":{"rendered":"<p>Para la futura mam\u00e1&#8230; Descubre nuestras cajas de regalo de lujo para un reci\u00e9n llegado. Mima a una nueva mam\u00e1 con una caja de regalo premium que puede atesorar. Encuentre los elementos esenciales que cualquier nuevo beb\u00e9 necesitar\u00e1 para darle la bienvenida al mundo. Hermosa caja de regalo para bebe Size:0-3m para bebes 6 a 10 libras Incluye: 1 conjunto largo con su gorro de algod\u00f3n. 100% hipoalerg\u00e9nico (abrigo,pantalon y gorro) 1 manta tejida de dralon 100% hipoalerg\u00e9nico (modelo seg\u00fan disponibilidad) NO INCLUYE MU\u00d1ECA hecho en Portugal<\/p>\n","protected":false},"featured_media":9446,"comment_status":"open","ping_status":"closed","template":"","meta":{"inline_featured_image":false,"_joinchat":[]},"product_brand":[],"product_cat":[17,116],"product_tag":[],"class_list":{"0":"post-9447","1":"product","2":"type-product","3":"status-publish","4":"has-post-thumbnail","6":"product_cat-primera-puesta-ninas","7":"product_cat-caja-de-primera-puesta","9":"first","10":"instock","11":"shipping-taxable","12":"purchasable","13":"product-type-simple"},"yoast_head":"<!-- This site is optimized with the Yoast SEO plugin v27.4 - https:\/\/yoast.com\/product\/yoast-seo-wordpress\/ -->\n<title>Runa pink<\/title>\n<meta name=\"robots\" content=\"index, follow, max-snippet:-1, max-image-preview:large, max-video-preview:-1\" \/>\n<link rel=\"canonical\" href=\"https:\/\/rayuelakids.com\/es\/producto\/runa-pink\/\" \/>\n<meta property=\"og:locale\" content=\"es_ES\" \/>\n<meta property=\"og:type\" content=\"article\" \/>\n<meta property=\"og:title\" content=\"Runa pink\" \/>\n<meta property=\"og:description\" content=\"Para la futura mam\u00e1&#8230; Descubre nuestras cajas de regalo de lujo para un reci\u00e9n llegado. Mima a una nueva mam\u00e1 con una caja de regalo premium que puede atesorar. Encuentre los elementos esenciales que cualquier nuevo beb\u00e9 necesitar\u00e1 para darle la bienvenida al mundo. Hermosa caja de regalo para bebe Size:0-3m para bebes 6 a 10 libras Incluye: 1 conjunto largo con su gorro de algod\u00f3n. 100% hipoalerg\u00e9nico (abrigo,pantalon y gorro) 1 manta tejida de dralon 100% hipoalerg\u00e9nico (modelo seg\u00fan disponibilidad) NO INCLUYE MU\u00d1ECA hecho en Portugal\" \/>\n<meta property=\"og:url\" content=\"https:\/\/rayuelakids.com\/es\/producto\/runa-pink\/\" \/>\n<meta property=\"article:publisher\" content=\"https:\/\/web.facebook.com\/rayuela\" \/>\n<meta property=\"article:modified_time\" content=\"2025-08-29T16:05:10+00:00\" \/>\n<meta name=\"twitter:card\" content=\"summary_large_image\" \/>\n<script type=\"application\/ld+json\" class=\"yoast-schema-graph\">{\"@context\":\"https:\\\/\\\/schema.org\",\"@graph\":[{\"@type\":\"WebPage\",\"@id\":\"https:\\\/\\\/rayuelakids.com\\\/es\\\/producto\\\/runa-pink\\\/\",\"url\":\"https:\\\/\\\/rayuelakids.com\\\/es\\\/producto\\\/runa-pink\\\/\",\"name\":\"Runa pink\",\"isPartOf\":{\"@id\":\"https:\\\/\\\/rayuelakids.com\\\/es\\\/#website\"},\"primaryImageOfPage\":{\"@id\":\"https:\\\/\\\/rayuelakids.com\\\/es\\\/producto\\\/runa-pink\\\/#primaryimage\"},\"image\":{\"@id\":\"https:\\\/\\\/rayuelakids.com\\\/es\\\/producto\\\/runa-pink\\\/#primaryimage\"},\"thumbnailUrl\":\"https:\\\/\\\/rayuelakids.com\\\/es\\\/wp-content\\\/uploads\\\/2025\\\/04\\\/1000979002-scaled.jpg\",\"datePublished\":\"2025-04-12T16:01:19+00:00\",\"dateModified\":\"2025-08-29T16:05:10+00:00\",\"breadcrumb\":{\"@id\":\"https:\\\/\\\/rayuelakids.com\\\/es\\\/producto\\\/runa-pink\\\/#breadcrumb\"},\"inLanguage\":\"es\",\"potentialAction\":[{\"@type\":\"ReadAction\",\"target\":[\"https:\\\/\\\/rayuelakids.com\\\/es\\\/producto\\\/runa-pink\\\/\"]}]},{\"@type\":\"ImageObject\",\"inLanguage\":\"es\",\"@id\":\"https:\\\/\\\/rayuelakids.com\\\/es\\\/producto\\\/runa-pink\\\/#primaryimage\",\"url\":\"https:\\\/\\\/rayuelakids.com\\\/es\\\/wp-content\\\/uploads\\\/2025\\\/04\\\/1000979002-scaled.jpg\",\"contentUrl\":\"https:\\\/\\\/rayuelakids.com\\\/es\\\/wp-content\\\/uploads\\\/2025\\\/04\\\/1000979002-scaled.jpg\",\"width\":1821,\"height\":2560},{\"@type\":\"BreadcrumbList\",\"@id\":\"https:\\\/\\\/rayuelakids.com\\\/es\\\/producto\\\/runa-pink\\\/#breadcrumb\",\"itemListElement\":[{\"@type\":\"ListItem\",\"position\":1,\"name\":\"Portada\",\"item\":\"https:\\\/\\\/rayuelakids.com\\\/es\\\/\"},{\"@type\":\"ListItem\",\"position\":2,\"name\":\"Tienda\",\"item\":\"https:\\\/\\\/rayuelakids.com\\\/es\\\/tienda\\\/\"},{\"@type\":\"ListItem\",\"position\":3,\"name\":\"Runa pink\"}]},{\"@type\":\"WebSite\",\"@id\":\"https:\\\/\\\/rayuelakids.com\\\/es\\\/#website\",\"url\":\"https:\\\/\\\/rayuelakids.com\\\/es\\\/\",\"name\":\"Rayuela Kids\",\"description\":\"Moda Infantil\",\"publisher\":{\"@id\":\"https:\\\/\\\/rayuelakids.com\\\/es\\\/#organization\"},\"alternateName\":\"RayuelaKids\",\"potentialAction\":[{\"@type\":\"SearchAction\",\"target\":{\"@type\":\"EntryPoint\",\"urlTemplate\":\"https:\\\/\\\/rayuelakids.com\\\/es\\\/?s={search_term_string}\"},\"query-input\":{\"@type\":\"PropertyValueSpecification\",\"valueRequired\":true,\"valueName\":\"search_term_string\"}}],\"inLanguage\":\"es\"},{\"@type\":\"Organization\",\"@id\":\"https:\\\/\\\/rayuelakids.com\\\/es\\\/#organization\",\"name\":\"Rayuela Kids\",\"url\":\"https:\\\/\\\/rayuelakids.com\\\/es\\\/\",\"logo\":{\"@type\":\"ImageObject\",\"inLanguage\":\"es\",\"@id\":\"https:\\\/\\\/rayuelakids.com\\\/es\\\/#\\\/schema\\\/logo\\\/image\\\/\",\"url\":\"https:\\\/\\\/rayuelakids.com\\\/es\\\/wp-content\\\/uploads\\\/2022\\\/03\\\/cropped-Rayulea-logo-version-horizontal-scaled-1-e1647744456320.jpg\",\"contentUrl\":\"https:\\\/\\\/rayuelakids.com\\\/es\\\/wp-content\\\/uploads\\\/2022\\\/03\\\/cropped-Rayulea-logo-version-horizontal-scaled-1-e1647744456320.jpg\",\"width\":800,\"height\":300,\"caption\":\"Rayuela Kids\"},\"image\":{\"@id\":\"https:\\\/\\\/rayuelakids.com\\\/es\\\/#\\\/schema\\\/logo\\\/image\\\/\"},\"sameAs\":[\"https:\\\/\\\/web.facebook.com\\\/rayuela\",\"https:\\\/\\\/www.instagram.com\\\/rayuelakids\\\/?hl=en\"]}]}<\/script>\n<!-- \/ Yoast SEO plugin. -->","yoast_head_json":{"title":"Runa pink","robots":{"index":"index","follow":"follow","max-snippet":"max-snippet:-1","max-image-preview":"max-image-preview:large","max-video-preview":"max-video-preview:-1"},"canonical":"https:\/\/rayuelakids.com\/es\/producto\/runa-pink\/","og_locale":"es_ES","og_type":"article","og_title":"Runa pink","og_description":"Para la futura mam\u00e1&#8230; Descubre nuestras cajas de regalo de lujo para un reci\u00e9n llegado. Mima a una nueva mam\u00e1 con una caja de regalo premium que puede atesorar. Encuentre los elementos esenciales que cualquier nuevo beb\u00e9 necesitar\u00e1 para darle la bienvenida al mundo. Hermosa caja de regalo para bebe Size:0-3m para bebes 6 a 10 libras Incluye: 1 conjunto largo con su gorro de algod\u00f3n. 100% hipoalerg\u00e9nico (abrigo,pantalon y gorro) 1 manta tejida de dralon 100% hipoalerg\u00e9nico (modelo seg\u00fan disponibilidad) NO INCLUYE MU\u00d1ECA hecho en Portugal","og_url":"https:\/\/rayuelakids.com\/es\/producto\/runa-pink\/","article_publisher":"https:\/\/web.facebook.com\/rayuela","article_modified_time":"2025-08-29T16:05:10+00:00","twitter_card":"summary_large_image","schema":{"@context":"https:\/\/schema.org","@graph":[{"@type":"WebPage","@id":"https:\/\/rayuelakids.com\/es\/producto\/runa-pink\/","url":"https:\/\/rayuelakids.com\/es\/producto\/runa-pink\/","name":"Runa pink","isPartOf":{"@id":"https:\/\/rayuelakids.com\/es\/#website"},"primaryImageOfPage":{"@id":"https:\/\/rayuelakids.com\/es\/producto\/runa-pink\/#primaryimage"},"image":{"@id":"https:\/\/rayuelakids.com\/es\/producto\/runa-pink\/#primaryimage"},"thumbnailUrl":"https:\/\/rayuelakids.com\/es\/wp-content\/uploads\/2025\/04\/1000979002-scaled.jpg","datePublished":"2025-04-12T16:01:19+00:00","dateModified":"2025-08-29T16:05:10+00:00","breadcrumb":{"@id":"https:\/\/rayuelakids.com\/es\/producto\/runa-pink\/#breadcrumb"},"inLanguage":"es","potentialAction":[{"@type":"ReadAction","target":["https:\/\/rayuelakids.com\/es\/producto\/runa-pink\/"]}]},{"@type":"ImageObject","inLanguage":"es","@id":"https:\/\/rayuelakids.com\/es\/producto\/runa-pink\/#primaryimage","url":"https:\/\/rayuelakids.com\/es\/wp-content\/uploads\/2025\/04\/1000979002-scaled.jpg","contentUrl":"https:\/\/rayuelakids.com\/es\/wp-content\/uploads\/2025\/04\/1000979002-scaled.jpg","width":1821,"height":2560},{"@type":"BreadcrumbList","@id":"https:\/\/rayuelakids.com\/es\/producto\/runa-pink\/#breadcrumb","itemListElement":[{"@type":"ListItem","position":1,"name":"Portada","item":"https:\/\/rayuelakids.com\/es\/"},{"@type":"ListItem","position":2,"name":"Tienda","item":"https:\/\/rayuelakids.com\/es\/tienda\/"},{"@type":"ListItem","position":3,"name":"Runa pink"}]},{"@type":"WebSite","@id":"https:\/\/rayuelakids.com\/es\/#website","url":"https:\/\/rayuelakids.com\/es\/","name":"Rayuela Kids","description":"Moda Infantil","publisher":{"@id":"https:\/\/rayuelakids.com\/es\/#organization"},"alternateName":"RayuelaKids","potentialAction":[{"@type":"SearchAction","target":{"@type":"EntryPoint","urlTemplate":"https:\/\/rayuelakids.com\/es\/?s={search_term_string}"},"query-input":{"@type":"PropertyValueSpecification","valueRequired":true,"valueName":"search_term_string"}}],"inLanguage":"es"},{"@type":"Organization","@id":"https:\/\/rayuelakids.com\/es\/#organization","name":"Rayuela Kids","url":"https:\/\/rayuelakids.com\/es\/","logo":{"@type":"ImageObject","inLanguage":"es","@id":"https:\/\/rayuelakids.com\/es\/#\/schema\/logo\/image\/","url":"https:\/\/rayuelakids.com\/es\/wp-content\/uploads\/2022\/03\/cropped-Rayulea-logo-version-horizontal-scaled-1-e1647744456320.jpg","contentUrl":"https:\/\/rayuelakids.com\/es\/wp-content\/uploads\/2022\/03\/cropped-Rayulea-logo-version-horizontal-scaled-1-e1647744456320.jpg","width":800,"height":300,"caption":"Rayuela Kids"},"image":{"@id":"https:\/\/rayuelakids.com\/es\/#\/schema\/logo\/image\/"},"sameAs":["https:\/\/web.facebook.com\/rayuela","https:\/\/www.instagram.com\/rayuelakids\/?hl=en"]}]}},"_links":{"self":[{"href":"https:\/\/rayuelakids.com\/es\/wp-json\/wp\/v2\/product\/9447","targetHints":{"allow":["GET"]}}],"collection":[{"href":"https:\/\/rayuelakids.com\/es\/wp-json\/wp\/v2\/product"}],"about":[{"href":"https:\/\/rayuelakids.com\/es\/wp-json\/wp\/v2\/types\/product"}],"replies":[{"embeddable":true,"href":"https:\/\/rayuelakids.com\/es\/wp-json\/wp\/v2\/comments?post=9447"}],"version-history":[{"count":0,"href":"https:\/\/rayuelakids.com\/es\/wp-json\/wp\/v2\/product\/9447\/revisions"}],"wp:featuredmedia":[{"embeddable":true,"href":"https:\/\/rayuelakids.com\/es\/wp-json\/wp\/v2\/media\/9446"}],"wp:attachment":[{"href":"https:\/\/rayuelakids.com\/es\/wp-json\/wp\/v2\/media?parent=9447"}],"wp:term":[{"taxonomy":"product_brand","embeddable":true,"href":"https:\/\/rayuelakids.com\/es\/wp-json\/wp\/v2\/product_brand?post=9447"},{"taxonomy":"product_cat","embeddable":true,"href":"https:\/\/rayuelakids.com\/es\/wp-json\/wp\/v2\/product_cat?post=9447"},{"taxonomy":"product_tag","embeddable":true,"href":"https:\/\/rayuelakids.com\/es\/wp-json\/wp\/v2\/product_tag?post=9447"}],"curies":[{"name":"wp","href":"https:\/\/api.w.org\/{rel}","templated":true}]}}