{"id":9630,"date":"2025-05-13T14:22:37","date_gmt":"2025-05-13T14:22:37","guid":{"rendered":"https:\/\/www.rayuelakids.com\/es\/?post_type=product&#038;p=9630"},"modified":"2026-03-03T05:37:15","modified_gmt":"2026-03-03T05:37:15","slug":"conejito-white-navy-deluxe__trashed-2","status":"publish","type":"product","link":"https:\/\/rayuelakids.com\/es\/producto\/conejito-white-navy-deluxe__trashed-2\/","title":{"rendered":"Conejito White Navy luxe"},"content":{"rendered":"<p style=\"margin:0px0px24px;padding:0px;font-family:\">Para la futura mam\u00e1&#8230;<\/p>\n<p>Descubre nuestras cajas de regalo de lujo para un reci\u00e9n llegado. Mima a una nueva mam\u00e1 con una caja de regalo premium que puede atesorar. Encuentre los elementos esenciales que cualquier nuevo beb\u00e9 necesitar\u00e1 para darle la bienvenida al mundo.<\/p>\n<p>Hermosa caja de regalo para bebe<\/p>\n<p style=\"margin:0px0px24px;padding:0px;font-family:\">Size:0-3m para bebes 6 a 8.5 libras<\/p>\n<p>Incluye:<\/p>\n<p>1 conjunto largo con su gorro de algod\u00f3n.<\/p>\n<p>100% hipoalerg\u00e9nico (abrigo,rumper,gorro)<\/p>\n<p>1 conjunto corto de 3 piezas con su gorro de algod\u00f3n 100% hipoalerg\u00e9nico (abrigo, romper y gorro)<\/p>\n<p>1 par de zapatos tejidos<\/p>\n<p>1 manta tejida de dralon 100% hipoalerg\u00e9nico<\/p>\n<p>(modelo de manta a disponibilidad)<\/p>\n<p>hecho en Portugal<\/p>\n<p>si desea agregar el bordado del nombre de la bebe en la manta favor agregar a su carrito el producto: personalizaci\u00f3n de manta.<\/p>\n<p>tiempo de entrega Con bordado es de 10 d\u00edas laborales<\/p>\n","protected":false},"excerpt":{"rendered":"<p>Para la futura mam\u00e1&#8230; Descubre nuestras cajas de regalo de lujo para un reci\u00e9n llegado. Mima a una nueva mam\u00e1 con una caja de regalo premium que puede atesorar. Encuentre los elementos esenciales que cualquier nuevo beb\u00e9 necesitar\u00e1 para darle la bienvenida al mundo. Hermosa caja de regalo para bebe Size:0-3m para bebes 6 a 8.5 libras Incluye: 1 conjunto largo con su gorro de algod\u00f3n. 100% hipoalerg\u00e9nico (abrigo,rumper,gorro) 1 conjunto corto de 3 piezas con su gorro de algod\u00f3n 100% hipoalerg\u00e9nico (abrigo, romper y gorro) 1 par de zapatos tejidos 1 manta tejida de dralon 100% hipoalerg\u00e9nico (modelo de manta a disponibilidad) hecho en Portugal si desea agregar el bordado del nombre de la bebe en la manta favor agregar a su carrito el producto: personalizaci\u00f3n de manta. tiempo de entrega Con bordado es de 10 d\u00edas laborales<\/p>\n","protected":false},"featured_media":9631,"comment_status":"open","ping_status":"closed","template":"","meta":{"inline_featured_image":false,"_joinchat":[]},"product_brand":[],"product_cat":[19,124,114],"product_tag":[],"class_list":{"0":"post-9630","1":"product","2":"type-product","3":"status-publish","4":"has-post-thumbnail","6":"product_cat-primera-puesta-ninos","7":"product_cat-los-mas-vendidos","8":"product_cat-cajas-de-nacimiento","10":"first","11":"instock","12":"shipping-taxable","13":"purchasable","14":"product-type-simple"},"yoast_head":"<!-- This site is optimized with the Yoast SEO plugin v27.4 - https:\/\/yoast.com\/product\/yoast-seo-wordpress\/ -->\n<title>Conejito White Navy luxe<\/title>\n<meta name=\"robots\" content=\"index, follow, max-snippet:-1, max-image-preview:large, max-video-preview:-1\" \/>\n<link rel=\"canonical\" href=\"https:\/\/rayuelakids.com\/es\/producto\/conejito-white-navy-deluxe__trashed-2\/\" \/>\n<meta property=\"og:locale\" content=\"es_ES\" \/>\n<meta property=\"og:type\" content=\"article\" \/>\n<meta property=\"og:title\" content=\"Conejito White Navy luxe\" \/>\n<meta property=\"og:description\" content=\"Para la futura mam\u00e1&#8230; Descubre nuestras cajas de regalo de lujo para un reci\u00e9n llegado. Mima a una nueva mam\u00e1 con una caja de regalo premium que puede atesorar. Encuentre los elementos esenciales que cualquier nuevo beb\u00e9 necesitar\u00e1 para darle la bienvenida al mundo. Hermosa caja de regalo para bebe Size:0-3m para bebes 6 a 8.5 libras Incluye: 1 conjunto largo con su gorro de algod\u00f3n. 100% hipoalerg\u00e9nico (abrigo,rumper,gorro) 1 conjunto corto de 3 piezas con su gorro de algod\u00f3n 100% hipoalerg\u00e9nico (abrigo, romper y gorro) 1 par de zapatos tejidos 1 manta tejida de dralon 100% hipoalerg\u00e9nico (modelo de manta a disponibilidad) hecho en Portugal si desea agregar el bordado del nombre de la bebe en la manta favor agregar a su carrito el producto: personalizaci\u00f3n de manta. tiempo de entrega Con bordado es de 10 d\u00edas laborales\" \/>\n<meta property=\"og:url\" content=\"https:\/\/rayuelakids.com\/es\/producto\/conejito-white-navy-deluxe__trashed-2\/\" \/>\n<meta property=\"article:publisher\" content=\"https:\/\/web.facebook.com\/rayuela\" \/>\n<meta property=\"article:modified_time\" content=\"2026-03-03T05:37:15+00:00\" \/>\n<meta property=\"og:image\" content=\"https:\/\/i0.wp.com\/www.rayuelakids.com\/es\/wp-content\/uploads\/2025\/05\/1001020224-scaled.jpg?fit=1920%2C2560&ssl=1\" \/>\n\t<meta property=\"og:image:width\" content=\"1920\" \/>\n\t<meta property=\"og:image:height\" content=\"2560\" \/>\n\t<meta property=\"og:image:type\" content=\"image\/jpeg\" \/>\n<meta name=\"twitter:card\" content=\"summary_large_image\" \/>\n<meta name=\"twitter:label1\" content=\"Tiempo de lectura\" \/>\n\t<meta name=\"twitter:data1\" content=\"1 minuto\" \/>\n<script type=\"application\/ld+json\" class=\"yoast-schema-graph\">{\"@context\":\"https:\\\/\\\/schema.org\",\"@graph\":[{\"@type\":\"WebPage\",\"@id\":\"https:\\\/\\\/rayuelakids.com\\\/es\\\/producto\\\/conejito-white-navy-deluxe__trashed-2\\\/\",\"url\":\"https:\\\/\\\/rayuelakids.com\\\/es\\\/producto\\\/conejito-white-navy-deluxe__trashed-2\\\/\",\"name\":\"Conejito White Navy luxe\",\"isPartOf\":{\"@id\":\"https:\\\/\\\/rayuelakids.com\\\/es\\\/#website\"},\"primaryImageOfPage\":{\"@id\":\"https:\\\/\\\/rayuelakids.com\\\/es\\\/producto\\\/conejito-white-navy-deluxe__trashed-2\\\/#primaryimage\"},\"image\":{\"@id\":\"https:\\\/\\\/rayuelakids.com\\\/es\\\/producto\\\/conejito-white-navy-deluxe__trashed-2\\\/#primaryimage\"},\"thumbnailUrl\":\"https:\\\/\\\/rayuelakids.com\\\/es\\\/wp-content\\\/uploads\\\/2025\\\/05\\\/1001020224-scaled.jpg\",\"datePublished\":\"2025-05-13T14:22:37+00:00\",\"dateModified\":\"2026-03-03T05:37:15+00:00\",\"breadcrumb\":{\"@id\":\"https:\\\/\\\/rayuelakids.com\\\/es\\\/producto\\\/conejito-white-navy-deluxe__trashed-2\\\/#breadcrumb\"},\"inLanguage\":\"es\",\"potentialAction\":[{\"@type\":\"ReadAction\",\"target\":[\"https:\\\/\\\/rayuelakids.com\\\/es\\\/producto\\\/conejito-white-navy-deluxe__trashed-2\\\/\"]}]},{\"@type\":\"ImageObject\",\"inLanguage\":\"es\",\"@id\":\"https:\\\/\\\/rayuelakids.com\\\/es\\\/producto\\\/conejito-white-navy-deluxe__trashed-2\\\/#primaryimage\",\"url\":\"https:\\\/\\\/rayuelakids.com\\\/es\\\/wp-content\\\/uploads\\\/2025\\\/05\\\/1001020224-scaled.jpg\",\"contentUrl\":\"https:\\\/\\\/rayuelakids.com\\\/es\\\/wp-content\\\/uploads\\\/2025\\\/05\\\/1001020224-scaled.jpg\",\"width\":1920,\"height\":2560},{\"@type\":\"BreadcrumbList\",\"@id\":\"https:\\\/\\\/rayuelakids.com\\\/es\\\/producto\\\/conejito-white-navy-deluxe__trashed-2\\\/#breadcrumb\",\"itemListElement\":[{\"@type\":\"ListItem\",\"position\":1,\"name\":\"Portada\",\"item\":\"https:\\\/\\\/rayuelakids.com\\\/es\\\/\"},{\"@type\":\"ListItem\",\"position\":2,\"name\":\"Tienda\",\"item\":\"https:\\\/\\\/rayuelakids.com\\\/es\\\/tienda\\\/\"},{\"@type\":\"ListItem\",\"position\":3,\"name\":\"Conejito White Navy luxe\"}]},{\"@type\":\"WebSite\",\"@id\":\"https:\\\/\\\/rayuelakids.com\\\/es\\\/#website\",\"url\":\"https:\\\/\\\/rayuelakids.com\\\/es\\\/\",\"name\":\"Rayuela Kids\",\"description\":\"Moda Infantil\",\"publisher\":{\"@id\":\"https:\\\/\\\/rayuelakids.com\\\/es\\\/#organization\"},\"alternateName\":\"RayuelaKids\",\"potentialAction\":[{\"@type\":\"SearchAction\",\"target\":{\"@type\":\"EntryPoint\",\"urlTemplate\":\"https:\\\/\\\/rayuelakids.com\\\/es\\\/?s={search_term_string}\"},\"query-input\":{\"@type\":\"PropertyValueSpecification\",\"valueRequired\":true,\"valueName\":\"search_term_string\"}}],\"inLanguage\":\"es\"},{\"@type\":\"Organization\",\"@id\":\"https:\\\/\\\/rayuelakids.com\\\/es\\\/#organization\",\"name\":\"Rayuela Kids\",\"url\":\"https:\\\/\\\/rayuelakids.com\\\/es\\\/\",\"logo\":{\"@type\":\"ImageObject\",\"inLanguage\":\"es\",\"@id\":\"https:\\\/\\\/rayuelakids.com\\\/es\\\/#\\\/schema\\\/logo\\\/image\\\/\",\"url\":\"https:\\\/\\\/rayuelakids.com\\\/es\\\/wp-content\\\/uploads\\\/2022\\\/03\\\/cropped-Rayulea-logo-version-horizontal-scaled-1-e1647744456320.jpg\",\"contentUrl\":\"https:\\\/\\\/rayuelakids.com\\\/es\\\/wp-content\\\/uploads\\\/2022\\\/03\\\/cropped-Rayulea-logo-version-horizontal-scaled-1-e1647744456320.jpg\",\"width\":800,\"height\":300,\"caption\":\"Rayuela Kids\"},\"image\":{\"@id\":\"https:\\\/\\\/rayuelakids.com\\\/es\\\/#\\\/schema\\\/logo\\\/image\\\/\"},\"sameAs\":[\"https:\\\/\\\/web.facebook.com\\\/rayuela\",\"https:\\\/\\\/www.instagram.com\\\/rayuelakids\\\/?hl=en\"]}]}<\/script>\n<!-- \/ Yoast SEO plugin. -->","yoast_head_json":{"title":"Conejito White Navy luxe","robots":{"index":"index","follow":"follow","max-snippet":"max-snippet:-1","max-image-preview":"max-image-preview:large","max-video-preview":"max-video-preview:-1"},"canonical":"https:\/\/rayuelakids.com\/es\/producto\/conejito-white-navy-deluxe__trashed-2\/","og_locale":"es_ES","og_type":"article","og_title":"Conejito White Navy luxe","og_description":"Para la futura mam\u00e1&#8230; Descubre nuestras cajas de regalo de lujo para un reci\u00e9n llegado. Mima a una nueva mam\u00e1 con una caja de regalo premium que puede atesorar. Encuentre los elementos esenciales que cualquier nuevo beb\u00e9 necesitar\u00e1 para darle la bienvenida al mundo. Hermosa caja de regalo para bebe Size:0-3m para bebes 6 a 8.5 libras Incluye: 1 conjunto largo con su gorro de algod\u00f3n. 100% hipoalerg\u00e9nico (abrigo,rumper,gorro) 1 conjunto corto de 3 piezas con su gorro de algod\u00f3n 100% hipoalerg\u00e9nico (abrigo, romper y gorro) 1 par de zapatos tejidos 1 manta tejida de dralon 100% hipoalerg\u00e9nico (modelo de manta a disponibilidad) hecho en Portugal si desea agregar el bordado del nombre de la bebe en la manta favor agregar a su carrito el producto: personalizaci\u00f3n de manta. tiempo de entrega Con bordado es de 10 d\u00edas laborales","og_url":"https:\/\/rayuelakids.com\/es\/producto\/conejito-white-navy-deluxe__trashed-2\/","article_publisher":"https:\/\/web.facebook.com\/rayuela","article_modified_time":"2026-03-03T05:37:15+00:00","og_image":[{"width":1920,"height":2560,"url":"https:\/\/i0.wp.com\/www.rayuelakids.com\/es\/wp-content\/uploads\/2025\/05\/1001020224-scaled.jpg?fit=1920%2C2560&ssl=1","type":"image\/jpeg"}],"twitter_card":"summary_large_image","twitter_misc":{"Tiempo de lectura":"1 minuto"},"schema":{"@context":"https:\/\/schema.org","@graph":[{"@type":"WebPage","@id":"https:\/\/rayuelakids.com\/es\/producto\/conejito-white-navy-deluxe__trashed-2\/","url":"https:\/\/rayuelakids.com\/es\/producto\/conejito-white-navy-deluxe__trashed-2\/","name":"Conejito White Navy luxe","isPartOf":{"@id":"https:\/\/rayuelakids.com\/es\/#website"},"primaryImageOfPage":{"@id":"https:\/\/rayuelakids.com\/es\/producto\/conejito-white-navy-deluxe__trashed-2\/#primaryimage"},"image":{"@id":"https:\/\/rayuelakids.com\/es\/producto\/conejito-white-navy-deluxe__trashed-2\/#primaryimage"},"thumbnailUrl":"https:\/\/rayuelakids.com\/es\/wp-content\/uploads\/2025\/05\/1001020224-scaled.jpg","datePublished":"2025-05-13T14:22:37+00:00","dateModified":"2026-03-03T05:37:15+00:00","breadcrumb":{"@id":"https:\/\/rayuelakids.com\/es\/producto\/conejito-white-navy-deluxe__trashed-2\/#breadcrumb"},"inLanguage":"es","potentialAction":[{"@type":"ReadAction","target":["https:\/\/rayuelakids.com\/es\/producto\/conejito-white-navy-deluxe__trashed-2\/"]}]},{"@type":"ImageObject","inLanguage":"es","@id":"https:\/\/rayuelakids.com\/es\/producto\/conejito-white-navy-deluxe__trashed-2\/#primaryimage","url":"https:\/\/rayuelakids.com\/es\/wp-content\/uploads\/2025\/05\/1001020224-scaled.jpg","contentUrl":"https:\/\/rayuelakids.com\/es\/wp-content\/uploads\/2025\/05\/1001020224-scaled.jpg","width":1920,"height":2560},{"@type":"BreadcrumbList","@id":"https:\/\/rayuelakids.com\/es\/producto\/conejito-white-navy-deluxe__trashed-2\/#breadcrumb","itemListElement":[{"@type":"ListItem","position":1,"name":"Portada","item":"https:\/\/rayuelakids.com\/es\/"},{"@type":"ListItem","position":2,"name":"Tienda","item":"https:\/\/rayuelakids.com\/es\/tienda\/"},{"@type":"ListItem","position":3,"name":"Conejito White Navy luxe"}]},{"@type":"WebSite","@id":"https:\/\/rayuelakids.com\/es\/#website","url":"https:\/\/rayuelakids.com\/es\/","name":"Rayuela Kids","description":"Moda Infantil","publisher":{"@id":"https:\/\/rayuelakids.com\/es\/#organization"},"alternateName":"RayuelaKids","potentialAction":[{"@type":"SearchAction","target":{"@type":"EntryPoint","urlTemplate":"https:\/\/rayuelakids.com\/es\/?s={search_term_string}"},"query-input":{"@type":"PropertyValueSpecification","valueRequired":true,"valueName":"search_term_string"}}],"inLanguage":"es"},{"@type":"Organization","@id":"https:\/\/rayuelakids.com\/es\/#organization","name":"Rayuela Kids","url":"https:\/\/rayuelakids.com\/es\/","logo":{"@type":"ImageObject","inLanguage":"es","@id":"https:\/\/rayuelakids.com\/es\/#\/schema\/logo\/image\/","url":"https:\/\/rayuelakids.com\/es\/wp-content\/uploads\/2022\/03\/cropped-Rayulea-logo-version-horizontal-scaled-1-e1647744456320.jpg","contentUrl":"https:\/\/rayuelakids.com\/es\/wp-content\/uploads\/2022\/03\/cropped-Rayulea-logo-version-horizontal-scaled-1-e1647744456320.jpg","width":800,"height":300,"caption":"Rayuela Kids"},"image":{"@id":"https:\/\/rayuelakids.com\/es\/#\/schema\/logo\/image\/"},"sameAs":["https:\/\/web.facebook.com\/rayuela","https:\/\/www.instagram.com\/rayuelakids\/?hl=en"]}]}},"_links":{"self":[{"href":"https:\/\/rayuelakids.com\/es\/wp-json\/wp\/v2\/product\/9630","targetHints":{"allow":["GET"]}}],"collection":[{"href":"https:\/\/rayuelakids.com\/es\/wp-json\/wp\/v2\/product"}],"about":[{"href":"https:\/\/rayuelakids.com\/es\/wp-json\/wp\/v2\/types\/product"}],"replies":[{"embeddable":true,"href":"https:\/\/rayuelakids.com\/es\/wp-json\/wp\/v2\/comments?post=9630"}],"version-history":[{"count":2,"href":"https:\/\/rayuelakids.com\/es\/wp-json\/wp\/v2\/product\/9630\/revisions"}],"predecessor-version":[{"id":10670,"href":"https:\/\/rayuelakids.com\/es\/wp-json\/wp\/v2\/product\/9630\/revisions\/10670"}],"wp:featuredmedia":[{"embeddable":true,"href":"https:\/\/rayuelakids.com\/es\/wp-json\/wp\/v2\/media\/9631"}],"wp:attachment":[{"href":"https:\/\/rayuelakids.com\/es\/wp-json\/wp\/v2\/media?parent=9630"}],"wp:term":[{"taxonomy":"product_brand","embeddable":true,"href":"https:\/\/rayuelakids.com\/es\/wp-json\/wp\/v2\/product_brand?post=9630"},{"taxonomy":"product_cat","embeddable":true,"href":"https:\/\/rayuelakids.com\/es\/wp-json\/wp\/v2\/product_cat?post=9630"},{"taxonomy":"product_tag","embeddable":true,"href":"https:\/\/rayuelakids.com\/es\/wp-json\/wp\/v2\/product_tag?post=9630"}],"curies":[{"name":"wp","href":"https:\/\/api.w.org\/{rel}","templated":true}]}}